{"id":27583,"date":"2025-02-04T09:14:09","date_gmt":"2025-02-04T08:14:09","guid":{"rendered":"https:\/\/zemaljskimuzej.ba\/?page_id=27583"},"modified":"2025-06-12T15:54:43","modified_gmt":"2025-06-12T15:54:43","slug":"information-for-visitors","status":"publish","type":"page","link":"https:\/\/zemaljskimuzej.ba\/en\/information-for-visitors\/","title":{"rendered":"Visitors&#8217; information"},"content":{"rendered":"<p><strong>Opening hours<\/strong><br \/>\nAll collections on display:<\/p>\n<p>Tuesday \u2013 Friday: 10:00\u201319:00<br \/>\nSaturday \u2013 Sunday: 10:00\u201318:00<\/p>\n<p>The museum is closed on Mondays and the following holidays:<\/p>\n<p>New Year&#8217;s Day (January 1 and 2),<br \/>\nIndependence Day (March 1),<br \/>\nMay Day (May 1 and 2), and<br \/>\nStatehood Day (November 25).<\/p>\n<p>Library:<br \/>\nMonday \u2013 Friday: 11:00\u201314:00<\/p>\n<p>&nbsp;<\/p>\n<p><strong>Tickets<\/strong><\/p>\n<p>Preschool children do not pay the entrance fee<\/p>\n<p>Children and young people from 6 to 18 years: 2.00 BAM<\/p>\n<p>Students: 2.00 BAM (Citizens of Bosnia and Herzegovina; upon presentation of an index or other appropriate document) 10 BAM (International students)<\/p>\n<p>Local pensioners: 2.00 BAM (upon presentation of a pension check or other appropriate document)<\/p>\n<p>Adults: 20 BAM. Citizens of Bosnia and Herzegovina: 10 BAM (with presentation of ID card)<\/p>\n<p>Adults with discount included: 6 BAM (based on concluded contracts with travel agencies)<\/p>\n<p>Visit to the vault room with the original Sarajevo Haggadah: single price for less than 5 people 150 BAM or for 5 and more visitors 30 BAM per person.<\/p>\n<p>The visit is organized for a group of at least five people, so it is necessary to announce it at least three days in advance to the e-mail address tickets@zemaljskimuzej.ba.<\/p>\n<p>The price also includes a tour of the entire Museum, but without an expert guide.<\/p>\n<p>Expert group guide (up to 30 people): 100 BAM. Groups of citizens of Bosnia and Herzegovina: 50 BAM<\/p>\n<p>Organized expert guides are in Bosnian\/Serbian\/Croatian and English.<\/p>\n<p><strong>Address<\/strong><br \/>\nNational Museum of Bosnia and Herzegovina<br \/>\nZmaja od Bosne 3<br \/>\n71000 Sarajevo<br \/>\nBosnia and Herzegovina<\/p>\n<p><strong>How to get to the Museum<\/strong><br \/>\nThe National Museum of Bosnia and Herzegovina is located in the center of Sarajevo, next to the main road. The Museum can be reached by any tram line (depending on the direction, you can get off at the &#8220;Technical School&#8221; stop), as well as by city bus on the Ba\u0161\u010dar\u0161ija-Dobrinja route.<\/p>\n<p><strong>Contact<\/strong><br \/>\nPhone: + (387) 33\/586-330, + (387) 33\/586-348<br \/>\nFax: + (387) 33\/262-710<br \/>\nE-mail: tickets@zemaljskimuzej.ba<br \/>\nWebsite: http:\/\/www.zemaljskimuzej.ba<\/p>\n<p><strong>Photography<\/strong><br \/>\nPhotography is not allowed in some parts of the Museum. For more information, contact the curator.<\/p>\n<p><strong>Souvenirs<\/strong><br \/>\nIn the National Museum of Bosnia and Herzegovina, you can buy museum publications, catalogs, souvenirs and postcards.<\/p>\n","protected":false},"excerpt":{"rendered":"<p>Opening hours All collections on display: Tuesday \u2013 Friday: 10:00\u201319:00 Saturday \u2013 Sunday: 10:00\u201318:00 The museum is closed on Mondays and the following holidays: New Year&#8217;s Day (January 1 and 2), Independence Day (March 1), May Day (May 1 and 2), and Statehood Day (November 25). Library: Monday \u2013 Friday: 11:00\u201314:00 &nbsp; Tickets Preschool children &hellip; <a href=\"https:\/\/zemaljskimuzej.ba\/en\/information-for-visitors\/\">Find out more<\/a><\/p>\n","protected":false},"author":14,"featured_media":28288,"parent":0,"menu_order":6,"comment_status":"closed","ping_status":"closed","template":"","meta":{"footnotes":""},"section":[],"class_list":["post-27583","page","type-page","status-publish","has-post-thumbnail","hentry"],"yoast_head":"<!-- This site is optimized with the Yoast SEO plugin v27.3 - https:\/\/yoast.com\/product\/yoast-seo-wordpress\/ -->\n<title>Visitors&#039; information - Zemaljski muzej BiH<\/title>\n<meta name=\"robots\" content=\"index, follow, max-snippet:-1, max-image-preview:large, max-video-preview:-1\" \/>\n<link rel=\"canonical\" href=\"https:\/\/zemaljskimuzej.ba\/en\/information-for-visitors\/\" \/>\n<meta property=\"og:locale\" content=\"en_US\" \/>\n<meta property=\"og:type\" content=\"article\" \/>\n<meta property=\"og:title\" content=\"Visitors&#039; information - Zemaljski muzej BiH\" \/>\n<meta property=\"og:description\" content=\"Opening hours All collections on display: Tuesday \u2013 Friday: 10:00\u201319:00 Saturday \u2013 Sunday: 10:00\u201318:00 The museum is closed on Mondays and the following holidays: New Year&#8217;s Day (January 1 and 2), Independence Day (March 1), May Day (May 1 and 2), and Statehood Day (November 25). Library: Monday \u2013 Friday: 11:00\u201314:00 &nbsp; Tickets Preschool children &hellip; Find out more\" \/>\n<meta property=\"og:url\" content=\"https:\/\/zemaljskimuzej.ba\/en\/information-for-visitors\/\" \/>\n<meta property=\"og:site_name\" content=\"Zemaljski muzej BiH\" \/>\n<meta property=\"article:publisher\" content=\"https:\/\/www.facebook.com\/zemaljskimuzej\/\" \/>\n<meta property=\"article:modified_time\" content=\"2025-06-12T15:54:43+00:00\" \/>\n<meta property=\"og:image\" content=\"https:\/\/zemaljskimuzej.ba\/app\/uploads\/2025\/05\/Muzej-Boris-Jovanovic-2-scaled.jpg\" \/>\n\t<meta property=\"og:image:width\" content=\"2560\" \/>\n\t<meta property=\"og:image:height\" content=\"1440\" \/>\n\t<meta property=\"og:image:type\" content=\"image\/jpeg\" \/>\n<meta name=\"twitter:card\" content=\"summary_large_image\" \/>\n<meta name=\"twitter:site\" content=\"@Zemaljskimuzej\" \/>\n<meta name=\"twitter:label1\" content=\"Est. reading time\" \/>\n\t<meta name=\"twitter:data1\" content=\"2 minutes\" \/>\n<script type=\"application\/ld+json\" class=\"yoast-schema-graph\">{\"@context\":\"https:\\\/\\\/schema.org\",\"@graph\":[{\"@type\":\"WebPage\",\"@id\":\"https:\\\/\\\/zemaljskimuzej.ba\\\/en\\\/information-for-visitors\\\/\",\"url\":\"https:\\\/\\\/zemaljskimuzej.ba\\\/en\\\/information-for-visitors\\\/\",\"name\":\"Visitors' information - Zemaljski muzej BiH\",\"isPartOf\":{\"@id\":\"https:\\\/\\\/zemaljskimuzej.ba\\\/en\\\/#website\"},\"primaryImageOfPage\":{\"@id\":\"https:\\\/\\\/zemaljskimuzej.ba\\\/en\\\/information-for-visitors\\\/#primaryimage\"},\"image\":{\"@id\":\"https:\\\/\\\/zemaljskimuzej.ba\\\/en\\\/information-for-visitors\\\/#primaryimage\"},\"thumbnailUrl\":\"https:\\\/\\\/zemaljskimuzej.ba\\\/app\\\/uploads\\\/2025\\\/05\\\/Muzej-Boris-Jovanovic-2-scaled.jpg\",\"datePublished\":\"2025-02-04T08:14:09+00:00\",\"dateModified\":\"2025-06-12T15:54:43+00:00\",\"breadcrumb\":{\"@id\":\"https:\\\/\\\/zemaljskimuzej.ba\\\/en\\\/information-for-visitors\\\/#breadcrumb\"},\"inLanguage\":\"en-US\",\"potentialAction\":[{\"@type\":\"ReadAction\",\"target\":[\"https:\\\/\\\/zemaljskimuzej.ba\\\/en\\\/information-for-visitors\\\/\"]}]},{\"@type\":\"ImageObject\",\"inLanguage\":\"en-US\",\"@id\":\"https:\\\/\\\/zemaljskimuzej.ba\\\/en\\\/information-for-visitors\\\/#primaryimage\",\"url\":\"https:\\\/\\\/zemaljskimuzej.ba\\\/app\\\/uploads\\\/2025\\\/05\\\/Muzej-Boris-Jovanovic-2-scaled.jpg\",\"contentUrl\":\"https:\\\/\\\/zemaljskimuzej.ba\\\/app\\\/uploads\\\/2025\\\/05\\\/Muzej-Boris-Jovanovic-2-scaled.jpg\",\"width\":2560,\"height\":1440,\"caption\":\"Zemaljski muzej BiH\"},{\"@type\":\"BreadcrumbList\",\"@id\":\"https:\\\/\\\/zemaljskimuzej.ba\\\/en\\\/information-for-visitors\\\/#breadcrumb\",\"itemListElement\":[{\"@type\":\"ListItem\",\"position\":1,\"name\":\"Home\",\"item\":\"https:\\\/\\\/zemaljskimuzej.ba\\\/en\\\/\"},{\"@type\":\"ListItem\",\"position\":2,\"name\":\"Visitors&#8217; information\"}]},{\"@type\":\"WebSite\",\"@id\":\"https:\\\/\\\/zemaljskimuzej.ba\\\/en\\\/#website\",\"url\":\"https:\\\/\\\/zemaljskimuzej.ba\\\/en\\\/\",\"name\":\"Zemaljski muzej BiH\",\"description\":\"\",\"publisher\":{\"@id\":\"https:\\\/\\\/zemaljskimuzej.ba\\\/en\\\/#organization\"},\"potentialAction\":[{\"@type\":\"SearchAction\",\"target\":{\"@type\":\"EntryPoint\",\"urlTemplate\":\"https:\\\/\\\/zemaljskimuzej.ba\\\/en\\\/?s={search_term_string}\"},\"query-input\":{\"@type\":\"PropertyValueSpecification\",\"valueRequired\":true,\"valueName\":\"search_term_string\"}}],\"inLanguage\":\"en-US\"},{\"@type\":\"Organization\",\"@id\":\"https:\\\/\\\/zemaljskimuzej.ba\\\/en\\\/#organization\",\"name\":\"Zemaljski muzej BiH\",\"url\":\"https:\\\/\\\/zemaljskimuzej.ba\\\/en\\\/\",\"logo\":{\"@type\":\"ImageObject\",\"inLanguage\":\"en-US\",\"@id\":\"https:\\\/\\\/zemaljskimuzej.ba\\\/en\\\/#\\\/schema\\\/logo\\\/image\\\/\",\"url\":\"https:\\\/\\\/zemaljskimuzej.ba\\\/app\\\/uploads\\\/2025\\\/08\\\/zmbih-logo.png\",\"contentUrl\":\"https:\\\/\\\/zemaljskimuzej.ba\\\/app\\\/uploads\\\/2025\\\/08\\\/zmbih-logo.png\",\"width\":256,\"height\":256,\"caption\":\"Zemaljski muzej BiH\"},\"image\":{\"@id\":\"https:\\\/\\\/zemaljskimuzej.ba\\\/en\\\/#\\\/schema\\\/logo\\\/image\\\/\"},\"sameAs\":[\"https:\\\/\\\/www.facebook.com\\\/zemaljskimuzej\\\/\",\"https:\\\/\\\/x.com\\\/Zemaljskimuzej\",\"https:\\\/\\\/www.instagram.com\\\/zemaljskimuzej_bih\\\/\",\"https:\\\/\\\/www.youtube.com\\\/channel\\\/UCK-JP1rHT4wJ7MOyVcduoIg\",\"https:\\\/\\\/www.tiktok.com\\\/@zemaljskimuzejbih\"]}]}<\/script>\n<!-- \/ Yoast SEO plugin. -->","yoast_head_json":{"title":"Visitors' information - Zemaljski muzej BiH","robots":{"index":"index","follow":"follow","max-snippet":"max-snippet:-1","max-image-preview":"max-image-preview:large","max-video-preview":"max-video-preview:-1"},"canonical":"https:\/\/zemaljskimuzej.ba\/en\/information-for-visitors\/","og_locale":"en_US","og_type":"article","og_title":"Visitors' information - Zemaljski muzej BiH","og_description":"Opening hours All collections on display: Tuesday \u2013 Friday: 10:00\u201319:00 Saturday \u2013 Sunday: 10:00\u201318:00 The museum is closed on Mondays and the following holidays: New Year&#8217;s Day (January 1 and 2), Independence Day (March 1), May Day (May 1 and 2), and Statehood Day (November 25). Library: Monday \u2013 Friday: 11:00\u201314:00 &nbsp; Tickets Preschool children &hellip; Find out more","og_url":"https:\/\/zemaljskimuzej.ba\/en\/information-for-visitors\/","og_site_name":"Zemaljski muzej BiH","article_publisher":"https:\/\/www.facebook.com\/zemaljskimuzej\/","article_modified_time":"2025-06-12T15:54:43+00:00","og_image":[{"width":2560,"height":1440,"url":"https:\/\/zemaljskimuzej.ba\/app\/uploads\/2025\/05\/Muzej-Boris-Jovanovic-2-scaled.jpg","type":"image\/jpeg"}],"twitter_card":"summary_large_image","twitter_site":"@Zemaljskimuzej","twitter_misc":{"Est. reading time":"2 minutes"},"schema":{"@context":"https:\/\/schema.org","@graph":[{"@type":"WebPage","@id":"https:\/\/zemaljskimuzej.ba\/en\/information-for-visitors\/","url":"https:\/\/zemaljskimuzej.ba\/en\/information-for-visitors\/","name":"Visitors' information - Zemaljski muzej BiH","isPartOf":{"@id":"https:\/\/zemaljskimuzej.ba\/en\/#website"},"primaryImageOfPage":{"@id":"https:\/\/zemaljskimuzej.ba\/en\/information-for-visitors\/#primaryimage"},"image":{"@id":"https:\/\/zemaljskimuzej.ba\/en\/information-for-visitors\/#primaryimage"},"thumbnailUrl":"https:\/\/zemaljskimuzej.ba\/app\/uploads\/2025\/05\/Muzej-Boris-Jovanovic-2-scaled.jpg","datePublished":"2025-02-04T08:14:09+00:00","dateModified":"2025-06-12T15:54:43+00:00","breadcrumb":{"@id":"https:\/\/zemaljskimuzej.ba\/en\/information-for-visitors\/#breadcrumb"},"inLanguage":"en-US","potentialAction":[{"@type":"ReadAction","target":["https:\/\/zemaljskimuzej.ba\/en\/information-for-visitors\/"]}]},{"@type":"ImageObject","inLanguage":"en-US","@id":"https:\/\/zemaljskimuzej.ba\/en\/information-for-visitors\/#primaryimage","url":"https:\/\/zemaljskimuzej.ba\/app\/uploads\/2025\/05\/Muzej-Boris-Jovanovic-2-scaled.jpg","contentUrl":"https:\/\/zemaljskimuzej.ba\/app\/uploads\/2025\/05\/Muzej-Boris-Jovanovic-2-scaled.jpg","width":2560,"height":1440,"caption":"Zemaljski muzej BiH"},{"@type":"BreadcrumbList","@id":"https:\/\/zemaljskimuzej.ba\/en\/information-for-visitors\/#breadcrumb","itemListElement":[{"@type":"ListItem","position":1,"name":"Home","item":"https:\/\/zemaljskimuzej.ba\/en\/"},{"@type":"ListItem","position":2,"name":"Visitors&#8217; information"}]},{"@type":"WebSite","@id":"https:\/\/zemaljskimuzej.ba\/en\/#website","url":"https:\/\/zemaljskimuzej.ba\/en\/","name":"Zemaljski muzej BiH","description":"","publisher":{"@id":"https:\/\/zemaljskimuzej.ba\/en\/#organization"},"potentialAction":[{"@type":"SearchAction","target":{"@type":"EntryPoint","urlTemplate":"https:\/\/zemaljskimuzej.ba\/en\/?s={search_term_string}"},"query-input":{"@type":"PropertyValueSpecification","valueRequired":true,"valueName":"search_term_string"}}],"inLanguage":"en-US"},{"@type":"Organization","@id":"https:\/\/zemaljskimuzej.ba\/en\/#organization","name":"Zemaljski muzej BiH","url":"https:\/\/zemaljskimuzej.ba\/en\/","logo":{"@type":"ImageObject","inLanguage":"en-US","@id":"https:\/\/zemaljskimuzej.ba\/en\/#\/schema\/logo\/image\/","url":"https:\/\/zemaljskimuzej.ba\/app\/uploads\/2025\/08\/zmbih-logo.png","contentUrl":"https:\/\/zemaljskimuzej.ba\/app\/uploads\/2025\/08\/zmbih-logo.png","width":256,"height":256,"caption":"Zemaljski muzej BiH"},"image":{"@id":"https:\/\/zemaljskimuzej.ba\/en\/#\/schema\/logo\/image\/"},"sameAs":["https:\/\/www.facebook.com\/zemaljskimuzej\/","https:\/\/x.com\/Zemaljskimuzej","https:\/\/www.instagram.com\/zemaljskimuzej_bih\/","https:\/\/www.youtube.com\/channel\/UCK-JP1rHT4wJ7MOyVcduoIg","https:\/\/www.tiktok.com\/@zemaljskimuzejbih"]}]}},"_links":{"self":[{"href":"https:\/\/zemaljskimuzej.ba\/en\/wp-json\/wp\/v2\/pages\/27583","targetHints":{"allow":["GET"]}}],"collection":[{"href":"https:\/\/zemaljskimuzej.ba\/en\/wp-json\/wp\/v2\/pages"}],"about":[{"href":"https:\/\/zemaljskimuzej.ba\/en\/wp-json\/wp\/v2\/types\/page"}],"author":[{"embeddable":true,"href":"https:\/\/zemaljskimuzej.ba\/en\/wp-json\/wp\/v2\/users\/14"}],"replies":[{"embeddable":true,"href":"https:\/\/zemaljskimuzej.ba\/en\/wp-json\/wp\/v2\/comments?post=27583"}],"version-history":[{"count":2,"href":"https:\/\/zemaljskimuzej.ba\/en\/wp-json\/wp\/v2\/pages\/27583\/revisions"}],"predecessor-version":[{"id":28486,"href":"https:\/\/zemaljskimuzej.ba\/en\/wp-json\/wp\/v2\/pages\/27583\/revisions\/28486"}],"wp:featuredmedia":[{"embeddable":true,"href":"https:\/\/zemaljskimuzej.ba\/en\/wp-json\/wp\/v2\/media\/28288"}],"wp:attachment":[{"href":"https:\/\/zemaljskimuzej.ba\/en\/wp-json\/wp\/v2\/media?parent=27583"}],"wp:term":[{"taxonomy":"section","embeddable":true,"href":"https:\/\/zemaljskimuzej.ba\/en\/wp-json\/wp\/v2\/section?post=27583"}],"curies":[{"name":"wp","href":"https:\/\/api.w.org\/{rel}","templated":true}]}}