{"id":27592,"date":"2025-02-04T09:14:10","date_gmt":"2025-02-04T09:14:10","guid":{"rendered":"https:\/\/zemaljskimuzej.ba\/?page_id=27592"},"modified":"2025-06-12T16:11:21","modified_gmt":"2025-06-12T16:11:21","slug":"how-to-find-us","status":"publish","type":"page","link":"https:\/\/zemaljskimuzej.ba\/en\/information-for-visitors\/how-to-find-us\/","title":{"rendered":"How to find us"},"content":{"rendered":"<p><strong>Address<\/strong><\/p>\n<p>Zmaja od Bosne 3<br \/>\n71000 Sarajevo<br \/>\nBosna i Hercegovina<\/p>\n<p>The National Museum of Bosnia and Herzegovina is located in the centre of Sarajevo, along the main road, at 3 Zmaja od Bosne Street.\u00a0It can be reached by all tram lines (\u201cTehni\u010dka \u0161kola\u201d stop), as well as by the Ba\u0161\u010dar\u0161ija\u2013Dobrinja bus line.<\/p>\n<p>&nbsp;<\/p>\n<p><iframe loading=\"lazy\" style=\"border-width: 0px; border-style: initial;\" src=\"https:\/\/www.google.com\/maps\/embed?pb=!1m18!1m12!1m3!1d2877.038741490019!2d18.400433914957908!3d43.85502567911495!2m3!1f0!2f0!3f0!3m2!1i1024!2i768!4f13.1!3m3!1m2!1s0x4758c9208cc03803%3A0x6fcc74f2b962e25c!2sThe+National+Museum+of+Bosnia+and+Herzegovina!5e0!3m2!1sen!2sba!4v1454182391066\" width=\"100%\" height=\"450\" frameborder=\"0\" allowfullscreen=\"allowfullscreen\"><\/iframe><\/p>\n","protected":false},"excerpt":{"rendered":"<p>Address Zmaja od Bosne 3 71000 Sarajevo Bosna i Hercegovina The National Museum of Bosnia and Herzegovina is located in the centre of Sarajevo, along the main road, at 3 Zmaja od Bosne Street.\u00a0It can be reached by all tram lines (\u201cTehni\u010dka \u0161kola\u201d stop), as well as by the Ba\u0161\u010dar\u0161ija\u2013Dobrinja bus line. &nbsp;<\/p>\n","protected":false},"author":14,"featured_media":28442,"parent":27583,"menu_order":2,"comment_status":"closed","ping_status":"closed","template":"","meta":{"footnotes":""},"section":[],"class_list":["post-27592","page","type-page","status-publish","has-post-thumbnail","hentry"],"yoast_head":"<!-- This site is optimized with the Yoast SEO plugin v27.3 - https:\/\/yoast.com\/product\/yoast-seo-wordpress\/ -->\n<title>How to find us - Zemaljski muzej BiH<\/title>\n<meta name=\"robots\" content=\"index, follow, max-snippet:-1, max-image-preview:large, max-video-preview:-1\" \/>\n<link rel=\"canonical\" href=\"https:\/\/zemaljskimuzej.ba\/en\/information-for-visitors\/how-to-find-us\/\" \/>\n<meta property=\"og:locale\" content=\"en_US\" \/>\n<meta property=\"og:type\" content=\"article\" \/>\n<meta property=\"og:title\" content=\"How to find us - Zemaljski muzej BiH\" \/>\n<meta property=\"og:description\" content=\"Address Zmaja od Bosne 3 71000 Sarajevo Bosna i Hercegovina The National Museum of Bosnia and Herzegovina is located in the centre of Sarajevo, along the main road, at 3 Zmaja od Bosne Street.\u00a0It can be reached by all tram lines (\u201cTehni\u010dka \u0161kola\u201d stop), as well as by the Ba\u0161\u010dar\u0161ija\u2013Dobrinja bus line. &nbsp;\" \/>\n<meta property=\"og:url\" content=\"https:\/\/zemaljskimuzej.ba\/en\/information-for-visitors\/how-to-find-us\/\" \/>\n<meta property=\"og:site_name\" content=\"Zemaljski muzej BiH\" \/>\n<meta property=\"article:publisher\" content=\"https:\/\/www.facebook.com\/zemaljskimuzej\/\" \/>\n<meta property=\"article:modified_time\" content=\"2025-06-12T16:11:21+00:00\" \/>\n<meta property=\"og:image\" content=\"https:\/\/zemaljskimuzej.ba\/app\/uploads\/2025\/06\/Muzej-Boris-Jovanovic-5-scaled.jpg\" \/>\n\t<meta property=\"og:image:width\" content=\"2560\" \/>\n\t<meta property=\"og:image:height\" content=\"1440\" \/>\n\t<meta property=\"og:image:type\" content=\"image\/jpeg\" \/>\n<meta name=\"twitter:card\" content=\"summary_large_image\" \/>\n<meta name=\"twitter:site\" content=\"@Zemaljskimuzej\" \/>\n<script type=\"application\/ld+json\" class=\"yoast-schema-graph\">{\"@context\":\"https:\\\/\\\/schema.org\",\"@graph\":[{\"@type\":\"WebPage\",\"@id\":\"https:\\\/\\\/zemaljskimuzej.ba\\\/en\\\/information-for-visitors\\\/how-to-find-us\\\/\",\"url\":\"https:\\\/\\\/zemaljskimuzej.ba\\\/en\\\/information-for-visitors\\\/how-to-find-us\\\/\",\"name\":\"How to find us - Zemaljski muzej BiH\",\"isPartOf\":{\"@id\":\"https:\\\/\\\/zemaljskimuzej.ba\\\/en\\\/#website\"},\"primaryImageOfPage\":{\"@id\":\"https:\\\/\\\/zemaljskimuzej.ba\\\/en\\\/information-for-visitors\\\/how-to-find-us\\\/#primaryimage\"},\"image\":{\"@id\":\"https:\\\/\\\/zemaljskimuzej.ba\\\/en\\\/information-for-visitors\\\/how-to-find-us\\\/#primaryimage\"},\"thumbnailUrl\":\"https:\\\/\\\/zemaljskimuzej.ba\\\/app\\\/uploads\\\/2025\\\/06\\\/Muzej-Boris-Jovanovic-5-scaled.jpg\",\"datePublished\":\"2025-02-04T09:14:10+00:00\",\"dateModified\":\"2025-06-12T16:11:21+00:00\",\"breadcrumb\":{\"@id\":\"https:\\\/\\\/zemaljskimuzej.ba\\\/en\\\/information-for-visitors\\\/how-to-find-us\\\/#breadcrumb\"},\"inLanguage\":\"en-US\",\"potentialAction\":[{\"@type\":\"ReadAction\",\"target\":[\"https:\\\/\\\/zemaljskimuzej.ba\\\/en\\\/information-for-visitors\\\/how-to-find-us\\\/\"]}]},{\"@type\":\"ImageObject\",\"inLanguage\":\"en-US\",\"@id\":\"https:\\\/\\\/zemaljskimuzej.ba\\\/en\\\/information-for-visitors\\\/how-to-find-us\\\/#primaryimage\",\"url\":\"https:\\\/\\\/zemaljskimuzej.ba\\\/app\\\/uploads\\\/2025\\\/06\\\/Muzej-Boris-Jovanovic-5-scaled.jpg\",\"contentUrl\":\"https:\\\/\\\/zemaljskimuzej.ba\\\/app\\\/uploads\\\/2025\\\/06\\\/Muzej-Boris-Jovanovic-5-scaled.jpg\",\"width\":2560,\"height\":1440,\"caption\":\"Zemaljski muzej BIH\"},{\"@type\":\"BreadcrumbList\",\"@id\":\"https:\\\/\\\/zemaljskimuzej.ba\\\/en\\\/information-for-visitors\\\/how-to-find-us\\\/#breadcrumb\",\"itemListElement\":[{\"@type\":\"ListItem\",\"position\":1,\"name\":\"Home\",\"item\":\"https:\\\/\\\/zemaljskimuzej.ba\\\/en\\\/\"},{\"@type\":\"ListItem\",\"position\":2,\"name\":\"Visitors&#8217; information\",\"item\":\"https:\\\/\\\/zemaljskimuzej.ba\\\/en\\\/information-for-visitors\\\/\"},{\"@type\":\"ListItem\",\"position\":3,\"name\":\"How to find us\"}]},{\"@type\":\"WebSite\",\"@id\":\"https:\\\/\\\/zemaljskimuzej.ba\\\/en\\\/#website\",\"url\":\"https:\\\/\\\/zemaljskimuzej.ba\\\/en\\\/\",\"name\":\"Zemaljski muzej BiH\",\"description\":\"\",\"publisher\":{\"@id\":\"https:\\\/\\\/zemaljskimuzej.ba\\\/en\\\/#organization\"},\"potentialAction\":[{\"@type\":\"SearchAction\",\"target\":{\"@type\":\"EntryPoint\",\"urlTemplate\":\"https:\\\/\\\/zemaljskimuzej.ba\\\/en\\\/?s={search_term_string}\"},\"query-input\":{\"@type\":\"PropertyValueSpecification\",\"valueRequired\":true,\"valueName\":\"search_term_string\"}}],\"inLanguage\":\"en-US\"},{\"@type\":\"Organization\",\"@id\":\"https:\\\/\\\/zemaljskimuzej.ba\\\/en\\\/#organization\",\"name\":\"Zemaljski muzej BiH\",\"url\":\"https:\\\/\\\/zemaljskimuzej.ba\\\/en\\\/\",\"logo\":{\"@type\":\"ImageObject\",\"inLanguage\":\"en-US\",\"@id\":\"https:\\\/\\\/zemaljskimuzej.ba\\\/en\\\/#\\\/schema\\\/logo\\\/image\\\/\",\"url\":\"https:\\\/\\\/zemaljskimuzej.ba\\\/app\\\/uploads\\\/2025\\\/08\\\/zmbih-logo.png\",\"contentUrl\":\"https:\\\/\\\/zemaljskimuzej.ba\\\/app\\\/uploads\\\/2025\\\/08\\\/zmbih-logo.png\",\"width\":256,\"height\":256,\"caption\":\"Zemaljski muzej BiH\"},\"image\":{\"@id\":\"https:\\\/\\\/zemaljskimuzej.ba\\\/en\\\/#\\\/schema\\\/logo\\\/image\\\/\"},\"sameAs\":[\"https:\\\/\\\/www.facebook.com\\\/zemaljskimuzej\\\/\",\"https:\\\/\\\/x.com\\\/Zemaljskimuzej\",\"https:\\\/\\\/www.instagram.com\\\/zemaljskimuzej_bih\\\/\",\"https:\\\/\\\/www.youtube.com\\\/channel\\\/UCK-JP1rHT4wJ7MOyVcduoIg\",\"https:\\\/\\\/www.tiktok.com\\\/@zemaljskimuzejbih\"]}]}<\/script>\n<!-- \/ Yoast SEO plugin. -->","yoast_head_json":{"title":"How to find us - Zemaljski muzej BiH","robots":{"index":"index","follow":"follow","max-snippet":"max-snippet:-1","max-image-preview":"max-image-preview:large","max-video-preview":"max-video-preview:-1"},"canonical":"https:\/\/zemaljskimuzej.ba\/en\/information-for-visitors\/how-to-find-us\/","og_locale":"en_US","og_type":"article","og_title":"How to find us - Zemaljski muzej BiH","og_description":"Address Zmaja od Bosne 3 71000 Sarajevo Bosna i Hercegovina The National Museum of Bosnia and Herzegovina is located in the centre of Sarajevo, along the main road, at 3 Zmaja od Bosne Street.\u00a0It can be reached by all tram lines (\u201cTehni\u010dka \u0161kola\u201d stop), as well as by the Ba\u0161\u010dar\u0161ija\u2013Dobrinja bus line. &nbsp;","og_url":"https:\/\/zemaljskimuzej.ba\/en\/information-for-visitors\/how-to-find-us\/","og_site_name":"Zemaljski muzej BiH","article_publisher":"https:\/\/www.facebook.com\/zemaljskimuzej\/","article_modified_time":"2025-06-12T16:11:21+00:00","og_image":[{"width":2560,"height":1440,"url":"https:\/\/zemaljskimuzej.ba\/app\/uploads\/2025\/06\/Muzej-Boris-Jovanovic-5-scaled.jpg","type":"image\/jpeg"}],"twitter_card":"summary_large_image","twitter_site":"@Zemaljskimuzej","schema":{"@context":"https:\/\/schema.org","@graph":[{"@type":"WebPage","@id":"https:\/\/zemaljskimuzej.ba\/en\/information-for-visitors\/how-to-find-us\/","url":"https:\/\/zemaljskimuzej.ba\/en\/information-for-visitors\/how-to-find-us\/","name":"How to find us - Zemaljski muzej BiH","isPartOf":{"@id":"https:\/\/zemaljskimuzej.ba\/en\/#website"},"primaryImageOfPage":{"@id":"https:\/\/zemaljskimuzej.ba\/en\/information-for-visitors\/how-to-find-us\/#primaryimage"},"image":{"@id":"https:\/\/zemaljskimuzej.ba\/en\/information-for-visitors\/how-to-find-us\/#primaryimage"},"thumbnailUrl":"https:\/\/zemaljskimuzej.ba\/app\/uploads\/2025\/06\/Muzej-Boris-Jovanovic-5-scaled.jpg","datePublished":"2025-02-04T09:14:10+00:00","dateModified":"2025-06-12T16:11:21+00:00","breadcrumb":{"@id":"https:\/\/zemaljskimuzej.ba\/en\/information-for-visitors\/how-to-find-us\/#breadcrumb"},"inLanguage":"en-US","potentialAction":[{"@type":"ReadAction","target":["https:\/\/zemaljskimuzej.ba\/en\/information-for-visitors\/how-to-find-us\/"]}]},{"@type":"ImageObject","inLanguage":"en-US","@id":"https:\/\/zemaljskimuzej.ba\/en\/information-for-visitors\/how-to-find-us\/#primaryimage","url":"https:\/\/zemaljskimuzej.ba\/app\/uploads\/2025\/06\/Muzej-Boris-Jovanovic-5-scaled.jpg","contentUrl":"https:\/\/zemaljskimuzej.ba\/app\/uploads\/2025\/06\/Muzej-Boris-Jovanovic-5-scaled.jpg","width":2560,"height":1440,"caption":"Zemaljski muzej BIH"},{"@type":"BreadcrumbList","@id":"https:\/\/zemaljskimuzej.ba\/en\/information-for-visitors\/how-to-find-us\/#breadcrumb","itemListElement":[{"@type":"ListItem","position":1,"name":"Home","item":"https:\/\/zemaljskimuzej.ba\/en\/"},{"@type":"ListItem","position":2,"name":"Visitors&#8217; information","item":"https:\/\/zemaljskimuzej.ba\/en\/information-for-visitors\/"},{"@type":"ListItem","position":3,"name":"How to find us"}]},{"@type":"WebSite","@id":"https:\/\/zemaljskimuzej.ba\/en\/#website","url":"https:\/\/zemaljskimuzej.ba\/en\/","name":"Zemaljski muzej BiH","description":"","publisher":{"@id":"https:\/\/zemaljskimuzej.ba\/en\/#organization"},"potentialAction":[{"@type":"SearchAction","target":{"@type":"EntryPoint","urlTemplate":"https:\/\/zemaljskimuzej.ba\/en\/?s={search_term_string}"},"query-input":{"@type":"PropertyValueSpecification","valueRequired":true,"valueName":"search_term_string"}}],"inLanguage":"en-US"},{"@type":"Organization","@id":"https:\/\/zemaljskimuzej.ba\/en\/#organization","name":"Zemaljski muzej BiH","url":"https:\/\/zemaljskimuzej.ba\/en\/","logo":{"@type":"ImageObject","inLanguage":"en-US","@id":"https:\/\/zemaljskimuzej.ba\/en\/#\/schema\/logo\/image\/","url":"https:\/\/zemaljskimuzej.ba\/app\/uploads\/2025\/08\/zmbih-logo.png","contentUrl":"https:\/\/zemaljskimuzej.ba\/app\/uploads\/2025\/08\/zmbih-logo.png","width":256,"height":256,"caption":"Zemaljski muzej BiH"},"image":{"@id":"https:\/\/zemaljskimuzej.ba\/en\/#\/schema\/logo\/image\/"},"sameAs":["https:\/\/www.facebook.com\/zemaljskimuzej\/","https:\/\/x.com\/Zemaljskimuzej","https:\/\/www.instagram.com\/zemaljskimuzej_bih\/","https:\/\/www.youtube.com\/channel\/UCK-JP1rHT4wJ7MOyVcduoIg","https:\/\/www.tiktok.com\/@zemaljskimuzejbih"]}]}},"_links":{"self":[{"href":"https:\/\/zemaljskimuzej.ba\/en\/wp-json\/wp\/v2\/pages\/27592","targetHints":{"allow":["GET"]}}],"collection":[{"href":"https:\/\/zemaljskimuzej.ba\/en\/wp-json\/wp\/v2\/pages"}],"about":[{"href":"https:\/\/zemaljskimuzej.ba\/en\/wp-json\/wp\/v2\/types\/page"}],"author":[{"embeddable":true,"href":"https:\/\/zemaljskimuzej.ba\/en\/wp-json\/wp\/v2\/users\/14"}],"replies":[{"embeddable":true,"href":"https:\/\/zemaljskimuzej.ba\/en\/wp-json\/wp\/v2\/comments?post=27592"}],"version-history":[{"count":1,"href":"https:\/\/zemaljskimuzej.ba\/en\/wp-json\/wp\/v2\/pages\/27592\/revisions"}],"predecessor-version":[{"id":28493,"href":"https:\/\/zemaljskimuzej.ba\/en\/wp-json\/wp\/v2\/pages\/27592\/revisions\/28493"}],"up":[{"embeddable":true,"href":"https:\/\/zemaljskimuzej.ba\/en\/wp-json\/wp\/v2\/pages\/27583"}],"wp:featuredmedia":[{"embeddable":true,"href":"https:\/\/zemaljskimuzej.ba\/en\/wp-json\/wp\/v2\/media\/28442"}],"wp:attachment":[{"href":"https:\/\/zemaljskimuzej.ba\/en\/wp-json\/wp\/v2\/media?parent=27592"}],"wp:term":[{"taxonomy":"section","embeddable":true,"href":"https:\/\/zemaljskimuzej.ba\/en\/wp-json\/wp\/v2\/section?post=27592"}],"curies":[{"name":"wp","href":"https:\/\/api.w.org\/{rel}","templated":true}]}}