{"id":27604,"date":"2025-02-04T09:14:10","date_gmt":"2025-02-04T08:14:10","guid":{"rendered":"https:\/\/zemaljskimuzej.ba\/?page_id=27604"},"modified":"2025-09-02T10:48:59","modified_gmt":"2025-09-02T08:48:59","slug":"the-library-of-the-national-museum-of-bosnia-and-herzegovina","status":"publish","type":"page","link":"https:\/\/zemaljskimuzej.ba\/en\/departments\/department-of-common-services\/the-library-of-the-national-museum-of-bosnia-and-herzegovina\/","title":{"rendered":"The Library"},"content":{"rendered":"<p>With the founding of the Museum Society in Sarajevo in 1884, work began on establishing the Library of the National Museum of Bosnia and Herzegovina, as the first scientific library on the soil of Bosnia and Herzegovina. The library started operating in 1888, and since 1913, when the Museum moved into new buildings, it has been housed in the premises where it is still located today.<\/p>\n<p>The library of the National Museum of Bosnia and Herzegovina is organized as a special scientific library, with over 300,000 volumes of publications (books, magazines, newspapers).<\/p>\n<p>In the first years of operation, the library was run by the curators of other departments, in addition to their regular duties. The concept of the library was created by the first museum director, Kosta H\u00f6rmann, and \u0106iro Truhelka, Othmar Reiser, Franjo Fiala, Gregor \u010cremo\u0161nik, Vejsil \u0106ur\u010di\u0107 participated in its work as curators. The first library expert to lead the library was Franjo Topi\u010d, who headed the library from 1898 to 1913.<\/p>\n<p>The material owned by the library has been systematically collected since 1888 and relates to the fields of archaeology, history, ethnology, folkloristics, mineralogy, geology, botany, zoology and museology.<\/p>\n<p>The old collections of the library gathered during the period of Austria-Hungary and the Kingdom of Yugoslavia are of rarity.<\/p>\n<p>In addition to extremely valuable and rare books, the Library of the National Museum of Bosnia and Herzegovina has a significant collection of periodicals and daily newspapers dating from the Austro-Hungarian period to the present day. In the collection of the library, you can find a large number of daily and monthly newspapers that are extremely useful for researching the past of our country and beyond.<\/p>\n<p>The significance of the Library of the National Museum of Bosnia and Herzegovina lies not only in the scope of its material, but also in its diversity, which makes it an indispensable place for all those who study the cultural and natural heritage of the region and its history, whether domestic or foreign researchers.<\/p>\n<p>Since the beginning of its activities, thanks to its <a href=\"https:\/\/zemaljskimuzej.ba\/en\/about-the-national-museum-of-bosnia-and-herzegovina-2\/publications\/\">publishing activities<\/a>, i.e. publishing the Herald of the National Museum of Bosnia and Herzegovina, the oldest scientific magazine in Bosnia and Herzegovina, the Library has established contacts and exchange of publications with scientific institutions and museums around the world. Today, the exchange takes place with around 400 institutions around the world and 40 institutions in Bosnia and Herzegovina.<\/p>\n<p>The library offers its users a search of leaf catalogs. For all inquiries about the library&#8217;s materials and holdings, you can contact us at the email biblioteka@zemaljskimuzej.ba or phone number: 033\/586-321.<\/p>\n<p><strong>Staff<\/strong><\/p>\n<div>\n<div>\n<div>\n<div><strong>Saliha Alijagi\u0107<\/strong><\/div>\n<div>Head of the General\u00a0Affairs Department<\/div>\n<\/div>\n<\/div>\n<div>\n<div>\n<div>Librarian, systematic catalogue editor<\/div>\n<div><\/div>\n<\/div>\n<\/div>\n<div>\n<div>\n<div>\n<div><strong>MA Amina Mahmutovi\u0107<\/strong><\/div>\n<div>Librarian, editor of the alphabetical catalog<br \/>\nHead of the Library<\/div>\n<div><\/div>\n<\/div>\n<div><strong>MA Amila Kurtovi\u0107-\u010calija<\/strong><\/div>\n<div>Librarian for the exchange, sale and acquisition of books<\/div>\n<div><\/div>\n<div>\n<div><strong>Petra Ra\u0111en<\/strong><\/div>\n<div>Senior librarian<\/div>\n<\/div>\n<div><\/div>\n<\/div>\n<\/div>\n<\/div>\n","protected":false},"excerpt":{"rendered":"<p>With the founding of the Museum Society in Sarajevo in 1884, work began on establishing the Library of the National Museum of Bosnia and Herzegovina, as the first scientific library on the soil of Bosnia and Herzegovina. The library started operating in 1888, and since 1913, when the Museum moved into new buildings, it has &hellip; <a href=\"https:\/\/zemaljskimuzej.ba\/en\/departments\/department-of-common-services\/the-library-of-the-national-museum-of-bosnia-and-herzegovina\/\">Find out more<\/a><\/p>\n","protected":false},"author":14,"featured_media":28030,"parent":28705,"menu_order":0,"comment_status":"closed","ping_status":"closed","template":"","meta":{"footnotes":""},"section":[],"class_list":["post-27604","page","type-page","status-publish","has-post-thumbnail","hentry"],"yoast_head":"<!-- This site is optimized with the Yoast SEO plugin v27.3 - https:\/\/yoast.com\/product\/yoast-seo-wordpress\/ -->\n<title>The Library - Zemaljski muzej BiH<\/title>\n<meta name=\"robots\" content=\"index, follow, max-snippet:-1, max-image-preview:large, max-video-preview:-1\" \/>\n<link rel=\"canonical\" href=\"https:\/\/zemaljskimuzej.ba\/en\/departments\/department-of-common-services\/the-library-of-the-national-museum-of-bosnia-and-herzegovina\/\" \/>\n<meta property=\"og:locale\" content=\"en_US\" \/>\n<meta property=\"og:type\" content=\"article\" \/>\n<meta property=\"og:title\" content=\"The Library - Zemaljski muzej BiH\" \/>\n<meta property=\"og:description\" content=\"With the founding of the Museum Society in Sarajevo in 1884, work began on establishing the Library of the National Museum of Bosnia and Herzegovina, as the first scientific library on the soil of Bosnia and Herzegovina. The library started operating in 1888, and since 1913, when the Museum moved into new buildings, it has &hellip; Find out more\" \/>\n<meta property=\"og:url\" content=\"https:\/\/zemaljskimuzej.ba\/en\/departments\/department-of-common-services\/the-library-of-the-national-museum-of-bosnia-and-herzegovina\/\" \/>\n<meta property=\"og:site_name\" content=\"Zemaljski muzej BiH\" \/>\n<meta property=\"article:publisher\" content=\"https:\/\/www.facebook.com\/zemaljskimuzej\/\" \/>\n<meta property=\"article:modified_time\" content=\"2025-09-02T08:48:59+00:00\" \/>\n<meta property=\"og:image\" content=\"https:\/\/zemaljskimuzej.ba\/app\/uploads\/2025\/03\/Citaonica.jpg\" \/>\n\t<meta property=\"og:image:width\" content=\"1920\" \/>\n\t<meta property=\"og:image:height\" content=\"1027\" \/>\n\t<meta property=\"og:image:type\" content=\"image\/jpeg\" \/>\n<meta name=\"twitter:card\" content=\"summary_large_image\" \/>\n<meta name=\"twitter:site\" content=\"@Zemaljskimuzej\" \/>\n<meta name=\"twitter:label1\" content=\"Est. reading time\" \/>\n\t<meta name=\"twitter:data1\" content=\"3 minutes\" \/>\n<script type=\"application\/ld+json\" class=\"yoast-schema-graph\">{\"@context\":\"https:\\\/\\\/schema.org\",\"@graph\":[{\"@type\":\"WebPage\",\"@id\":\"https:\\\/\\\/zemaljskimuzej.ba\\\/en\\\/departments\\\/department-of-common-services\\\/the-library-of-the-national-museum-of-bosnia-and-herzegovina\\\/\",\"url\":\"https:\\\/\\\/zemaljskimuzej.ba\\\/en\\\/departments\\\/department-of-common-services\\\/the-library-of-the-national-museum-of-bosnia-and-herzegovina\\\/\",\"name\":\"The Library - Zemaljski muzej BiH\",\"isPartOf\":{\"@id\":\"https:\\\/\\\/zemaljskimuzej.ba\\\/en\\\/#website\"},\"primaryImageOfPage\":{\"@id\":\"https:\\\/\\\/zemaljskimuzej.ba\\\/en\\\/departments\\\/department-of-common-services\\\/the-library-of-the-national-museum-of-bosnia-and-herzegovina\\\/#primaryimage\"},\"image\":{\"@id\":\"https:\\\/\\\/zemaljskimuzej.ba\\\/en\\\/departments\\\/department-of-common-services\\\/the-library-of-the-national-museum-of-bosnia-and-herzegovina\\\/#primaryimage\"},\"thumbnailUrl\":\"https:\\\/\\\/zemaljskimuzej.ba\\\/app\\\/uploads\\\/2025\\\/03\\\/Citaonica.jpg\",\"datePublished\":\"2025-02-04T08:14:10+00:00\",\"dateModified\":\"2025-09-02T08:48:59+00:00\",\"breadcrumb\":{\"@id\":\"https:\\\/\\\/zemaljskimuzej.ba\\\/en\\\/departments\\\/department-of-common-services\\\/the-library-of-the-national-museum-of-bosnia-and-herzegovina\\\/#breadcrumb\"},\"inLanguage\":\"en-US\",\"potentialAction\":[{\"@type\":\"ReadAction\",\"target\":[\"https:\\\/\\\/zemaljskimuzej.ba\\\/en\\\/departments\\\/department-of-common-services\\\/the-library-of-the-national-museum-of-bosnia-and-herzegovina\\\/\"]}]},{\"@type\":\"ImageObject\",\"inLanguage\":\"en-US\",\"@id\":\"https:\\\/\\\/zemaljskimuzej.ba\\\/en\\\/departments\\\/department-of-common-services\\\/the-library-of-the-national-museum-of-bosnia-and-herzegovina\\\/#primaryimage\",\"url\":\"https:\\\/\\\/zemaljskimuzej.ba\\\/app\\\/uploads\\\/2025\\\/03\\\/Citaonica.jpg\",\"contentUrl\":\"https:\\\/\\\/zemaljskimuzej.ba\\\/app\\\/uploads\\\/2025\\\/03\\\/Citaonica.jpg\",\"width\":1920,\"height\":1027,\"caption\":\"\u010citaonica\"},{\"@type\":\"BreadcrumbList\",\"@id\":\"https:\\\/\\\/zemaljskimuzej.ba\\\/en\\\/departments\\\/department-of-common-services\\\/the-library-of-the-national-museum-of-bosnia-and-herzegovina\\\/#breadcrumb\",\"itemListElement\":[{\"@type\":\"ListItem\",\"position\":1,\"name\":\"Home\",\"item\":\"https:\\\/\\\/zemaljskimuzej.ba\\\/en\\\/\"},{\"@type\":\"ListItem\",\"position\":2,\"name\":\"Departments\",\"item\":\"https:\\\/\\\/zemaljskimuzej.ba\\\/en\\\/departments\\\/\"},{\"@type\":\"ListItem\",\"position\":3,\"name\":\"Department of Common Services\",\"item\":\"https:\\\/\\\/zemaljskimuzej.ba\\\/en\\\/departments\\\/department-of-common-services\\\/\"},{\"@type\":\"ListItem\",\"position\":4,\"name\":\"The Library\"}]},{\"@type\":\"WebSite\",\"@id\":\"https:\\\/\\\/zemaljskimuzej.ba\\\/en\\\/#website\",\"url\":\"https:\\\/\\\/zemaljskimuzej.ba\\\/en\\\/\",\"name\":\"Zemaljski muzej BiH\",\"description\":\"\",\"publisher\":{\"@id\":\"https:\\\/\\\/zemaljskimuzej.ba\\\/en\\\/#organization\"},\"potentialAction\":[{\"@type\":\"SearchAction\",\"target\":{\"@type\":\"EntryPoint\",\"urlTemplate\":\"https:\\\/\\\/zemaljskimuzej.ba\\\/en\\\/?s={search_term_string}\"},\"query-input\":{\"@type\":\"PropertyValueSpecification\",\"valueRequired\":true,\"valueName\":\"search_term_string\"}}],\"inLanguage\":\"en-US\"},{\"@type\":\"Organization\",\"@id\":\"https:\\\/\\\/zemaljskimuzej.ba\\\/en\\\/#organization\",\"name\":\"Zemaljski muzej BiH\",\"url\":\"https:\\\/\\\/zemaljskimuzej.ba\\\/en\\\/\",\"logo\":{\"@type\":\"ImageObject\",\"inLanguage\":\"en-US\",\"@id\":\"https:\\\/\\\/zemaljskimuzej.ba\\\/en\\\/#\\\/schema\\\/logo\\\/image\\\/\",\"url\":\"https:\\\/\\\/zemaljskimuzej.ba\\\/app\\\/uploads\\\/2025\\\/08\\\/zmbih-logo.png\",\"contentUrl\":\"https:\\\/\\\/zemaljskimuzej.ba\\\/app\\\/uploads\\\/2025\\\/08\\\/zmbih-logo.png\",\"width\":256,\"height\":256,\"caption\":\"Zemaljski muzej BiH\"},\"image\":{\"@id\":\"https:\\\/\\\/zemaljskimuzej.ba\\\/en\\\/#\\\/schema\\\/logo\\\/image\\\/\"},\"sameAs\":[\"https:\\\/\\\/www.facebook.com\\\/zemaljskimuzej\\\/\",\"https:\\\/\\\/x.com\\\/Zemaljskimuzej\",\"https:\\\/\\\/www.instagram.com\\\/zemaljskimuzej_bih\\\/\",\"https:\\\/\\\/www.youtube.com\\\/channel\\\/UCK-JP1rHT4wJ7MOyVcduoIg\",\"https:\\\/\\\/www.tiktok.com\\\/@zemaljskimuzejbih\"]}]}<\/script>\n<!-- \/ Yoast SEO plugin. -->","yoast_head_json":{"title":"The Library - Zemaljski muzej BiH","robots":{"index":"index","follow":"follow","max-snippet":"max-snippet:-1","max-image-preview":"max-image-preview:large","max-video-preview":"max-video-preview:-1"},"canonical":"https:\/\/zemaljskimuzej.ba\/en\/departments\/department-of-common-services\/the-library-of-the-national-museum-of-bosnia-and-herzegovina\/","og_locale":"en_US","og_type":"article","og_title":"The Library - Zemaljski muzej BiH","og_description":"With the founding of the Museum Society in Sarajevo in 1884, work began on establishing the Library of the National Museum of Bosnia and Herzegovina, as the first scientific library on the soil of Bosnia and Herzegovina. The library started operating in 1888, and since 1913, when the Museum moved into new buildings, it has &hellip; Find out more","og_url":"https:\/\/zemaljskimuzej.ba\/en\/departments\/department-of-common-services\/the-library-of-the-national-museum-of-bosnia-and-herzegovina\/","og_site_name":"Zemaljski muzej BiH","article_publisher":"https:\/\/www.facebook.com\/zemaljskimuzej\/","article_modified_time":"2025-09-02T08:48:59+00:00","og_image":[{"width":1920,"height":1027,"url":"https:\/\/zemaljskimuzej.ba\/app\/uploads\/2025\/03\/Citaonica.jpg","type":"image\/jpeg"}],"twitter_card":"summary_large_image","twitter_site":"@Zemaljskimuzej","twitter_misc":{"Est. reading time":"3 minutes"},"schema":{"@context":"https:\/\/schema.org","@graph":[{"@type":"WebPage","@id":"https:\/\/zemaljskimuzej.ba\/en\/departments\/department-of-common-services\/the-library-of-the-national-museum-of-bosnia-and-herzegovina\/","url":"https:\/\/zemaljskimuzej.ba\/en\/departments\/department-of-common-services\/the-library-of-the-national-museum-of-bosnia-and-herzegovina\/","name":"The Library - Zemaljski muzej BiH","isPartOf":{"@id":"https:\/\/zemaljskimuzej.ba\/en\/#website"},"primaryImageOfPage":{"@id":"https:\/\/zemaljskimuzej.ba\/en\/departments\/department-of-common-services\/the-library-of-the-national-museum-of-bosnia-and-herzegovina\/#primaryimage"},"image":{"@id":"https:\/\/zemaljskimuzej.ba\/en\/departments\/department-of-common-services\/the-library-of-the-national-museum-of-bosnia-and-herzegovina\/#primaryimage"},"thumbnailUrl":"https:\/\/zemaljskimuzej.ba\/app\/uploads\/2025\/03\/Citaonica.jpg","datePublished":"2025-02-04T08:14:10+00:00","dateModified":"2025-09-02T08:48:59+00:00","breadcrumb":{"@id":"https:\/\/zemaljskimuzej.ba\/en\/departments\/department-of-common-services\/the-library-of-the-national-museum-of-bosnia-and-herzegovina\/#breadcrumb"},"inLanguage":"en-US","potentialAction":[{"@type":"ReadAction","target":["https:\/\/zemaljskimuzej.ba\/en\/departments\/department-of-common-services\/the-library-of-the-national-museum-of-bosnia-and-herzegovina\/"]}]},{"@type":"ImageObject","inLanguage":"en-US","@id":"https:\/\/zemaljskimuzej.ba\/en\/departments\/department-of-common-services\/the-library-of-the-national-museum-of-bosnia-and-herzegovina\/#primaryimage","url":"https:\/\/zemaljskimuzej.ba\/app\/uploads\/2025\/03\/Citaonica.jpg","contentUrl":"https:\/\/zemaljskimuzej.ba\/app\/uploads\/2025\/03\/Citaonica.jpg","width":1920,"height":1027,"caption":"\u010citaonica"},{"@type":"BreadcrumbList","@id":"https:\/\/zemaljskimuzej.ba\/en\/departments\/department-of-common-services\/the-library-of-the-national-museum-of-bosnia-and-herzegovina\/#breadcrumb","itemListElement":[{"@type":"ListItem","position":1,"name":"Home","item":"https:\/\/zemaljskimuzej.ba\/en\/"},{"@type":"ListItem","position":2,"name":"Departments","item":"https:\/\/zemaljskimuzej.ba\/en\/departments\/"},{"@type":"ListItem","position":3,"name":"Department of Common Services","item":"https:\/\/zemaljskimuzej.ba\/en\/departments\/department-of-common-services\/"},{"@type":"ListItem","position":4,"name":"The Library"}]},{"@type":"WebSite","@id":"https:\/\/zemaljskimuzej.ba\/en\/#website","url":"https:\/\/zemaljskimuzej.ba\/en\/","name":"Zemaljski muzej BiH","description":"","publisher":{"@id":"https:\/\/zemaljskimuzej.ba\/en\/#organization"},"potentialAction":[{"@type":"SearchAction","target":{"@type":"EntryPoint","urlTemplate":"https:\/\/zemaljskimuzej.ba\/en\/?s={search_term_string}"},"query-input":{"@type":"PropertyValueSpecification","valueRequired":true,"valueName":"search_term_string"}}],"inLanguage":"en-US"},{"@type":"Organization","@id":"https:\/\/zemaljskimuzej.ba\/en\/#organization","name":"Zemaljski muzej BiH","url":"https:\/\/zemaljskimuzej.ba\/en\/","logo":{"@type":"ImageObject","inLanguage":"en-US","@id":"https:\/\/zemaljskimuzej.ba\/en\/#\/schema\/logo\/image\/","url":"https:\/\/zemaljskimuzej.ba\/app\/uploads\/2025\/08\/zmbih-logo.png","contentUrl":"https:\/\/zemaljskimuzej.ba\/app\/uploads\/2025\/08\/zmbih-logo.png","width":256,"height":256,"caption":"Zemaljski muzej BiH"},"image":{"@id":"https:\/\/zemaljskimuzej.ba\/en\/#\/schema\/logo\/image\/"},"sameAs":["https:\/\/www.facebook.com\/zemaljskimuzej\/","https:\/\/x.com\/Zemaljskimuzej","https:\/\/www.instagram.com\/zemaljskimuzej_bih\/","https:\/\/www.youtube.com\/channel\/UCK-JP1rHT4wJ7MOyVcduoIg","https:\/\/www.tiktok.com\/@zemaljskimuzejbih"]}]}},"_links":{"self":[{"href":"https:\/\/zemaljskimuzej.ba\/en\/wp-json\/wp\/v2\/pages\/27604","targetHints":{"allow":["GET"]}}],"collection":[{"href":"https:\/\/zemaljskimuzej.ba\/en\/wp-json\/wp\/v2\/pages"}],"about":[{"href":"https:\/\/zemaljskimuzej.ba\/en\/wp-json\/wp\/v2\/types\/page"}],"author":[{"embeddable":true,"href":"https:\/\/zemaljskimuzej.ba\/en\/wp-json\/wp\/v2\/users\/14"}],"replies":[{"embeddable":true,"href":"https:\/\/zemaljskimuzej.ba\/en\/wp-json\/wp\/v2\/comments?post=27604"}],"version-history":[{"count":5,"href":"https:\/\/zemaljskimuzej.ba\/en\/wp-json\/wp\/v2\/pages\/27604\/revisions"}],"predecessor-version":[{"id":28985,"href":"https:\/\/zemaljskimuzej.ba\/en\/wp-json\/wp\/v2\/pages\/27604\/revisions\/28985"}],"up":[{"embeddable":true,"href":"https:\/\/zemaljskimuzej.ba\/en\/wp-json\/wp\/v2\/pages\/28705"}],"wp:featuredmedia":[{"embeddable":true,"href":"https:\/\/zemaljskimuzej.ba\/en\/wp-json\/wp\/v2\/media\/28030"}],"wp:attachment":[{"href":"https:\/\/zemaljskimuzej.ba\/en\/wp-json\/wp\/v2\/media?parent=27604"}],"wp:term":[{"taxonomy":"section","embeddable":true,"href":"https:\/\/zemaljskimuzej.ba\/en\/wp-json\/wp\/v2\/section?post=27604"}],"curies":[{"name":"wp","href":"https:\/\/api.w.org\/{rel}","templated":true}]}}