{"id":27607,"date":"2025-02-04T09:14:10","date_gmt":"2025-02-04T08:14:10","guid":{"rendered":"https:\/\/zemaljskimuzej.ba\/?page_id=27607"},"modified":"2025-11-06T17:18:14","modified_gmt":"2025-11-06T16:18:14","slug":"organisational-structure-of-the-national-museum-of-bosnia-and-herzegovina","status":"publish","type":"page","link":"https:\/\/zemaljskimuzej.ba\/en\/about-the-national-museum-of-bosnia-and-herzegovina-2\/organisational-structure-of-the-national-museum-of-bosnia-and-herzegovina\/","title":{"rendered":"Organizational Structure"},"content":{"rendered":"<h2><strong>Basic structure<\/strong><\/h2>\n<p>The National Museum of Bosnia and Herzegovina engages in museological, scientific, educational, and publishing activities, which determine its organizational structure. It is made up of four main departments: the <a href=\"http:\/\/zemaljskimuzej.ba\/en\/archaeology\">Archeology Department<\/a>, the <a href=\"http:\/\/zemaljskimuzej.ba\/en\/ethnology\">Ethnology Departmen<\/a>t, the <a href=\"http:\/\/zemaljskimuzej.ba\/en\/natural-sciences\">Natural Sciences Department<\/a> and the <a href=\"http:\/\/zemaljskimuzej.ba\/en\/library-national-museum-bosnia-and-herzegovina\">Library<\/a>.<\/p>\n<h2><strong>Management<\/strong><\/h2>\n<p><a href=\"https:\/\/zemaljskimuzej.ba\/en\/about-the-national-museum-of-bosnia-and-herzegovina-2\/organisational-structure-of-the-national-museum-of-bosnia-and-herzegovina\/dr-sc-ana-maric\/\"><strong>Dr.sc. Ana Mari\u0107<\/strong><\/a><br \/>\nActing director<\/p>\n<p><a href=\"https:\/\/zemaljskimuzej.ba\/en\/about-the-national-museum-of-bosnia-and-herzegovina-2\/organisational-structure-of-the-national-museum-of-bosnia-and-herzegovina\/azra-becevic-sarenkapa-m-sc-in-textile-technology-and-engineering\/\"><strong>Mr. Azra Be\u010devi\u0107 \u0160arenkapa<\/strong><\/a><br \/>\nDeputy director<\/p>\n<p><strong>Esq. Hasan Ganibegovi\u0107<\/strong><br \/>\nSecretary<\/p>\n<h2><strong>Administration<\/strong><\/h2>\n<p><strong>Ermina Bahtanovi\u0107<\/strong><br \/>\nGeneral affairs clerk<\/p>\n<p><a href=\"https:\/\/zemaljskimuzej.ba\/en\/about-the-national-museum-of-bosnia-and-herzegovina-2\/organisational-structure-of-the-national-museum-of-bosnia-and-herzegovina\/azra-becevic-sarenkapa-m-sc-in-textile-technology-and-engineering\/\"><strong>Mr. Azra Be\u010devi\u0107 \u0160arenkapa<\/strong><\/a><br \/>\nConservator Advisor<\/p>\n<h2><strong>Contact us<\/strong><\/h2>\n<p><strong>Management and Administration<\/strong><br \/>\n<a href=\"mailto:kontakt@zemaljskimuzej.ba\">kontakt@zemaljskimuzej.ba<\/a><\/p>\n<p><strong>Entry and organized visits<br \/>\n<\/strong><a href=\"mailto:tickets@zemaljskimuzej.ba\">tickets@zemaljskimuzej.ba<\/a><\/p>\n<p><strong>Archaeology Department<\/strong><br \/>\n<a href=\"mailto:arheologija@zemaljskimuzej.ba\">arheologija@zemaljskimuzej.ba<\/a><\/p>\n<p><strong>Ethnology Department<\/strong><br \/>\n<a href=\"mailto:etnologija@zemaljskimuzej.ba\">etnologija@zemaljskimuzej.ba<\/a><\/p>\n<p><strong>Natural Sciences Department<\/strong><br \/>\n<a href=\"mailto:prirodne.nauke@zemaljskimuzej.ba\">prirodne.nauke@zemaljskimuzej.ba<\/a><\/p>\n<p><strong>Conservation Department<\/strong><br \/>\n<a href=\"mailto:konzervacija@zemaljskimuzej.ba\">konzervacija@zemaljskimuzej.ba<\/a><\/p>\n<p><strong>Library<\/strong><br \/>\n<a href=\"mailto:biblioteka@zemaljskimuzej.ba\">biblioteka@zemaljskimuzej.ba<\/a><\/p>\n","protected":false},"excerpt":{"rendered":"<p>Basic structure The National Museum of Bosnia and Herzegovina engages in museological, scientific, educational, and publishing activities, which determine its organizational structure. It is made up of four main departments: the Archeology Department, the Ethnology Department, the Natural Sciences Department and the Library. Management Dr.sc. Ana Mari\u0107 Acting director Mr. Azra Be\u010devi\u0107 \u0160arenkapa Deputy director &hellip; <a href=\"https:\/\/zemaljskimuzej.ba\/en\/about-the-national-museum-of-bosnia-and-herzegovina-2\/organisational-structure-of-the-national-museum-of-bosnia-and-herzegovina\/\">Find out more<\/a><\/p>\n","protected":false},"author":14,"featured_media":27608,"parent":28443,"menu_order":0,"comment_status":"closed","ping_status":"closed","template":"simple-page.blade.php","meta":{"footnotes":""},"section":[],"class_list":["post-27607","page","type-page","status-publish","has-post-thumbnail","hentry"],"yoast_head":"<!-- This site is optimized with the Yoast SEO plugin v27.3 - https:\/\/yoast.com\/product\/yoast-seo-wordpress\/ -->\n<title>Organizational Structure - Zemaljski muzej BiH<\/title>\n<meta name=\"robots\" content=\"index, follow, max-snippet:-1, max-image-preview:large, max-video-preview:-1\" \/>\n<link rel=\"canonical\" href=\"https:\/\/zemaljskimuzej.ba\/en\/about-the-national-museum-of-bosnia-and-herzegovina-2\/organisational-structure-of-the-national-museum-of-bosnia-and-herzegovina\/\" \/>\n<meta property=\"og:locale\" content=\"en_US\" \/>\n<meta property=\"og:type\" content=\"article\" \/>\n<meta property=\"og:title\" content=\"Organizational Structure - Zemaljski muzej BiH\" \/>\n<meta property=\"og:description\" content=\"Basic structure The National Museum of Bosnia and Herzegovina engages in museological, scientific, educational, and publishing activities, which determine its organizational structure. It is made up of four main departments: the Archeology Department, the Ethnology Department, the Natural Sciences Department and the Library. Management Dr.sc. Ana Mari\u0107 Acting director Mr. Azra Be\u010devi\u0107 \u0160arenkapa Deputy director &hellip; Find out more\" \/>\n<meta property=\"og:url\" content=\"https:\/\/zemaljskimuzej.ba\/en\/about-the-national-museum-of-bosnia-and-herzegovina-2\/organisational-structure-of-the-national-museum-of-bosnia-and-herzegovina\/\" \/>\n<meta property=\"og:site_name\" content=\"Zemaljski muzej BiH\" \/>\n<meta property=\"article:publisher\" content=\"https:\/\/www.facebook.com\/zemaljskimuzej\/\" \/>\n<meta property=\"article:modified_time\" content=\"2025-11-06T16:18:14+00:00\" \/>\n<meta property=\"og:image\" content=\"https:\/\/zemaljskimuzej.ba\/app\/uploads\/2025\/02\/foto_pattern_8-5.jpg\" \/>\n\t<meta property=\"og:image:width\" content=\"1920\" \/>\n\t<meta property=\"og:image:height\" content=\"1027\" \/>\n\t<meta property=\"og:image:type\" content=\"image\/jpeg\" \/>\n<meta name=\"twitter:card\" content=\"summary_large_image\" \/>\n<meta name=\"twitter:site\" content=\"@Zemaljskimuzej\" \/>\n<meta name=\"twitter:label1\" content=\"Est. reading time\" \/>\n\t<meta name=\"twitter:data1\" content=\"1 minute\" \/>\n<script type=\"application\/ld+json\" class=\"yoast-schema-graph\">{\"@context\":\"https:\\\/\\\/schema.org\",\"@graph\":[{\"@type\":\"WebPage\",\"@id\":\"https:\\\/\\\/zemaljskimuzej.ba\\\/en\\\/about-the-national-museum-of-bosnia-and-herzegovina-2\\\/organisational-structure-of-the-national-museum-of-bosnia-and-herzegovina\\\/\",\"url\":\"https:\\\/\\\/zemaljskimuzej.ba\\\/en\\\/about-the-national-museum-of-bosnia-and-herzegovina-2\\\/organisational-structure-of-the-national-museum-of-bosnia-and-herzegovina\\\/\",\"name\":\"Organizational Structure - Zemaljski muzej BiH\",\"isPartOf\":{\"@id\":\"https:\\\/\\\/zemaljskimuzej.ba\\\/en\\\/#website\"},\"primaryImageOfPage\":{\"@id\":\"https:\\\/\\\/zemaljskimuzej.ba\\\/en\\\/about-the-national-museum-of-bosnia-and-herzegovina-2\\\/organisational-structure-of-the-national-museum-of-bosnia-and-herzegovina\\\/#primaryimage\"},\"image\":{\"@id\":\"https:\\\/\\\/zemaljskimuzej.ba\\\/en\\\/about-the-national-museum-of-bosnia-and-herzegovina-2\\\/organisational-structure-of-the-national-museum-of-bosnia-and-herzegovina\\\/#primaryimage\"},\"thumbnailUrl\":\"https:\\\/\\\/zemaljskimuzej.ba\\\/app\\\/uploads\\\/2025\\\/02\\\/foto_pattern_8-5.jpg\",\"datePublished\":\"2025-02-04T08:14:10+00:00\",\"dateModified\":\"2025-11-06T16:18:14+00:00\",\"breadcrumb\":{\"@id\":\"https:\\\/\\\/zemaljskimuzej.ba\\\/en\\\/about-the-national-museum-of-bosnia-and-herzegovina-2\\\/organisational-structure-of-the-national-museum-of-bosnia-and-herzegovina\\\/#breadcrumb\"},\"inLanguage\":\"en-US\",\"potentialAction\":[{\"@type\":\"ReadAction\",\"target\":[\"https:\\\/\\\/zemaljskimuzej.ba\\\/en\\\/about-the-national-museum-of-bosnia-and-herzegovina-2\\\/organisational-structure-of-the-national-museum-of-bosnia-and-herzegovina\\\/\"]}]},{\"@type\":\"ImageObject\",\"inLanguage\":\"en-US\",\"@id\":\"https:\\\/\\\/zemaljskimuzej.ba\\\/en\\\/about-the-national-museum-of-bosnia-and-herzegovina-2\\\/organisational-structure-of-the-national-museum-of-bosnia-and-herzegovina\\\/#primaryimage\",\"url\":\"https:\\\/\\\/zemaljskimuzej.ba\\\/app\\\/uploads\\\/2025\\\/02\\\/foto_pattern_8-5.jpg\",\"contentUrl\":\"https:\\\/\\\/zemaljskimuzej.ba\\\/app\\\/uploads\\\/2025\\\/02\\\/foto_pattern_8-5.jpg\",\"width\":1920,\"height\":1027},{\"@type\":\"BreadcrumbList\",\"@id\":\"https:\\\/\\\/zemaljskimuzej.ba\\\/en\\\/about-the-national-museum-of-bosnia-and-herzegovina-2\\\/organisational-structure-of-the-national-museum-of-bosnia-and-herzegovina\\\/#breadcrumb\",\"itemListElement\":[{\"@type\":\"ListItem\",\"position\":1,\"name\":\"Home\",\"item\":\"https:\\\/\\\/zemaljskimuzej.ba\\\/en\\\/\"},{\"@type\":\"ListItem\",\"position\":2,\"name\":\"About\",\"item\":\"https:\\\/\\\/zemaljskimuzej.ba\\\/en\\\/about-the-national-museum-of-bosnia-and-herzegovina-2\\\/\"},{\"@type\":\"ListItem\",\"position\":3,\"name\":\"Organizational Structure\"}]},{\"@type\":\"WebSite\",\"@id\":\"https:\\\/\\\/zemaljskimuzej.ba\\\/en\\\/#website\",\"url\":\"https:\\\/\\\/zemaljskimuzej.ba\\\/en\\\/\",\"name\":\"Zemaljski muzej BiH\",\"description\":\"\",\"publisher\":{\"@id\":\"https:\\\/\\\/zemaljskimuzej.ba\\\/en\\\/#organization\"},\"potentialAction\":[{\"@type\":\"SearchAction\",\"target\":{\"@type\":\"EntryPoint\",\"urlTemplate\":\"https:\\\/\\\/zemaljskimuzej.ba\\\/en\\\/?s={search_term_string}\"},\"query-input\":{\"@type\":\"PropertyValueSpecification\",\"valueRequired\":true,\"valueName\":\"search_term_string\"}}],\"inLanguage\":\"en-US\"},{\"@type\":\"Organization\",\"@id\":\"https:\\\/\\\/zemaljskimuzej.ba\\\/en\\\/#organization\",\"name\":\"Zemaljski muzej BiH\",\"url\":\"https:\\\/\\\/zemaljskimuzej.ba\\\/en\\\/\",\"logo\":{\"@type\":\"ImageObject\",\"inLanguage\":\"en-US\",\"@id\":\"https:\\\/\\\/zemaljskimuzej.ba\\\/en\\\/#\\\/schema\\\/logo\\\/image\\\/\",\"url\":\"https:\\\/\\\/zemaljskimuzej.ba\\\/app\\\/uploads\\\/2025\\\/08\\\/zmbih-logo.png\",\"contentUrl\":\"https:\\\/\\\/zemaljskimuzej.ba\\\/app\\\/uploads\\\/2025\\\/08\\\/zmbih-logo.png\",\"width\":256,\"height\":256,\"caption\":\"Zemaljski muzej BiH\"},\"image\":{\"@id\":\"https:\\\/\\\/zemaljskimuzej.ba\\\/en\\\/#\\\/schema\\\/logo\\\/image\\\/\"},\"sameAs\":[\"https:\\\/\\\/www.facebook.com\\\/zemaljskimuzej\\\/\",\"https:\\\/\\\/x.com\\\/Zemaljskimuzej\",\"https:\\\/\\\/www.instagram.com\\\/zemaljskimuzej_bih\\\/\",\"https:\\\/\\\/www.youtube.com\\\/channel\\\/UCK-JP1rHT4wJ7MOyVcduoIg\",\"https:\\\/\\\/www.tiktok.com\\\/@zemaljskimuzejbih\"]}]}<\/script>\n<!-- \/ Yoast SEO plugin. -->","yoast_head_json":{"title":"Organizational Structure - Zemaljski muzej BiH","robots":{"index":"index","follow":"follow","max-snippet":"max-snippet:-1","max-image-preview":"max-image-preview:large","max-video-preview":"max-video-preview:-1"},"canonical":"https:\/\/zemaljskimuzej.ba\/en\/about-the-national-museum-of-bosnia-and-herzegovina-2\/organisational-structure-of-the-national-museum-of-bosnia-and-herzegovina\/","og_locale":"en_US","og_type":"article","og_title":"Organizational Structure - Zemaljski muzej BiH","og_description":"Basic structure The National Museum of Bosnia and Herzegovina engages in museological, scientific, educational, and publishing activities, which determine its organizational structure. It is made up of four main departments: the Archeology Department, the Ethnology Department, the Natural Sciences Department and the Library. Management Dr.sc. Ana Mari\u0107 Acting director Mr. Azra Be\u010devi\u0107 \u0160arenkapa Deputy director &hellip; Find out more","og_url":"https:\/\/zemaljskimuzej.ba\/en\/about-the-national-museum-of-bosnia-and-herzegovina-2\/organisational-structure-of-the-national-museum-of-bosnia-and-herzegovina\/","og_site_name":"Zemaljski muzej BiH","article_publisher":"https:\/\/www.facebook.com\/zemaljskimuzej\/","article_modified_time":"2025-11-06T16:18:14+00:00","og_image":[{"width":1920,"height":1027,"url":"https:\/\/zemaljskimuzej.ba\/app\/uploads\/2025\/02\/foto_pattern_8-5.jpg","type":"image\/jpeg"}],"twitter_card":"summary_large_image","twitter_site":"@Zemaljskimuzej","twitter_misc":{"Est. reading time":"1 minute"},"schema":{"@context":"https:\/\/schema.org","@graph":[{"@type":"WebPage","@id":"https:\/\/zemaljskimuzej.ba\/en\/about-the-national-museum-of-bosnia-and-herzegovina-2\/organisational-structure-of-the-national-museum-of-bosnia-and-herzegovina\/","url":"https:\/\/zemaljskimuzej.ba\/en\/about-the-national-museum-of-bosnia-and-herzegovina-2\/organisational-structure-of-the-national-museum-of-bosnia-and-herzegovina\/","name":"Organizational Structure - Zemaljski muzej BiH","isPartOf":{"@id":"https:\/\/zemaljskimuzej.ba\/en\/#website"},"primaryImageOfPage":{"@id":"https:\/\/zemaljskimuzej.ba\/en\/about-the-national-museum-of-bosnia-and-herzegovina-2\/organisational-structure-of-the-national-museum-of-bosnia-and-herzegovina\/#primaryimage"},"image":{"@id":"https:\/\/zemaljskimuzej.ba\/en\/about-the-national-museum-of-bosnia-and-herzegovina-2\/organisational-structure-of-the-national-museum-of-bosnia-and-herzegovina\/#primaryimage"},"thumbnailUrl":"https:\/\/zemaljskimuzej.ba\/app\/uploads\/2025\/02\/foto_pattern_8-5.jpg","datePublished":"2025-02-04T08:14:10+00:00","dateModified":"2025-11-06T16:18:14+00:00","breadcrumb":{"@id":"https:\/\/zemaljskimuzej.ba\/en\/about-the-national-museum-of-bosnia-and-herzegovina-2\/organisational-structure-of-the-national-museum-of-bosnia-and-herzegovina\/#breadcrumb"},"inLanguage":"en-US","potentialAction":[{"@type":"ReadAction","target":["https:\/\/zemaljskimuzej.ba\/en\/about-the-national-museum-of-bosnia-and-herzegovina-2\/organisational-structure-of-the-national-museum-of-bosnia-and-herzegovina\/"]}]},{"@type":"ImageObject","inLanguage":"en-US","@id":"https:\/\/zemaljskimuzej.ba\/en\/about-the-national-museum-of-bosnia-and-herzegovina-2\/organisational-structure-of-the-national-museum-of-bosnia-and-herzegovina\/#primaryimage","url":"https:\/\/zemaljskimuzej.ba\/app\/uploads\/2025\/02\/foto_pattern_8-5.jpg","contentUrl":"https:\/\/zemaljskimuzej.ba\/app\/uploads\/2025\/02\/foto_pattern_8-5.jpg","width":1920,"height":1027},{"@type":"BreadcrumbList","@id":"https:\/\/zemaljskimuzej.ba\/en\/about-the-national-museum-of-bosnia-and-herzegovina-2\/organisational-structure-of-the-national-museum-of-bosnia-and-herzegovina\/#breadcrumb","itemListElement":[{"@type":"ListItem","position":1,"name":"Home","item":"https:\/\/zemaljskimuzej.ba\/en\/"},{"@type":"ListItem","position":2,"name":"About","item":"https:\/\/zemaljskimuzej.ba\/en\/about-the-national-museum-of-bosnia-and-herzegovina-2\/"},{"@type":"ListItem","position":3,"name":"Organizational Structure"}]},{"@type":"WebSite","@id":"https:\/\/zemaljskimuzej.ba\/en\/#website","url":"https:\/\/zemaljskimuzej.ba\/en\/","name":"Zemaljski muzej BiH","description":"","publisher":{"@id":"https:\/\/zemaljskimuzej.ba\/en\/#organization"},"potentialAction":[{"@type":"SearchAction","target":{"@type":"EntryPoint","urlTemplate":"https:\/\/zemaljskimuzej.ba\/en\/?s={search_term_string}"},"query-input":{"@type":"PropertyValueSpecification","valueRequired":true,"valueName":"search_term_string"}}],"inLanguage":"en-US"},{"@type":"Organization","@id":"https:\/\/zemaljskimuzej.ba\/en\/#organization","name":"Zemaljski muzej BiH","url":"https:\/\/zemaljskimuzej.ba\/en\/","logo":{"@type":"ImageObject","inLanguage":"en-US","@id":"https:\/\/zemaljskimuzej.ba\/en\/#\/schema\/logo\/image\/","url":"https:\/\/zemaljskimuzej.ba\/app\/uploads\/2025\/08\/zmbih-logo.png","contentUrl":"https:\/\/zemaljskimuzej.ba\/app\/uploads\/2025\/08\/zmbih-logo.png","width":256,"height":256,"caption":"Zemaljski muzej BiH"},"image":{"@id":"https:\/\/zemaljskimuzej.ba\/en\/#\/schema\/logo\/image\/"},"sameAs":["https:\/\/www.facebook.com\/zemaljskimuzej\/","https:\/\/x.com\/Zemaljskimuzej","https:\/\/www.instagram.com\/zemaljskimuzej_bih\/","https:\/\/www.youtube.com\/channel\/UCK-JP1rHT4wJ7MOyVcduoIg","https:\/\/www.tiktok.com\/@zemaljskimuzejbih"]}]}},"_links":{"self":[{"href":"https:\/\/zemaljskimuzej.ba\/en\/wp-json\/wp\/v2\/pages\/27607","targetHints":{"allow":["GET"]}}],"collection":[{"href":"https:\/\/zemaljskimuzej.ba\/en\/wp-json\/wp\/v2\/pages"}],"about":[{"href":"https:\/\/zemaljskimuzej.ba\/en\/wp-json\/wp\/v2\/types\/page"}],"author":[{"embeddable":true,"href":"https:\/\/zemaljskimuzej.ba\/en\/wp-json\/wp\/v2\/users\/14"}],"replies":[{"embeddable":true,"href":"https:\/\/zemaljskimuzej.ba\/en\/wp-json\/wp\/v2\/comments?post=27607"}],"version-history":[{"count":15,"href":"https:\/\/zemaljskimuzej.ba\/en\/wp-json\/wp\/v2\/pages\/27607\/revisions"}],"predecessor-version":[{"id":29153,"href":"https:\/\/zemaljskimuzej.ba\/en\/wp-json\/wp\/v2\/pages\/27607\/revisions\/29153"}],"up":[{"embeddable":true,"href":"https:\/\/zemaljskimuzej.ba\/en\/wp-json\/wp\/v2\/pages\/28443"}],"wp:featuredmedia":[{"embeddable":true,"href":"https:\/\/zemaljskimuzej.ba\/en\/wp-json\/wp\/v2\/media\/27608"}],"wp:attachment":[{"href":"https:\/\/zemaljskimuzej.ba\/en\/wp-json\/wp\/v2\/media?parent=27607"}],"wp:term":[{"taxonomy":"section","embeddable":true,"href":"https:\/\/zemaljskimuzej.ba\/en\/wp-json\/wp\/v2\/section?post=27607"}],"curies":[{"name":"wp","href":"https:\/\/api.w.org\/{rel}","templated":true}]}}