{"id":28338,"date":"2025-02-04T23:32:08","date_gmt":"2025-02-04T22:32:08","guid":{"rendered":"https:\/\/zemaljskimuzej.ba\/?page_id=28338"},"modified":"2025-11-06T17:20:23","modified_gmt":"2025-11-06T16:20:23","slug":"laboratory-for-textile-conservation","status":"publish","type":"page","link":"https:\/\/zemaljskimuzej.ba\/en\/departments\/department-for-conservation-and-restoration\/laboratory-for-textile-conservation\/","title":{"rendered":"Laboratory for textile conservation"},"content":{"rendered":"<p>The Textile Conservation Laboratory takes care of the protection, conservation and display of textile objects at exhibitions. This laboratory also takes care of objects that are stored in the depots of the National Museum of Bosnia and Herzegovina. It is equipped with modern equipment, and active conservation of objects is carried out in it using modern methods.<\/p>\n<h2>Staff<\/h2>\n<p><strong><a href=\"https:\/\/zemaljskimuzej.ba\/en\/about-the-national-museum-of-bosnia-and-herzegovina-2\/organisational-structure-of-the-national-museum-of-bosnia-and-herzegovina\/azra-becevic-sarenkapa-m-sc-in-textile-technology-and-engineering\/\">Mr. Azra Be\u010devi\u0107 \u0160arenkapa<\/a><br \/>\n<\/strong>Deputy Director<strong><br \/>\n<\/strong>Conservator Advisor for textile<\/p>\n","protected":false},"excerpt":{"rendered":"<p>The Textile Conservation Laboratory takes care of the protection, conservation and display of textile objects at exhibitions. This laboratory also takes care of objects that are stored in the depots of the National Museum of Bosnia and Herzegovina. It is equipped with modern equipment, and active conservation of objects is carried out in it using &hellip; <a href=\"https:\/\/zemaljskimuzej.ba\/en\/departments\/department-for-conservation-and-restoration\/laboratory-for-textile-conservation\/\">Find out more<\/a><\/p>\n","protected":false},"author":5,"featured_media":27853,"parent":28324,"menu_order":3,"comment_status":"closed","ping_status":"closed","template":"","meta":{"footnotes":""},"section":[46],"class_list":["post-28338","page","type-page","status-publish","has-post-thumbnail","hentry","section-laboratory-for-textile-conservation"],"yoast_head":"<!-- This site is optimized with the Yoast SEO plugin v27.3 - https:\/\/yoast.com\/product\/yoast-seo-wordpress\/ -->\n<title>Laboratory for textile conservation - Zemaljski muzej BiH<\/title>\n<meta name=\"robots\" content=\"index, follow, max-snippet:-1, max-image-preview:large, max-video-preview:-1\" \/>\n<link rel=\"canonical\" href=\"https:\/\/zemaljskimuzej.ba\/en\/departments\/department-for-conservation-and-restoration\/laboratory-for-textile-conservation\/\" \/>\n<meta property=\"og:locale\" content=\"en_US\" \/>\n<meta property=\"og:type\" content=\"article\" \/>\n<meta property=\"og:title\" content=\"Laboratory for textile conservation - Zemaljski muzej BiH\" \/>\n<meta property=\"og:description\" content=\"The Textile Conservation Laboratory takes care of the protection, conservation and display of textile objects at exhibitions. This laboratory also takes care of objects that are stored in the depots of the National Museum of Bosnia and Herzegovina. It is equipped with modern equipment, and active conservation of objects is carried out in it using &hellip; Find out more\" \/>\n<meta property=\"og:url\" content=\"https:\/\/zemaljskimuzej.ba\/en\/departments\/department-for-conservation-and-restoration\/laboratory-for-textile-conservation\/\" \/>\n<meta property=\"og:site_name\" content=\"Zemaljski muzej BiH\" \/>\n<meta property=\"article:publisher\" content=\"https:\/\/www.facebook.com\/zemaljskimuzej\/\" \/>\n<meta property=\"article:modified_time\" content=\"2025-11-06T16:20:23+00:00\" \/>\n<meta property=\"og:image\" content=\"https:\/\/zemaljskimuzej.ba\/app\/uploads\/2025\/02\/tekstil-naslovna.jpg\" \/>\n\t<meta property=\"og:image:width\" content=\"2000\" \/>\n\t<meta property=\"og:image:height\" content=\"1500\" \/>\n\t<meta property=\"og:image:type\" content=\"image\/jpeg\" \/>\n<meta name=\"twitter:card\" content=\"summary_large_image\" \/>\n<meta name=\"twitter:site\" content=\"@Zemaljskimuzej\" \/>\n<meta name=\"twitter:label1\" content=\"Est. reading time\" \/>\n\t<meta name=\"twitter:data1\" content=\"1 minute\" \/>\n<script type=\"application\/ld+json\" class=\"yoast-schema-graph\">{\"@context\":\"https:\\\/\\\/schema.org\",\"@graph\":[{\"@type\":\"WebPage\",\"@id\":\"https:\\\/\\\/zemaljskimuzej.ba\\\/en\\\/departments\\\/department-for-conservation-and-restoration\\\/laboratory-for-textile-conservation\\\/\",\"url\":\"https:\\\/\\\/zemaljskimuzej.ba\\\/en\\\/departments\\\/department-for-conservation-and-restoration\\\/laboratory-for-textile-conservation\\\/\",\"name\":\"Laboratory for textile conservation - Zemaljski muzej BiH\",\"isPartOf\":{\"@id\":\"https:\\\/\\\/zemaljskimuzej.ba\\\/en\\\/#website\"},\"primaryImageOfPage\":{\"@id\":\"https:\\\/\\\/zemaljskimuzej.ba\\\/en\\\/departments\\\/department-for-conservation-and-restoration\\\/laboratory-for-textile-conservation\\\/#primaryimage\"},\"image\":{\"@id\":\"https:\\\/\\\/zemaljskimuzej.ba\\\/en\\\/departments\\\/department-for-conservation-and-restoration\\\/laboratory-for-textile-conservation\\\/#primaryimage\"},\"thumbnailUrl\":\"https:\\\/\\\/zemaljskimuzej.ba\\\/app\\\/uploads\\\/2025\\\/02\\\/tekstil-naslovna.jpg\",\"datePublished\":\"2025-02-04T22:32:08+00:00\",\"dateModified\":\"2025-11-06T16:20:23+00:00\",\"breadcrumb\":{\"@id\":\"https:\\\/\\\/zemaljskimuzej.ba\\\/en\\\/departments\\\/department-for-conservation-and-restoration\\\/laboratory-for-textile-conservation\\\/#breadcrumb\"},\"inLanguage\":\"en-US\",\"potentialAction\":[{\"@type\":\"ReadAction\",\"target\":[\"https:\\\/\\\/zemaljskimuzej.ba\\\/en\\\/departments\\\/department-for-conservation-and-restoration\\\/laboratory-for-textile-conservation\\\/\"]}]},{\"@type\":\"ImageObject\",\"inLanguage\":\"en-US\",\"@id\":\"https:\\\/\\\/zemaljskimuzej.ba\\\/en\\\/departments\\\/department-for-conservation-and-restoration\\\/laboratory-for-textile-conservation\\\/#primaryimage\",\"url\":\"https:\\\/\\\/zemaljskimuzej.ba\\\/app\\\/uploads\\\/2025\\\/02\\\/tekstil-naslovna.jpg\",\"contentUrl\":\"https:\\\/\\\/zemaljskimuzej.ba\\\/app\\\/uploads\\\/2025\\\/02\\\/tekstil-naslovna.jpg\",\"width\":2000,\"height\":1500},{\"@type\":\"BreadcrumbList\",\"@id\":\"https:\\\/\\\/zemaljskimuzej.ba\\\/en\\\/departments\\\/department-for-conservation-and-restoration\\\/laboratory-for-textile-conservation\\\/#breadcrumb\",\"itemListElement\":[{\"@type\":\"ListItem\",\"position\":1,\"name\":\"Home\",\"item\":\"https:\\\/\\\/zemaljskimuzej.ba\\\/en\\\/\"},{\"@type\":\"ListItem\",\"position\":2,\"name\":\"Departments\",\"item\":\"https:\\\/\\\/zemaljskimuzej.ba\\\/en\\\/departments\\\/\"},{\"@type\":\"ListItem\",\"position\":3,\"name\":\"Department for conservation and restoration\",\"item\":\"https:\\\/\\\/zemaljskimuzej.ba\\\/en\\\/departments\\\/department-for-conservation-and-restoration\\\/\"},{\"@type\":\"ListItem\",\"position\":4,\"name\":\"Laboratory for textile conservation\"}]},{\"@type\":\"WebSite\",\"@id\":\"https:\\\/\\\/zemaljskimuzej.ba\\\/en\\\/#website\",\"url\":\"https:\\\/\\\/zemaljskimuzej.ba\\\/en\\\/\",\"name\":\"Zemaljski muzej BiH\",\"description\":\"\",\"publisher\":{\"@id\":\"https:\\\/\\\/zemaljskimuzej.ba\\\/en\\\/#organization\"},\"potentialAction\":[{\"@type\":\"SearchAction\",\"target\":{\"@type\":\"EntryPoint\",\"urlTemplate\":\"https:\\\/\\\/zemaljskimuzej.ba\\\/en\\\/?s={search_term_string}\"},\"query-input\":{\"@type\":\"PropertyValueSpecification\",\"valueRequired\":true,\"valueName\":\"search_term_string\"}}],\"inLanguage\":\"en-US\"},{\"@type\":\"Organization\",\"@id\":\"https:\\\/\\\/zemaljskimuzej.ba\\\/en\\\/#organization\",\"name\":\"Zemaljski muzej BiH\",\"url\":\"https:\\\/\\\/zemaljskimuzej.ba\\\/en\\\/\",\"logo\":{\"@type\":\"ImageObject\",\"inLanguage\":\"en-US\",\"@id\":\"https:\\\/\\\/zemaljskimuzej.ba\\\/en\\\/#\\\/schema\\\/logo\\\/image\\\/\",\"url\":\"https:\\\/\\\/zemaljskimuzej.ba\\\/app\\\/uploads\\\/2025\\\/08\\\/zmbih-logo.png\",\"contentUrl\":\"https:\\\/\\\/zemaljskimuzej.ba\\\/app\\\/uploads\\\/2025\\\/08\\\/zmbih-logo.png\",\"width\":256,\"height\":256,\"caption\":\"Zemaljski muzej BiH\"},\"image\":{\"@id\":\"https:\\\/\\\/zemaljskimuzej.ba\\\/en\\\/#\\\/schema\\\/logo\\\/image\\\/\"},\"sameAs\":[\"https:\\\/\\\/www.facebook.com\\\/zemaljskimuzej\\\/\",\"https:\\\/\\\/x.com\\\/Zemaljskimuzej\",\"https:\\\/\\\/www.instagram.com\\\/zemaljskimuzej_bih\\\/\",\"https:\\\/\\\/www.youtube.com\\\/channel\\\/UCK-JP1rHT4wJ7MOyVcduoIg\",\"https:\\\/\\\/www.tiktok.com\\\/@zemaljskimuzejbih\"]}]}<\/script>\n<!-- \/ Yoast SEO plugin. -->","yoast_head_json":{"title":"Laboratory for textile conservation - Zemaljski muzej BiH","robots":{"index":"index","follow":"follow","max-snippet":"max-snippet:-1","max-image-preview":"max-image-preview:large","max-video-preview":"max-video-preview:-1"},"canonical":"https:\/\/zemaljskimuzej.ba\/en\/departments\/department-for-conservation-and-restoration\/laboratory-for-textile-conservation\/","og_locale":"en_US","og_type":"article","og_title":"Laboratory for textile conservation - Zemaljski muzej BiH","og_description":"The Textile Conservation Laboratory takes care of the protection, conservation and display of textile objects at exhibitions. This laboratory also takes care of objects that are stored in the depots of the National Museum of Bosnia and Herzegovina. It is equipped with modern equipment, and active conservation of objects is carried out in it using &hellip; Find out more","og_url":"https:\/\/zemaljskimuzej.ba\/en\/departments\/department-for-conservation-and-restoration\/laboratory-for-textile-conservation\/","og_site_name":"Zemaljski muzej BiH","article_publisher":"https:\/\/www.facebook.com\/zemaljskimuzej\/","article_modified_time":"2025-11-06T16:20:23+00:00","og_image":[{"width":2000,"height":1500,"url":"https:\/\/zemaljskimuzej.ba\/app\/uploads\/2025\/02\/tekstil-naslovna.jpg","type":"image\/jpeg"}],"twitter_card":"summary_large_image","twitter_site":"@Zemaljskimuzej","twitter_misc":{"Est. reading time":"1 minute"},"schema":{"@context":"https:\/\/schema.org","@graph":[{"@type":"WebPage","@id":"https:\/\/zemaljskimuzej.ba\/en\/departments\/department-for-conservation-and-restoration\/laboratory-for-textile-conservation\/","url":"https:\/\/zemaljskimuzej.ba\/en\/departments\/department-for-conservation-and-restoration\/laboratory-for-textile-conservation\/","name":"Laboratory for textile conservation - Zemaljski muzej BiH","isPartOf":{"@id":"https:\/\/zemaljskimuzej.ba\/en\/#website"},"primaryImageOfPage":{"@id":"https:\/\/zemaljskimuzej.ba\/en\/departments\/department-for-conservation-and-restoration\/laboratory-for-textile-conservation\/#primaryimage"},"image":{"@id":"https:\/\/zemaljskimuzej.ba\/en\/departments\/department-for-conservation-and-restoration\/laboratory-for-textile-conservation\/#primaryimage"},"thumbnailUrl":"https:\/\/zemaljskimuzej.ba\/app\/uploads\/2025\/02\/tekstil-naslovna.jpg","datePublished":"2025-02-04T22:32:08+00:00","dateModified":"2025-11-06T16:20:23+00:00","breadcrumb":{"@id":"https:\/\/zemaljskimuzej.ba\/en\/departments\/department-for-conservation-and-restoration\/laboratory-for-textile-conservation\/#breadcrumb"},"inLanguage":"en-US","potentialAction":[{"@type":"ReadAction","target":["https:\/\/zemaljskimuzej.ba\/en\/departments\/department-for-conservation-and-restoration\/laboratory-for-textile-conservation\/"]}]},{"@type":"ImageObject","inLanguage":"en-US","@id":"https:\/\/zemaljskimuzej.ba\/en\/departments\/department-for-conservation-and-restoration\/laboratory-for-textile-conservation\/#primaryimage","url":"https:\/\/zemaljskimuzej.ba\/app\/uploads\/2025\/02\/tekstil-naslovna.jpg","contentUrl":"https:\/\/zemaljskimuzej.ba\/app\/uploads\/2025\/02\/tekstil-naslovna.jpg","width":2000,"height":1500},{"@type":"BreadcrumbList","@id":"https:\/\/zemaljskimuzej.ba\/en\/departments\/department-for-conservation-and-restoration\/laboratory-for-textile-conservation\/#breadcrumb","itemListElement":[{"@type":"ListItem","position":1,"name":"Home","item":"https:\/\/zemaljskimuzej.ba\/en\/"},{"@type":"ListItem","position":2,"name":"Departments","item":"https:\/\/zemaljskimuzej.ba\/en\/departments\/"},{"@type":"ListItem","position":3,"name":"Department for conservation and restoration","item":"https:\/\/zemaljskimuzej.ba\/en\/departments\/department-for-conservation-and-restoration\/"},{"@type":"ListItem","position":4,"name":"Laboratory for textile conservation"}]},{"@type":"WebSite","@id":"https:\/\/zemaljskimuzej.ba\/en\/#website","url":"https:\/\/zemaljskimuzej.ba\/en\/","name":"Zemaljski muzej BiH","description":"","publisher":{"@id":"https:\/\/zemaljskimuzej.ba\/en\/#organization"},"potentialAction":[{"@type":"SearchAction","target":{"@type":"EntryPoint","urlTemplate":"https:\/\/zemaljskimuzej.ba\/en\/?s={search_term_string}"},"query-input":{"@type":"PropertyValueSpecification","valueRequired":true,"valueName":"search_term_string"}}],"inLanguage":"en-US"},{"@type":"Organization","@id":"https:\/\/zemaljskimuzej.ba\/en\/#organization","name":"Zemaljski muzej BiH","url":"https:\/\/zemaljskimuzej.ba\/en\/","logo":{"@type":"ImageObject","inLanguage":"en-US","@id":"https:\/\/zemaljskimuzej.ba\/en\/#\/schema\/logo\/image\/","url":"https:\/\/zemaljskimuzej.ba\/app\/uploads\/2025\/08\/zmbih-logo.png","contentUrl":"https:\/\/zemaljskimuzej.ba\/app\/uploads\/2025\/08\/zmbih-logo.png","width":256,"height":256,"caption":"Zemaljski muzej BiH"},"image":{"@id":"https:\/\/zemaljskimuzej.ba\/en\/#\/schema\/logo\/image\/"},"sameAs":["https:\/\/www.facebook.com\/zemaljskimuzej\/","https:\/\/x.com\/Zemaljskimuzej","https:\/\/www.instagram.com\/zemaljskimuzej_bih\/","https:\/\/www.youtube.com\/channel\/UCK-JP1rHT4wJ7MOyVcduoIg","https:\/\/www.tiktok.com\/@zemaljskimuzejbih"]}]}},"_links":{"self":[{"href":"https:\/\/zemaljskimuzej.ba\/en\/wp-json\/wp\/v2\/pages\/28338","targetHints":{"allow":["GET"]}}],"collection":[{"href":"https:\/\/zemaljskimuzej.ba\/en\/wp-json\/wp\/v2\/pages"}],"about":[{"href":"https:\/\/zemaljskimuzej.ba\/en\/wp-json\/wp\/v2\/types\/page"}],"author":[{"embeddable":true,"href":"https:\/\/zemaljskimuzej.ba\/en\/wp-json\/wp\/v2\/users\/5"}],"replies":[{"embeddable":true,"href":"https:\/\/zemaljskimuzej.ba\/en\/wp-json\/wp\/v2\/comments?post=28338"}],"version-history":[{"count":4,"href":"https:\/\/zemaljskimuzej.ba\/en\/wp-json\/wp\/v2\/pages\/28338\/revisions"}],"predecessor-version":[{"id":29154,"href":"https:\/\/zemaljskimuzej.ba\/en\/wp-json\/wp\/v2\/pages\/28338\/revisions\/29154"}],"up":[{"embeddable":true,"href":"https:\/\/zemaljskimuzej.ba\/en\/wp-json\/wp\/v2\/pages\/28324"}],"wp:featuredmedia":[{"embeddable":true,"href":"https:\/\/zemaljskimuzej.ba\/en\/wp-json\/wp\/v2\/media\/27853"}],"wp:attachment":[{"href":"https:\/\/zemaljskimuzej.ba\/en\/wp-json\/wp\/v2\/media?parent=28338"}],"wp:term":[{"taxonomy":"section","embeddable":true,"href":"https:\/\/zemaljskimuzej.ba\/en\/wp-json\/wp\/v2\/section?post=28338"}],"curies":[{"name":"wp","href":"https:\/\/api.w.org\/{rel}","templated":true}]}}