{"id":28345,"date":"2025-02-04T23:32:08","date_gmt":"2025-02-04T22:32:08","guid":{"rendered":"https:\/\/zemaljskimuzej.ba\/?page_id=28345"},"modified":"2025-07-10T19:42:30","modified_gmt":"2025-07-10T17:42:30","slug":"taxidermy-laboratory","status":"publish","type":"page","link":"https:\/\/zemaljskimuzej.ba\/en\/departments\/department-for-conservation-and-restoration\/taxidermy-laboratory\/","title":{"rendered":"Taxidermy laboratory"},"content":{"rendered":"<p>The laboratory deals with the conservation of authentic natural history exhibits, taxidermy, preparation of invertebrates and vertebrates, botanical material, and processing of fossil and geological material. Also, in this workshop, conservators work on making models and replicas of animals, recent and extinct, and create ambient spaces \u2013 dioramas.<\/p>\n<h2>Staff<\/h2>\n<p><strong>Fe\u0111a \u0106ehaji\u0107<\/strong><br \/>\nSenior conservator<\/p>\n<p><strong>Damir Bakija<\/strong><br \/>\nConservator<\/p>\n","protected":false},"excerpt":{"rendered":"<p>The laboratory deals with the conservation of authentic natural history exhibits, taxidermy, preparation of invertebrates and vertebrates, botanical material, and processing of fossil and geological material. Also, in this workshop, conservators work on making models and replicas of animals, recent and extinct, and create ambient spaces \u2013 dioramas. Staff Fe\u0111a \u0106ehaji\u0107 Senior conservator Damir Bakija &hellip; <a href=\"https:\/\/zemaljskimuzej.ba\/en\/departments\/department-for-conservation-and-restoration\/taxidermy-laboratory\/\">Find out more<\/a><\/p>\n","protected":false},"author":5,"featured_media":27856,"parent":28324,"menu_order":4,"comment_status":"closed","ping_status":"closed","template":"","meta":{"footnotes":""},"section":[47],"class_list":["post-28345","page","type-page","status-publish","has-post-thumbnail","hentry","section-taxidermy-laboratory"],"yoast_head":"<!-- This site is optimized with the Yoast SEO plugin v27.3 - https:\/\/yoast.com\/product\/yoast-seo-wordpress\/ -->\n<title>Taxidermy laboratory - Zemaljski muzej BiH<\/title>\n<meta name=\"robots\" content=\"index, follow, max-snippet:-1, max-image-preview:large, max-video-preview:-1\" \/>\n<link rel=\"canonical\" href=\"https:\/\/zemaljskimuzej.ba\/en\/departments\/department-for-conservation-and-restoration\/taxidermy-laboratory\/\" \/>\n<meta property=\"og:locale\" content=\"en_US\" \/>\n<meta property=\"og:type\" content=\"article\" \/>\n<meta property=\"og:title\" content=\"Taxidermy laboratory - Zemaljski muzej BiH\" \/>\n<meta property=\"og:description\" content=\"The laboratory deals with the conservation of authentic natural history exhibits, taxidermy, preparation of invertebrates and vertebrates, botanical material, and processing of fossil and geological material. Also, in this workshop, conservators work on making models and replicas of animals, recent and extinct, and create ambient spaces \u2013 dioramas. Staff Fe\u0111a \u0106ehaji\u0107 Senior conservator Damir Bakija &hellip; Find out more\" \/>\n<meta property=\"og:url\" content=\"https:\/\/zemaljskimuzej.ba\/en\/departments\/department-for-conservation-and-restoration\/taxidermy-laboratory\/\" \/>\n<meta property=\"og:site_name\" content=\"Zemaljski muzej BiH\" \/>\n<meta property=\"article:publisher\" content=\"https:\/\/www.facebook.com\/zemaljskimuzej\/\" \/>\n<meta property=\"article:modified_time\" content=\"2025-07-10T17:42:30+00:00\" \/>\n<meta property=\"og:image\" content=\"https:\/\/zemaljskimuzej.ba\/app\/uploads\/2025\/02\/taxidermija-naslovna.jpg\" \/>\n\t<meta property=\"og:image:width\" content=\"2000\" \/>\n\t<meta property=\"og:image:height\" content=\"1500\" \/>\n\t<meta property=\"og:image:type\" content=\"image\/jpeg\" \/>\n<meta name=\"twitter:card\" content=\"summary_large_image\" \/>\n<meta name=\"twitter:site\" content=\"@Zemaljskimuzej\" \/>\n<script type=\"application\/ld+json\" class=\"yoast-schema-graph\">{\"@context\":\"https:\\\/\\\/schema.org\",\"@graph\":[{\"@type\":\"WebPage\",\"@id\":\"https:\\\/\\\/zemaljskimuzej.ba\\\/en\\\/departments\\\/department-for-conservation-and-restoration\\\/taxidermy-laboratory\\\/\",\"url\":\"https:\\\/\\\/zemaljskimuzej.ba\\\/en\\\/departments\\\/department-for-conservation-and-restoration\\\/taxidermy-laboratory\\\/\",\"name\":\"Taxidermy laboratory - Zemaljski muzej BiH\",\"isPartOf\":{\"@id\":\"https:\\\/\\\/zemaljskimuzej.ba\\\/en\\\/#website\"},\"primaryImageOfPage\":{\"@id\":\"https:\\\/\\\/zemaljskimuzej.ba\\\/en\\\/departments\\\/department-for-conservation-and-restoration\\\/taxidermy-laboratory\\\/#primaryimage\"},\"image\":{\"@id\":\"https:\\\/\\\/zemaljskimuzej.ba\\\/en\\\/departments\\\/department-for-conservation-and-restoration\\\/taxidermy-laboratory\\\/#primaryimage\"},\"thumbnailUrl\":\"https:\\\/\\\/zemaljskimuzej.ba\\\/app\\\/uploads\\\/2025\\\/02\\\/taxidermija-naslovna.jpg\",\"datePublished\":\"2025-02-04T22:32:08+00:00\",\"dateModified\":\"2025-07-10T17:42:30+00:00\",\"breadcrumb\":{\"@id\":\"https:\\\/\\\/zemaljskimuzej.ba\\\/en\\\/departments\\\/department-for-conservation-and-restoration\\\/taxidermy-laboratory\\\/#breadcrumb\"},\"inLanguage\":\"en-US\",\"potentialAction\":[{\"@type\":\"ReadAction\",\"target\":[\"https:\\\/\\\/zemaljskimuzej.ba\\\/en\\\/departments\\\/department-for-conservation-and-restoration\\\/taxidermy-laboratory\\\/\"]}]},{\"@type\":\"ImageObject\",\"inLanguage\":\"en-US\",\"@id\":\"https:\\\/\\\/zemaljskimuzej.ba\\\/en\\\/departments\\\/department-for-conservation-and-restoration\\\/taxidermy-laboratory\\\/#primaryimage\",\"url\":\"https:\\\/\\\/zemaljskimuzej.ba\\\/app\\\/uploads\\\/2025\\\/02\\\/taxidermija-naslovna.jpg\",\"contentUrl\":\"https:\\\/\\\/zemaljskimuzej.ba\\\/app\\\/uploads\\\/2025\\\/02\\\/taxidermija-naslovna.jpg\",\"width\":2000,\"height\":1500},{\"@type\":\"BreadcrumbList\",\"@id\":\"https:\\\/\\\/zemaljskimuzej.ba\\\/en\\\/departments\\\/department-for-conservation-and-restoration\\\/taxidermy-laboratory\\\/#breadcrumb\",\"itemListElement\":[{\"@type\":\"ListItem\",\"position\":1,\"name\":\"Home\",\"item\":\"https:\\\/\\\/zemaljskimuzej.ba\\\/en\\\/\"},{\"@type\":\"ListItem\",\"position\":2,\"name\":\"Departments\",\"item\":\"https:\\\/\\\/zemaljskimuzej.ba\\\/en\\\/departments\\\/\"},{\"@type\":\"ListItem\",\"position\":3,\"name\":\"Department for conservation and restoration\",\"item\":\"https:\\\/\\\/zemaljskimuzej.ba\\\/en\\\/departments\\\/department-for-conservation-and-restoration\\\/\"},{\"@type\":\"ListItem\",\"position\":4,\"name\":\"Taxidermy laboratory\"}]},{\"@type\":\"WebSite\",\"@id\":\"https:\\\/\\\/zemaljskimuzej.ba\\\/en\\\/#website\",\"url\":\"https:\\\/\\\/zemaljskimuzej.ba\\\/en\\\/\",\"name\":\"Zemaljski muzej BiH\",\"description\":\"\",\"publisher\":{\"@id\":\"https:\\\/\\\/zemaljskimuzej.ba\\\/en\\\/#organization\"},\"potentialAction\":[{\"@type\":\"SearchAction\",\"target\":{\"@type\":\"EntryPoint\",\"urlTemplate\":\"https:\\\/\\\/zemaljskimuzej.ba\\\/en\\\/?s={search_term_string}\"},\"query-input\":{\"@type\":\"PropertyValueSpecification\",\"valueRequired\":true,\"valueName\":\"search_term_string\"}}],\"inLanguage\":\"en-US\"},{\"@type\":\"Organization\",\"@id\":\"https:\\\/\\\/zemaljskimuzej.ba\\\/en\\\/#organization\",\"name\":\"Zemaljski muzej BiH\",\"url\":\"https:\\\/\\\/zemaljskimuzej.ba\\\/en\\\/\",\"logo\":{\"@type\":\"ImageObject\",\"inLanguage\":\"en-US\",\"@id\":\"https:\\\/\\\/zemaljskimuzej.ba\\\/en\\\/#\\\/schema\\\/logo\\\/image\\\/\",\"url\":\"https:\\\/\\\/zemaljskimuzej.ba\\\/app\\\/uploads\\\/2025\\\/08\\\/zmbih-logo.png\",\"contentUrl\":\"https:\\\/\\\/zemaljskimuzej.ba\\\/app\\\/uploads\\\/2025\\\/08\\\/zmbih-logo.png\",\"width\":256,\"height\":256,\"caption\":\"Zemaljski muzej BiH\"},\"image\":{\"@id\":\"https:\\\/\\\/zemaljskimuzej.ba\\\/en\\\/#\\\/schema\\\/logo\\\/image\\\/\"},\"sameAs\":[\"https:\\\/\\\/www.facebook.com\\\/zemaljskimuzej\\\/\",\"https:\\\/\\\/x.com\\\/Zemaljskimuzej\",\"https:\\\/\\\/www.instagram.com\\\/zemaljskimuzej_bih\\\/\",\"https:\\\/\\\/www.youtube.com\\\/channel\\\/UCK-JP1rHT4wJ7MOyVcduoIg\",\"https:\\\/\\\/www.tiktok.com\\\/@zemaljskimuzejbih\"]}]}<\/script>\n<!-- \/ Yoast SEO plugin. -->","yoast_head_json":{"title":"Taxidermy laboratory - Zemaljski muzej BiH","robots":{"index":"index","follow":"follow","max-snippet":"max-snippet:-1","max-image-preview":"max-image-preview:large","max-video-preview":"max-video-preview:-1"},"canonical":"https:\/\/zemaljskimuzej.ba\/en\/departments\/department-for-conservation-and-restoration\/taxidermy-laboratory\/","og_locale":"en_US","og_type":"article","og_title":"Taxidermy laboratory - Zemaljski muzej BiH","og_description":"The laboratory deals with the conservation of authentic natural history exhibits, taxidermy, preparation of invertebrates and vertebrates, botanical material, and processing of fossil and geological material. Also, in this workshop, conservators work on making models and replicas of animals, recent and extinct, and create ambient spaces \u2013 dioramas. Staff Fe\u0111a \u0106ehaji\u0107 Senior conservator Damir Bakija &hellip; Find out more","og_url":"https:\/\/zemaljskimuzej.ba\/en\/departments\/department-for-conservation-and-restoration\/taxidermy-laboratory\/","og_site_name":"Zemaljski muzej BiH","article_publisher":"https:\/\/www.facebook.com\/zemaljskimuzej\/","article_modified_time":"2025-07-10T17:42:30+00:00","og_image":[{"width":2000,"height":1500,"url":"https:\/\/zemaljskimuzej.ba\/app\/uploads\/2025\/02\/taxidermija-naslovna.jpg","type":"image\/jpeg"}],"twitter_card":"summary_large_image","twitter_site":"@Zemaljskimuzej","schema":{"@context":"https:\/\/schema.org","@graph":[{"@type":"WebPage","@id":"https:\/\/zemaljskimuzej.ba\/en\/departments\/department-for-conservation-and-restoration\/taxidermy-laboratory\/","url":"https:\/\/zemaljskimuzej.ba\/en\/departments\/department-for-conservation-and-restoration\/taxidermy-laboratory\/","name":"Taxidermy laboratory - Zemaljski muzej BiH","isPartOf":{"@id":"https:\/\/zemaljskimuzej.ba\/en\/#website"},"primaryImageOfPage":{"@id":"https:\/\/zemaljskimuzej.ba\/en\/departments\/department-for-conservation-and-restoration\/taxidermy-laboratory\/#primaryimage"},"image":{"@id":"https:\/\/zemaljskimuzej.ba\/en\/departments\/department-for-conservation-and-restoration\/taxidermy-laboratory\/#primaryimage"},"thumbnailUrl":"https:\/\/zemaljskimuzej.ba\/app\/uploads\/2025\/02\/taxidermija-naslovna.jpg","datePublished":"2025-02-04T22:32:08+00:00","dateModified":"2025-07-10T17:42:30+00:00","breadcrumb":{"@id":"https:\/\/zemaljskimuzej.ba\/en\/departments\/department-for-conservation-and-restoration\/taxidermy-laboratory\/#breadcrumb"},"inLanguage":"en-US","potentialAction":[{"@type":"ReadAction","target":["https:\/\/zemaljskimuzej.ba\/en\/departments\/department-for-conservation-and-restoration\/taxidermy-laboratory\/"]}]},{"@type":"ImageObject","inLanguage":"en-US","@id":"https:\/\/zemaljskimuzej.ba\/en\/departments\/department-for-conservation-and-restoration\/taxidermy-laboratory\/#primaryimage","url":"https:\/\/zemaljskimuzej.ba\/app\/uploads\/2025\/02\/taxidermija-naslovna.jpg","contentUrl":"https:\/\/zemaljskimuzej.ba\/app\/uploads\/2025\/02\/taxidermija-naslovna.jpg","width":2000,"height":1500},{"@type":"BreadcrumbList","@id":"https:\/\/zemaljskimuzej.ba\/en\/departments\/department-for-conservation-and-restoration\/taxidermy-laboratory\/#breadcrumb","itemListElement":[{"@type":"ListItem","position":1,"name":"Home","item":"https:\/\/zemaljskimuzej.ba\/en\/"},{"@type":"ListItem","position":2,"name":"Departments","item":"https:\/\/zemaljskimuzej.ba\/en\/departments\/"},{"@type":"ListItem","position":3,"name":"Department for conservation and restoration","item":"https:\/\/zemaljskimuzej.ba\/en\/departments\/department-for-conservation-and-restoration\/"},{"@type":"ListItem","position":4,"name":"Taxidermy laboratory"}]},{"@type":"WebSite","@id":"https:\/\/zemaljskimuzej.ba\/en\/#website","url":"https:\/\/zemaljskimuzej.ba\/en\/","name":"Zemaljski muzej BiH","description":"","publisher":{"@id":"https:\/\/zemaljskimuzej.ba\/en\/#organization"},"potentialAction":[{"@type":"SearchAction","target":{"@type":"EntryPoint","urlTemplate":"https:\/\/zemaljskimuzej.ba\/en\/?s={search_term_string}"},"query-input":{"@type":"PropertyValueSpecification","valueRequired":true,"valueName":"search_term_string"}}],"inLanguage":"en-US"},{"@type":"Organization","@id":"https:\/\/zemaljskimuzej.ba\/en\/#organization","name":"Zemaljski muzej BiH","url":"https:\/\/zemaljskimuzej.ba\/en\/","logo":{"@type":"ImageObject","inLanguage":"en-US","@id":"https:\/\/zemaljskimuzej.ba\/en\/#\/schema\/logo\/image\/","url":"https:\/\/zemaljskimuzej.ba\/app\/uploads\/2025\/08\/zmbih-logo.png","contentUrl":"https:\/\/zemaljskimuzej.ba\/app\/uploads\/2025\/08\/zmbih-logo.png","width":256,"height":256,"caption":"Zemaljski muzej BiH"},"image":{"@id":"https:\/\/zemaljskimuzej.ba\/en\/#\/schema\/logo\/image\/"},"sameAs":["https:\/\/www.facebook.com\/zemaljskimuzej\/","https:\/\/x.com\/Zemaljskimuzej","https:\/\/www.instagram.com\/zemaljskimuzej_bih\/","https:\/\/www.youtube.com\/channel\/UCK-JP1rHT4wJ7MOyVcduoIg","https:\/\/www.tiktok.com\/@zemaljskimuzejbih"]}]}},"_links":{"self":[{"href":"https:\/\/zemaljskimuzej.ba\/en\/wp-json\/wp\/v2\/pages\/28345","targetHints":{"allow":["GET"]}}],"collection":[{"href":"https:\/\/zemaljskimuzej.ba\/en\/wp-json\/wp\/v2\/pages"}],"about":[{"href":"https:\/\/zemaljskimuzej.ba\/en\/wp-json\/wp\/v2\/types\/page"}],"author":[{"embeddable":true,"href":"https:\/\/zemaljskimuzej.ba\/en\/wp-json\/wp\/v2\/users\/5"}],"replies":[{"embeddable":true,"href":"https:\/\/zemaljskimuzej.ba\/en\/wp-json\/wp\/v2\/comments?post=28345"}],"version-history":[{"count":2,"href":"https:\/\/zemaljskimuzej.ba\/en\/wp-json\/wp\/v2\/pages\/28345\/revisions"}],"predecessor-version":[{"id":28719,"href":"https:\/\/zemaljskimuzej.ba\/en\/wp-json\/wp\/v2\/pages\/28345\/revisions\/28719"}],"up":[{"embeddable":true,"href":"https:\/\/zemaljskimuzej.ba\/en\/wp-json\/wp\/v2\/pages\/28324"}],"wp:featuredmedia":[{"embeddable":true,"href":"https:\/\/zemaljskimuzej.ba\/en\/wp-json\/wp\/v2\/media\/27856"}],"wp:attachment":[{"href":"https:\/\/zemaljskimuzej.ba\/en\/wp-json\/wp\/v2\/media?parent=28345"}],"wp:term":[{"taxonomy":"section","embeddable":true,"href":"https:\/\/zemaljskimuzej.ba\/en\/wp-json\/wp\/v2\/section?post=28345"}],"curies":[{"name":"wp","href":"https:\/\/api.w.org\/{rel}","templated":true}]}}