{"id":28517,"date":"2025-03-13T09:02:48","date_gmt":"2025-03-13T08:02:48","guid":{"rendered":"https:\/\/zemaljskimuzej.ba\/?page_id=28517"},"modified":"2025-06-13T21:24:56","modified_gmt":"2025-06-13T21:24:56","slug":"fossils-of-sarajevo-and-its-surroundings-the-fossil-story-of-the-development-of-life-from-bacteria-to-the-present","status":"publish","type":"page","link":"https:\/\/zemaljskimuzej.ba\/en\/about-the-national-museum-of-bosnia-and-herzegovina-2\/publications\/theme-natural-sciences\/fossils-of-sarajevo-and-its-surroundings-the-fossil-story-of-the-development-of-life-from-bacteria-to-the-present\/","title":{"rendered":"Fossils of Sarajevo and its Surroundings: The Fossil Story of the Development of Life from Bacteria to the Present"},"content":{"rendered":"<p>The work brings life as it once was, as well as the sequence of events that led to the existence of today&#8217;s living world, closer to the wider public. All fossils shown are from the paleontological collection of the National Museum of Bosnia and Herzegovina. The catalogue follows the permanent exhibition at the Department of Natural Sciences of the National Museum of Bosnia and Herzegovina.<\/p>\n<p><strong>Author:<\/strong> Bo\u017eena \u010cvorovi\u0107<\/p>\n<p>If you are interested in purchasing, please click here.<br \/>\nSend feedback<br \/>\nSide panels<br \/>\nHistory<br \/>\nSaved<\/p>\n","protected":false},"excerpt":{"rendered":"<p>The work brings life as it once was, as well as the sequence of events that led to the existence of today&#8217;s living world, closer to the wider public. All fossils shown are from the paleontological collection of the National Museum of Bosnia and Herzegovina. The catalogue follows the permanent exhibition at the Department of &hellip; <a href=\"https:\/\/zemaljskimuzej.ba\/en\/about-the-national-museum-of-bosnia-and-herzegovina-2\/publications\/theme-natural-sciences\/fossils-of-sarajevo-and-its-surroundings-the-fossil-story-of-the-development-of-life-from-bacteria-to-the-present\/\">Find out more<\/a><\/p>\n","protected":false},"author":5,"featured_media":28042,"parent":28542,"menu_order":1,"comment_status":"closed","ping_status":"closed","template":"","meta":{"footnotes":""},"section":[],"class_list":["post-28517","page","type-page","status-publish","has-post-thumbnail","hentry"],"yoast_head":"<!-- This site is optimized with the Yoast SEO plugin v27.3 - https:\/\/yoast.com\/product\/yoast-seo-wordpress\/ -->\n<title>Fossils of Sarajevo and its Surroundings: The Fossil Story of the Development of Life from Bacteria to the Present - Zemaljski muzej BiH<\/title>\n<meta name=\"robots\" content=\"index, follow, max-snippet:-1, max-image-preview:large, max-video-preview:-1\" \/>\n<link rel=\"canonical\" href=\"https:\/\/zemaljskimuzej.ba\/en\/about-the-national-museum-of-bosnia-and-herzegovina-2\/publications\/theme-natural-sciences\/fossils-of-sarajevo-and-its-surroundings-the-fossil-story-of-the-development-of-life-from-bacteria-to-the-present\/\" \/>\n<meta property=\"og:locale\" content=\"en_US\" \/>\n<meta property=\"og:type\" content=\"article\" \/>\n<meta property=\"og:title\" content=\"Fossils of Sarajevo and its Surroundings: The Fossil Story of the Development of Life from Bacteria to the Present - Zemaljski muzej BiH\" \/>\n<meta property=\"og:description\" content=\"The work brings life as it once was, as well as the sequence of events that led to the existence of today&#8217;s living world, closer to the wider public. All fossils shown are from the paleontological collection of the National Museum of Bosnia and Herzegovina. The catalogue follows the permanent exhibition at the Department of &hellip; Find out more\" \/>\n<meta property=\"og:url\" content=\"https:\/\/zemaljskimuzej.ba\/en\/about-the-national-museum-of-bosnia-and-herzegovina-2\/publications\/theme-natural-sciences\/fossils-of-sarajevo-and-its-surroundings-the-fossil-story-of-the-development-of-life-from-bacteria-to-the-present\/\" \/>\n<meta property=\"og:site_name\" content=\"Zemaljski muzej BiH\" \/>\n<meta property=\"article:publisher\" content=\"https:\/\/www.facebook.com\/zemaljskimuzej\/\" \/>\n<meta property=\"article:modified_time\" content=\"2025-06-13T21:24:56+00:00\" \/>\n<meta property=\"og:image\" content=\"https:\/\/zemaljskimuzej.ba\/app\/uploads\/2025\/03\/Fosili-1.jpg\" \/>\n\t<meta property=\"og:image:width\" content=\"1920\" \/>\n\t<meta property=\"og:image:height\" content=\"1027\" \/>\n\t<meta property=\"og:image:type\" content=\"image\/jpeg\" \/>\n<meta name=\"twitter:card\" content=\"summary_large_image\" \/>\n<meta name=\"twitter:site\" content=\"@Zemaljskimuzej\" \/>\n<script type=\"application\/ld+json\" class=\"yoast-schema-graph\">{\"@context\":\"https:\\\/\\\/schema.org\",\"@graph\":[{\"@type\":\"WebPage\",\"@id\":\"https:\\\/\\\/zemaljskimuzej.ba\\\/en\\\/about-the-national-museum-of-bosnia-and-herzegovina-2\\\/publications\\\/theme-natural-sciences\\\/fossils-of-sarajevo-and-its-surroundings-the-fossil-story-of-the-development-of-life-from-bacteria-to-the-present\\\/\",\"url\":\"https:\\\/\\\/zemaljskimuzej.ba\\\/en\\\/about-the-national-museum-of-bosnia-and-herzegovina-2\\\/publications\\\/theme-natural-sciences\\\/fossils-of-sarajevo-and-its-surroundings-the-fossil-story-of-the-development-of-life-from-bacteria-to-the-present\\\/\",\"name\":\"Fossils of Sarajevo and its Surroundings: The Fossil Story of the Development of Life from Bacteria to the Present - Zemaljski muzej BiH\",\"isPartOf\":{\"@id\":\"https:\\\/\\\/zemaljskimuzej.ba\\\/en\\\/#website\"},\"primaryImageOfPage\":{\"@id\":\"https:\\\/\\\/zemaljskimuzej.ba\\\/en\\\/about-the-national-museum-of-bosnia-and-herzegovina-2\\\/publications\\\/theme-natural-sciences\\\/fossils-of-sarajevo-and-its-surroundings-the-fossil-story-of-the-development-of-life-from-bacteria-to-the-present\\\/#primaryimage\"},\"image\":{\"@id\":\"https:\\\/\\\/zemaljskimuzej.ba\\\/en\\\/about-the-national-museum-of-bosnia-and-herzegovina-2\\\/publications\\\/theme-natural-sciences\\\/fossils-of-sarajevo-and-its-surroundings-the-fossil-story-of-the-development-of-life-from-bacteria-to-the-present\\\/#primaryimage\"},\"thumbnailUrl\":\"https:\\\/\\\/zemaljskimuzej.ba\\\/app\\\/uploads\\\/2025\\\/03\\\/Fosili-1.jpg\",\"datePublished\":\"2025-03-13T08:02:48+00:00\",\"dateModified\":\"2025-06-13T21:24:56+00:00\",\"breadcrumb\":{\"@id\":\"https:\\\/\\\/zemaljskimuzej.ba\\\/en\\\/about-the-national-museum-of-bosnia-and-herzegovina-2\\\/publications\\\/theme-natural-sciences\\\/fossils-of-sarajevo-and-its-surroundings-the-fossil-story-of-the-development-of-life-from-bacteria-to-the-present\\\/#breadcrumb\"},\"inLanguage\":\"en-US\",\"potentialAction\":[{\"@type\":\"ReadAction\",\"target\":[\"https:\\\/\\\/zemaljskimuzej.ba\\\/en\\\/about-the-national-museum-of-bosnia-and-herzegovina-2\\\/publications\\\/theme-natural-sciences\\\/fossils-of-sarajevo-and-its-surroundings-the-fossil-story-of-the-development-of-life-from-bacteria-to-the-present\\\/\"]}]},{\"@type\":\"ImageObject\",\"inLanguage\":\"en-US\",\"@id\":\"https:\\\/\\\/zemaljskimuzej.ba\\\/en\\\/about-the-national-museum-of-bosnia-and-herzegovina-2\\\/publications\\\/theme-natural-sciences\\\/fossils-of-sarajevo-and-its-surroundings-the-fossil-story-of-the-development-of-life-from-bacteria-to-the-present\\\/#primaryimage\",\"url\":\"https:\\\/\\\/zemaljskimuzej.ba\\\/app\\\/uploads\\\/2025\\\/03\\\/Fosili-1.jpg\",\"contentUrl\":\"https:\\\/\\\/zemaljskimuzej.ba\\\/app\\\/uploads\\\/2025\\\/03\\\/Fosili-1.jpg\",\"width\":1920,\"height\":1027},{\"@type\":\"BreadcrumbList\",\"@id\":\"https:\\\/\\\/zemaljskimuzej.ba\\\/en\\\/about-the-national-museum-of-bosnia-and-herzegovina-2\\\/publications\\\/theme-natural-sciences\\\/fossils-of-sarajevo-and-its-surroundings-the-fossil-story-of-the-development-of-life-from-bacteria-to-the-present\\\/#breadcrumb\",\"itemListElement\":[{\"@type\":\"ListItem\",\"position\":1,\"name\":\"Home\",\"item\":\"https:\\\/\\\/zemaljskimuzej.ba\\\/en\\\/\"},{\"@type\":\"ListItem\",\"position\":2,\"name\":\"About\",\"item\":\"https:\\\/\\\/zemaljskimuzej.ba\\\/en\\\/about-the-national-museum-of-bosnia-and-herzegovina-2\\\/\"},{\"@type\":\"ListItem\",\"position\":3,\"name\":\"Publications\",\"item\":\"https:\\\/\\\/zemaljskimuzej.ba\\\/en\\\/about-the-national-museum-of-bosnia-and-herzegovina-2\\\/publications\\\/\"},{\"@type\":\"ListItem\",\"position\":4,\"name\":\"Theme: Natural Sciences\",\"item\":\"https:\\\/\\\/zemaljskimuzej.ba\\\/en\\\/about-the-national-museum-of-bosnia-and-herzegovina-2\\\/publications\\\/theme-natural-sciences\\\/\"},{\"@type\":\"ListItem\",\"position\":5,\"name\":\"Fossils of Sarajevo and its Surroundings: The Fossil Story of the Development of Life from Bacteria to the Present\"}]},{\"@type\":\"WebSite\",\"@id\":\"https:\\\/\\\/zemaljskimuzej.ba\\\/en\\\/#website\",\"url\":\"https:\\\/\\\/zemaljskimuzej.ba\\\/en\\\/\",\"name\":\"Zemaljski muzej BiH\",\"description\":\"\",\"publisher\":{\"@id\":\"https:\\\/\\\/zemaljskimuzej.ba\\\/en\\\/#organization\"},\"potentialAction\":[{\"@type\":\"SearchAction\",\"target\":{\"@type\":\"EntryPoint\",\"urlTemplate\":\"https:\\\/\\\/zemaljskimuzej.ba\\\/en\\\/?s={search_term_string}\"},\"query-input\":{\"@type\":\"PropertyValueSpecification\",\"valueRequired\":true,\"valueName\":\"search_term_string\"}}],\"inLanguage\":\"en-US\"},{\"@type\":\"Organization\",\"@id\":\"https:\\\/\\\/zemaljskimuzej.ba\\\/en\\\/#organization\",\"name\":\"Zemaljski muzej BiH\",\"url\":\"https:\\\/\\\/zemaljskimuzej.ba\\\/en\\\/\",\"logo\":{\"@type\":\"ImageObject\",\"inLanguage\":\"en-US\",\"@id\":\"https:\\\/\\\/zemaljskimuzej.ba\\\/en\\\/#\\\/schema\\\/logo\\\/image\\\/\",\"url\":\"https:\\\/\\\/zemaljskimuzej.ba\\\/app\\\/uploads\\\/2025\\\/08\\\/zmbih-logo.png\",\"contentUrl\":\"https:\\\/\\\/zemaljskimuzej.ba\\\/app\\\/uploads\\\/2025\\\/08\\\/zmbih-logo.png\",\"width\":256,\"height\":256,\"caption\":\"Zemaljski muzej BiH\"},\"image\":{\"@id\":\"https:\\\/\\\/zemaljskimuzej.ba\\\/en\\\/#\\\/schema\\\/logo\\\/image\\\/\"},\"sameAs\":[\"https:\\\/\\\/www.facebook.com\\\/zemaljskimuzej\\\/\",\"https:\\\/\\\/x.com\\\/Zemaljskimuzej\",\"https:\\\/\\\/www.instagram.com\\\/zemaljskimuzej_bih\\\/\",\"https:\\\/\\\/www.youtube.com\\\/channel\\\/UCK-JP1rHT4wJ7MOyVcduoIg\",\"https:\\\/\\\/www.tiktok.com\\\/@zemaljskimuzejbih\"]}]}<\/script>\n<!-- \/ Yoast SEO plugin. -->","yoast_head_json":{"title":"Fossils of Sarajevo and its Surroundings: The Fossil Story of the Development of Life from Bacteria to the Present - Zemaljski muzej BiH","robots":{"index":"index","follow":"follow","max-snippet":"max-snippet:-1","max-image-preview":"max-image-preview:large","max-video-preview":"max-video-preview:-1"},"canonical":"https:\/\/zemaljskimuzej.ba\/en\/about-the-national-museum-of-bosnia-and-herzegovina-2\/publications\/theme-natural-sciences\/fossils-of-sarajevo-and-its-surroundings-the-fossil-story-of-the-development-of-life-from-bacteria-to-the-present\/","og_locale":"en_US","og_type":"article","og_title":"Fossils of Sarajevo and its Surroundings: The Fossil Story of the Development of Life from Bacteria to the Present - Zemaljski muzej BiH","og_description":"The work brings life as it once was, as well as the sequence of events that led to the existence of today&#8217;s living world, closer to the wider public. All fossils shown are from the paleontological collection of the National Museum of Bosnia and Herzegovina. The catalogue follows the permanent exhibition at the Department of &hellip; Find out more","og_url":"https:\/\/zemaljskimuzej.ba\/en\/about-the-national-museum-of-bosnia-and-herzegovina-2\/publications\/theme-natural-sciences\/fossils-of-sarajevo-and-its-surroundings-the-fossil-story-of-the-development-of-life-from-bacteria-to-the-present\/","og_site_name":"Zemaljski muzej BiH","article_publisher":"https:\/\/www.facebook.com\/zemaljskimuzej\/","article_modified_time":"2025-06-13T21:24:56+00:00","og_image":[{"width":1920,"height":1027,"url":"https:\/\/zemaljskimuzej.ba\/app\/uploads\/2025\/03\/Fosili-1.jpg","type":"image\/jpeg"}],"twitter_card":"summary_large_image","twitter_site":"@Zemaljskimuzej","schema":{"@context":"https:\/\/schema.org","@graph":[{"@type":"WebPage","@id":"https:\/\/zemaljskimuzej.ba\/en\/about-the-national-museum-of-bosnia-and-herzegovina-2\/publications\/theme-natural-sciences\/fossils-of-sarajevo-and-its-surroundings-the-fossil-story-of-the-development-of-life-from-bacteria-to-the-present\/","url":"https:\/\/zemaljskimuzej.ba\/en\/about-the-national-museum-of-bosnia-and-herzegovina-2\/publications\/theme-natural-sciences\/fossils-of-sarajevo-and-its-surroundings-the-fossil-story-of-the-development-of-life-from-bacteria-to-the-present\/","name":"Fossils of Sarajevo and its Surroundings: The Fossil Story of the Development of Life from Bacteria to the Present - Zemaljski muzej BiH","isPartOf":{"@id":"https:\/\/zemaljskimuzej.ba\/en\/#website"},"primaryImageOfPage":{"@id":"https:\/\/zemaljskimuzej.ba\/en\/about-the-national-museum-of-bosnia-and-herzegovina-2\/publications\/theme-natural-sciences\/fossils-of-sarajevo-and-its-surroundings-the-fossil-story-of-the-development-of-life-from-bacteria-to-the-present\/#primaryimage"},"image":{"@id":"https:\/\/zemaljskimuzej.ba\/en\/about-the-national-museum-of-bosnia-and-herzegovina-2\/publications\/theme-natural-sciences\/fossils-of-sarajevo-and-its-surroundings-the-fossil-story-of-the-development-of-life-from-bacteria-to-the-present\/#primaryimage"},"thumbnailUrl":"https:\/\/zemaljskimuzej.ba\/app\/uploads\/2025\/03\/Fosili-1.jpg","datePublished":"2025-03-13T08:02:48+00:00","dateModified":"2025-06-13T21:24:56+00:00","breadcrumb":{"@id":"https:\/\/zemaljskimuzej.ba\/en\/about-the-national-museum-of-bosnia-and-herzegovina-2\/publications\/theme-natural-sciences\/fossils-of-sarajevo-and-its-surroundings-the-fossil-story-of-the-development-of-life-from-bacteria-to-the-present\/#breadcrumb"},"inLanguage":"en-US","potentialAction":[{"@type":"ReadAction","target":["https:\/\/zemaljskimuzej.ba\/en\/about-the-national-museum-of-bosnia-and-herzegovina-2\/publications\/theme-natural-sciences\/fossils-of-sarajevo-and-its-surroundings-the-fossil-story-of-the-development-of-life-from-bacteria-to-the-present\/"]}]},{"@type":"ImageObject","inLanguage":"en-US","@id":"https:\/\/zemaljskimuzej.ba\/en\/about-the-national-museum-of-bosnia-and-herzegovina-2\/publications\/theme-natural-sciences\/fossils-of-sarajevo-and-its-surroundings-the-fossil-story-of-the-development-of-life-from-bacteria-to-the-present\/#primaryimage","url":"https:\/\/zemaljskimuzej.ba\/app\/uploads\/2025\/03\/Fosili-1.jpg","contentUrl":"https:\/\/zemaljskimuzej.ba\/app\/uploads\/2025\/03\/Fosili-1.jpg","width":1920,"height":1027},{"@type":"BreadcrumbList","@id":"https:\/\/zemaljskimuzej.ba\/en\/about-the-national-museum-of-bosnia-and-herzegovina-2\/publications\/theme-natural-sciences\/fossils-of-sarajevo-and-its-surroundings-the-fossil-story-of-the-development-of-life-from-bacteria-to-the-present\/#breadcrumb","itemListElement":[{"@type":"ListItem","position":1,"name":"Home","item":"https:\/\/zemaljskimuzej.ba\/en\/"},{"@type":"ListItem","position":2,"name":"About","item":"https:\/\/zemaljskimuzej.ba\/en\/about-the-national-museum-of-bosnia-and-herzegovina-2\/"},{"@type":"ListItem","position":3,"name":"Publications","item":"https:\/\/zemaljskimuzej.ba\/en\/about-the-national-museum-of-bosnia-and-herzegovina-2\/publications\/"},{"@type":"ListItem","position":4,"name":"Theme: Natural Sciences","item":"https:\/\/zemaljskimuzej.ba\/en\/about-the-national-museum-of-bosnia-and-herzegovina-2\/publications\/theme-natural-sciences\/"},{"@type":"ListItem","position":5,"name":"Fossils of Sarajevo and its Surroundings: The Fossil Story of the Development of Life from Bacteria to the Present"}]},{"@type":"WebSite","@id":"https:\/\/zemaljskimuzej.ba\/en\/#website","url":"https:\/\/zemaljskimuzej.ba\/en\/","name":"Zemaljski muzej BiH","description":"","publisher":{"@id":"https:\/\/zemaljskimuzej.ba\/en\/#organization"},"potentialAction":[{"@type":"SearchAction","target":{"@type":"EntryPoint","urlTemplate":"https:\/\/zemaljskimuzej.ba\/en\/?s={search_term_string}"},"query-input":{"@type":"PropertyValueSpecification","valueRequired":true,"valueName":"search_term_string"}}],"inLanguage":"en-US"},{"@type":"Organization","@id":"https:\/\/zemaljskimuzej.ba\/en\/#organization","name":"Zemaljski muzej BiH","url":"https:\/\/zemaljskimuzej.ba\/en\/","logo":{"@type":"ImageObject","inLanguage":"en-US","@id":"https:\/\/zemaljskimuzej.ba\/en\/#\/schema\/logo\/image\/","url":"https:\/\/zemaljskimuzej.ba\/app\/uploads\/2025\/08\/zmbih-logo.png","contentUrl":"https:\/\/zemaljskimuzej.ba\/app\/uploads\/2025\/08\/zmbih-logo.png","width":256,"height":256,"caption":"Zemaljski muzej BiH"},"image":{"@id":"https:\/\/zemaljskimuzej.ba\/en\/#\/schema\/logo\/image\/"},"sameAs":["https:\/\/www.facebook.com\/zemaljskimuzej\/","https:\/\/x.com\/Zemaljskimuzej","https:\/\/www.instagram.com\/zemaljskimuzej_bih\/","https:\/\/www.youtube.com\/channel\/UCK-JP1rHT4wJ7MOyVcduoIg","https:\/\/www.tiktok.com\/@zemaljskimuzejbih"]}]}},"_links":{"self":[{"href":"https:\/\/zemaljskimuzej.ba\/en\/wp-json\/wp\/v2\/pages\/28517","targetHints":{"allow":["GET"]}}],"collection":[{"href":"https:\/\/zemaljskimuzej.ba\/en\/wp-json\/wp\/v2\/pages"}],"about":[{"href":"https:\/\/zemaljskimuzej.ba\/en\/wp-json\/wp\/v2\/types\/page"}],"author":[{"embeddable":true,"href":"https:\/\/zemaljskimuzej.ba\/en\/wp-json\/wp\/v2\/users\/5"}],"replies":[{"embeddable":true,"href":"https:\/\/zemaljskimuzej.ba\/en\/wp-json\/wp\/v2\/comments?post=28517"}],"version-history":[{"count":1,"href":"https:\/\/zemaljskimuzej.ba\/en\/wp-json\/wp\/v2\/pages\/28517\/revisions"}],"predecessor-version":[{"id":28518,"href":"https:\/\/zemaljskimuzej.ba\/en\/wp-json\/wp\/v2\/pages\/28517\/revisions\/28518"}],"up":[{"embeddable":true,"href":"https:\/\/zemaljskimuzej.ba\/en\/wp-json\/wp\/v2\/pages\/28542"}],"wp:featuredmedia":[{"embeddable":true,"href":"https:\/\/zemaljskimuzej.ba\/en\/wp-json\/wp\/v2\/media\/28042"}],"wp:attachment":[{"href":"https:\/\/zemaljskimuzej.ba\/en\/wp-json\/wp\/v2\/media?parent=28517"}],"wp:term":[{"taxonomy":"section","embeddable":true,"href":"https:\/\/zemaljskimuzej.ba\/en\/wp-json\/wp\/v2\/section?post=28517"}],"curies":[{"name":"wp","href":"https:\/\/api.w.org\/{rel}","templated":true}]}}