{"id":28519,"date":"2025-03-13T08:38:16","date_gmt":"2025-03-13T07:38:16","guid":{"rendered":"https:\/\/zemaljskimuzej.ba\/?page_id=28519"},"modified":"2025-09-08T11:25:47","modified_gmt":"2025-09-08T09:25:47","slug":"predah-coffee-and-tobacco-in-bosnian-culture-and-tradition","status":"publish","type":"page","link":"https:\/\/zemaljskimuzej.ba\/en\/about-the-national-museum-of-bosnia-and-herzegovina-2\/publications\/theme-ethnology\/predah-coffee-and-tobacco-in-bosnian-culture-and-tradition\/","title":{"rendered":"Predah: Coffee and tobacco in Bosnian culture and tradition"},"content":{"rendered":"<p>The catalog of the exhibition of the same name offers an overview of traditional objects used for making coffee and consuming tobacco. The items shown in the catalog are kept in the National Museum of Bosnia and Herzegovina.<\/p>\n<p><strong>Authors of the exhibition and catalog:<\/strong> Ernis \u0160ljivo, Lebiba D\u017eeko, Lejla Be\u010dar, Amar Zahiragi\u0107, Samir Avdi\u0107, Nirha Efendi\u0107<\/p>\n<p>&nbsp;<\/p>\n<p>If you are interested in this publication, contact\u00a0<a href=\"mailto:webshop@zemaljskimuzej.ba\">webshop@zemaljskimuzej.ba<\/a>.<\/p>\n","protected":false},"excerpt":{"rendered":"<p>The catalog of the exhibition of the same name offers an overview of traditional objects used for making coffee and consuming tobacco. The items shown in the catalog are kept in the National Museum of Bosnia and Herzegovina. Authors of the exhibition and catalog: Ernis \u0160ljivo, Lebiba D\u017eeko, Lejla Be\u010dar, Amar Zahiragi\u0107, Samir Avdi\u0107, Nirha &hellip; <a href=\"https:\/\/zemaljskimuzej.ba\/en\/about-the-national-museum-of-bosnia-and-herzegovina-2\/publications\/theme-ethnology\/predah-coffee-and-tobacco-in-bosnian-culture-and-tradition\/\">Find out more<\/a><\/p>\n","protected":false},"author":5,"featured_media":28039,"parent":28523,"menu_order":0,"comment_status":"closed","ping_status":"closed","template":"","meta":{"footnotes":""},"section":[],"class_list":["post-28519","page","type-page","status-publish","has-post-thumbnail","hentry"],"yoast_head":"<!-- This site is optimized with the Yoast SEO plugin v27.3 - https:\/\/yoast.com\/product\/yoast-seo-wordpress\/ -->\n<title>Predah: Coffee and tobacco in Bosnian culture and tradition - Zemaljski muzej BiH<\/title>\n<meta name=\"robots\" content=\"index, follow, max-snippet:-1, max-image-preview:large, max-video-preview:-1\" \/>\n<link rel=\"canonical\" href=\"https:\/\/zemaljskimuzej.ba\/en\/about-the-national-museum-of-bosnia-and-herzegovina-2\/publications\/theme-ethnology\/predah-coffee-and-tobacco-in-bosnian-culture-and-tradition\/\" \/>\n<meta property=\"og:locale\" content=\"en_US\" \/>\n<meta property=\"og:type\" content=\"article\" \/>\n<meta property=\"og:title\" content=\"Predah: Coffee and tobacco in Bosnian culture and tradition - Zemaljski muzej BiH\" \/>\n<meta property=\"og:description\" content=\"The catalog of the exhibition of the same name offers an overview of traditional objects used for making coffee and consuming tobacco. The items shown in the catalog are kept in the National Museum of Bosnia and Herzegovina. Authors of the exhibition and catalog: Ernis \u0160ljivo, Lebiba D\u017eeko, Lejla Be\u010dar, Amar Zahiragi\u0107, Samir Avdi\u0107, Nirha &hellip; Find out more\" \/>\n<meta property=\"og:url\" content=\"https:\/\/zemaljskimuzej.ba\/en\/about-the-national-museum-of-bosnia-and-herzegovina-2\/publications\/theme-ethnology\/predah-coffee-and-tobacco-in-bosnian-culture-and-tradition\/\" \/>\n<meta property=\"og:site_name\" content=\"Zemaljski muzej BiH\" \/>\n<meta property=\"article:publisher\" content=\"https:\/\/www.facebook.com\/zemaljskimuzej\/\" \/>\n<meta property=\"article:modified_time\" content=\"2025-09-08T09:25:47+00:00\" \/>\n<meta property=\"og:image\" content=\"https:\/\/zemaljskimuzej.ba\/app\/uploads\/2025\/03\/dimic.jpg\" \/>\n\t<meta property=\"og:image:width\" content=\"1920\" \/>\n\t<meta property=\"og:image:height\" content=\"1027\" \/>\n\t<meta property=\"og:image:type\" content=\"image\/jpeg\" \/>\n<meta name=\"twitter:card\" content=\"summary_large_image\" \/>\n<meta name=\"twitter:site\" content=\"@Zemaljskimuzej\" \/>\n<meta name=\"twitter:label1\" content=\"Est. reading time\" \/>\n\t<meta name=\"twitter:data1\" content=\"1 minute\" \/>\n<script type=\"application\/ld+json\" class=\"yoast-schema-graph\">{\"@context\":\"https:\\\/\\\/schema.org\",\"@graph\":[{\"@type\":\"WebPage\",\"@id\":\"https:\\\/\\\/zemaljskimuzej.ba\\\/en\\\/about-the-national-museum-of-bosnia-and-herzegovina-2\\\/publications\\\/theme-ethnology\\\/predah-coffee-and-tobacco-in-bosnian-culture-and-tradition\\\/\",\"url\":\"https:\\\/\\\/zemaljskimuzej.ba\\\/en\\\/about-the-national-museum-of-bosnia-and-herzegovina-2\\\/publications\\\/theme-ethnology\\\/predah-coffee-and-tobacco-in-bosnian-culture-and-tradition\\\/\",\"name\":\"Predah: Coffee and tobacco in Bosnian culture and tradition - Zemaljski muzej BiH\",\"isPartOf\":{\"@id\":\"https:\\\/\\\/zemaljskimuzej.ba\\\/en\\\/#website\"},\"primaryImageOfPage\":{\"@id\":\"https:\\\/\\\/zemaljskimuzej.ba\\\/en\\\/about-the-national-museum-of-bosnia-and-herzegovina-2\\\/publications\\\/theme-ethnology\\\/predah-coffee-and-tobacco-in-bosnian-culture-and-tradition\\\/#primaryimage\"},\"image\":{\"@id\":\"https:\\\/\\\/zemaljskimuzej.ba\\\/en\\\/about-the-national-museum-of-bosnia-and-herzegovina-2\\\/publications\\\/theme-ethnology\\\/predah-coffee-and-tobacco-in-bosnian-culture-and-tradition\\\/#primaryimage\"},\"thumbnailUrl\":\"https:\\\/\\\/zemaljskimuzej.ba\\\/app\\\/uploads\\\/2025\\\/03\\\/dimic.jpg\",\"datePublished\":\"2025-03-13T07:38:16+00:00\",\"dateModified\":\"2025-09-08T09:25:47+00:00\",\"breadcrumb\":{\"@id\":\"https:\\\/\\\/zemaljskimuzej.ba\\\/en\\\/about-the-national-museum-of-bosnia-and-herzegovina-2\\\/publications\\\/theme-ethnology\\\/predah-coffee-and-tobacco-in-bosnian-culture-and-tradition\\\/#breadcrumb\"},\"inLanguage\":\"en-US\",\"potentialAction\":[{\"@type\":\"ReadAction\",\"target\":[\"https:\\\/\\\/zemaljskimuzej.ba\\\/en\\\/about-the-national-museum-of-bosnia-and-herzegovina-2\\\/publications\\\/theme-ethnology\\\/predah-coffee-and-tobacco-in-bosnian-culture-and-tradition\\\/\"]}]},{\"@type\":\"ImageObject\",\"inLanguage\":\"en-US\",\"@id\":\"https:\\\/\\\/zemaljskimuzej.ba\\\/en\\\/about-the-national-museum-of-bosnia-and-herzegovina-2\\\/publications\\\/theme-ethnology\\\/predah-coffee-and-tobacco-in-bosnian-culture-and-tradition\\\/#primaryimage\",\"url\":\"https:\\\/\\\/zemaljskimuzej.ba\\\/app\\\/uploads\\\/2025\\\/03\\\/dimic.jpg\",\"contentUrl\":\"https:\\\/\\\/zemaljskimuzej.ba\\\/app\\\/uploads\\\/2025\\\/03\\\/dimic.jpg\",\"width\":1920,\"height\":1027},{\"@type\":\"BreadcrumbList\",\"@id\":\"https:\\\/\\\/zemaljskimuzej.ba\\\/en\\\/about-the-national-museum-of-bosnia-and-herzegovina-2\\\/publications\\\/theme-ethnology\\\/predah-coffee-and-tobacco-in-bosnian-culture-and-tradition\\\/#breadcrumb\",\"itemListElement\":[{\"@type\":\"ListItem\",\"position\":1,\"name\":\"Home\",\"item\":\"https:\\\/\\\/zemaljskimuzej.ba\\\/en\\\/\"},{\"@type\":\"ListItem\",\"position\":2,\"name\":\"About\",\"item\":\"https:\\\/\\\/zemaljskimuzej.ba\\\/en\\\/about-the-national-museum-of-bosnia-and-herzegovina-2\\\/\"},{\"@type\":\"ListItem\",\"position\":3,\"name\":\"Publications\",\"item\":\"https:\\\/\\\/zemaljskimuzej.ba\\\/en\\\/about-the-national-museum-of-bosnia-and-herzegovina-2\\\/publications\\\/\"},{\"@type\":\"ListItem\",\"position\":4,\"name\":\"Theme: Ethnology\",\"item\":\"https:\\\/\\\/zemaljskimuzej.ba\\\/en\\\/about-the-national-museum-of-bosnia-and-herzegovina-2\\\/publications\\\/theme-ethnology\\\/\"},{\"@type\":\"ListItem\",\"position\":5,\"name\":\"Predah: Coffee and tobacco in Bosnian culture and tradition\"}]},{\"@type\":\"WebSite\",\"@id\":\"https:\\\/\\\/zemaljskimuzej.ba\\\/en\\\/#website\",\"url\":\"https:\\\/\\\/zemaljskimuzej.ba\\\/en\\\/\",\"name\":\"Zemaljski muzej BiH\",\"description\":\"\",\"publisher\":{\"@id\":\"https:\\\/\\\/zemaljskimuzej.ba\\\/en\\\/#organization\"},\"potentialAction\":[{\"@type\":\"SearchAction\",\"target\":{\"@type\":\"EntryPoint\",\"urlTemplate\":\"https:\\\/\\\/zemaljskimuzej.ba\\\/en\\\/?s={search_term_string}\"},\"query-input\":{\"@type\":\"PropertyValueSpecification\",\"valueRequired\":true,\"valueName\":\"search_term_string\"}}],\"inLanguage\":\"en-US\"},{\"@type\":\"Organization\",\"@id\":\"https:\\\/\\\/zemaljskimuzej.ba\\\/en\\\/#organization\",\"name\":\"Zemaljski muzej BiH\",\"url\":\"https:\\\/\\\/zemaljskimuzej.ba\\\/en\\\/\",\"logo\":{\"@type\":\"ImageObject\",\"inLanguage\":\"en-US\",\"@id\":\"https:\\\/\\\/zemaljskimuzej.ba\\\/en\\\/#\\\/schema\\\/logo\\\/image\\\/\",\"url\":\"https:\\\/\\\/zemaljskimuzej.ba\\\/app\\\/uploads\\\/2025\\\/08\\\/zmbih-logo.png\",\"contentUrl\":\"https:\\\/\\\/zemaljskimuzej.ba\\\/app\\\/uploads\\\/2025\\\/08\\\/zmbih-logo.png\",\"width\":256,\"height\":256,\"caption\":\"Zemaljski muzej BiH\"},\"image\":{\"@id\":\"https:\\\/\\\/zemaljskimuzej.ba\\\/en\\\/#\\\/schema\\\/logo\\\/image\\\/\"},\"sameAs\":[\"https:\\\/\\\/www.facebook.com\\\/zemaljskimuzej\\\/\",\"https:\\\/\\\/x.com\\\/Zemaljskimuzej\",\"https:\\\/\\\/www.instagram.com\\\/zemaljskimuzej_bih\\\/\",\"https:\\\/\\\/www.youtube.com\\\/channel\\\/UCK-JP1rHT4wJ7MOyVcduoIg\",\"https:\\\/\\\/www.tiktok.com\\\/@zemaljskimuzejbih\"]}]}<\/script>\n<!-- \/ Yoast SEO plugin. -->","yoast_head_json":{"title":"Predah: Coffee and tobacco in Bosnian culture and tradition - Zemaljski muzej BiH","robots":{"index":"index","follow":"follow","max-snippet":"max-snippet:-1","max-image-preview":"max-image-preview:large","max-video-preview":"max-video-preview:-1"},"canonical":"https:\/\/zemaljskimuzej.ba\/en\/about-the-national-museum-of-bosnia-and-herzegovina-2\/publications\/theme-ethnology\/predah-coffee-and-tobacco-in-bosnian-culture-and-tradition\/","og_locale":"en_US","og_type":"article","og_title":"Predah: Coffee and tobacco in Bosnian culture and tradition - Zemaljski muzej BiH","og_description":"The catalog of the exhibition of the same name offers an overview of traditional objects used for making coffee and consuming tobacco. The items shown in the catalog are kept in the National Museum of Bosnia and Herzegovina. Authors of the exhibition and catalog: Ernis \u0160ljivo, Lebiba D\u017eeko, Lejla Be\u010dar, Amar Zahiragi\u0107, Samir Avdi\u0107, Nirha &hellip; Find out more","og_url":"https:\/\/zemaljskimuzej.ba\/en\/about-the-national-museum-of-bosnia-and-herzegovina-2\/publications\/theme-ethnology\/predah-coffee-and-tobacco-in-bosnian-culture-and-tradition\/","og_site_name":"Zemaljski muzej BiH","article_publisher":"https:\/\/www.facebook.com\/zemaljskimuzej\/","article_modified_time":"2025-09-08T09:25:47+00:00","og_image":[{"width":1920,"height":1027,"url":"https:\/\/zemaljskimuzej.ba\/app\/uploads\/2025\/03\/dimic.jpg","type":"image\/jpeg"}],"twitter_card":"summary_large_image","twitter_site":"@Zemaljskimuzej","twitter_misc":{"Est. reading time":"1 minute"},"schema":{"@context":"https:\/\/schema.org","@graph":[{"@type":"WebPage","@id":"https:\/\/zemaljskimuzej.ba\/en\/about-the-national-museum-of-bosnia-and-herzegovina-2\/publications\/theme-ethnology\/predah-coffee-and-tobacco-in-bosnian-culture-and-tradition\/","url":"https:\/\/zemaljskimuzej.ba\/en\/about-the-national-museum-of-bosnia-and-herzegovina-2\/publications\/theme-ethnology\/predah-coffee-and-tobacco-in-bosnian-culture-and-tradition\/","name":"Predah: Coffee and tobacco in Bosnian culture and tradition - Zemaljski muzej BiH","isPartOf":{"@id":"https:\/\/zemaljskimuzej.ba\/en\/#website"},"primaryImageOfPage":{"@id":"https:\/\/zemaljskimuzej.ba\/en\/about-the-national-museum-of-bosnia-and-herzegovina-2\/publications\/theme-ethnology\/predah-coffee-and-tobacco-in-bosnian-culture-and-tradition\/#primaryimage"},"image":{"@id":"https:\/\/zemaljskimuzej.ba\/en\/about-the-national-museum-of-bosnia-and-herzegovina-2\/publications\/theme-ethnology\/predah-coffee-and-tobacco-in-bosnian-culture-and-tradition\/#primaryimage"},"thumbnailUrl":"https:\/\/zemaljskimuzej.ba\/app\/uploads\/2025\/03\/dimic.jpg","datePublished":"2025-03-13T07:38:16+00:00","dateModified":"2025-09-08T09:25:47+00:00","breadcrumb":{"@id":"https:\/\/zemaljskimuzej.ba\/en\/about-the-national-museum-of-bosnia-and-herzegovina-2\/publications\/theme-ethnology\/predah-coffee-and-tobacco-in-bosnian-culture-and-tradition\/#breadcrumb"},"inLanguage":"en-US","potentialAction":[{"@type":"ReadAction","target":["https:\/\/zemaljskimuzej.ba\/en\/about-the-national-museum-of-bosnia-and-herzegovina-2\/publications\/theme-ethnology\/predah-coffee-and-tobacco-in-bosnian-culture-and-tradition\/"]}]},{"@type":"ImageObject","inLanguage":"en-US","@id":"https:\/\/zemaljskimuzej.ba\/en\/about-the-national-museum-of-bosnia-and-herzegovina-2\/publications\/theme-ethnology\/predah-coffee-and-tobacco-in-bosnian-culture-and-tradition\/#primaryimage","url":"https:\/\/zemaljskimuzej.ba\/app\/uploads\/2025\/03\/dimic.jpg","contentUrl":"https:\/\/zemaljskimuzej.ba\/app\/uploads\/2025\/03\/dimic.jpg","width":1920,"height":1027},{"@type":"BreadcrumbList","@id":"https:\/\/zemaljskimuzej.ba\/en\/about-the-national-museum-of-bosnia-and-herzegovina-2\/publications\/theme-ethnology\/predah-coffee-and-tobacco-in-bosnian-culture-and-tradition\/#breadcrumb","itemListElement":[{"@type":"ListItem","position":1,"name":"Home","item":"https:\/\/zemaljskimuzej.ba\/en\/"},{"@type":"ListItem","position":2,"name":"About","item":"https:\/\/zemaljskimuzej.ba\/en\/about-the-national-museum-of-bosnia-and-herzegovina-2\/"},{"@type":"ListItem","position":3,"name":"Publications","item":"https:\/\/zemaljskimuzej.ba\/en\/about-the-national-museum-of-bosnia-and-herzegovina-2\/publications\/"},{"@type":"ListItem","position":4,"name":"Theme: Ethnology","item":"https:\/\/zemaljskimuzej.ba\/en\/about-the-national-museum-of-bosnia-and-herzegovina-2\/publications\/theme-ethnology\/"},{"@type":"ListItem","position":5,"name":"Predah: Coffee and tobacco in Bosnian culture and tradition"}]},{"@type":"WebSite","@id":"https:\/\/zemaljskimuzej.ba\/en\/#website","url":"https:\/\/zemaljskimuzej.ba\/en\/","name":"Zemaljski muzej BiH","description":"","publisher":{"@id":"https:\/\/zemaljskimuzej.ba\/en\/#organization"},"potentialAction":[{"@type":"SearchAction","target":{"@type":"EntryPoint","urlTemplate":"https:\/\/zemaljskimuzej.ba\/en\/?s={search_term_string}"},"query-input":{"@type":"PropertyValueSpecification","valueRequired":true,"valueName":"search_term_string"}}],"inLanguage":"en-US"},{"@type":"Organization","@id":"https:\/\/zemaljskimuzej.ba\/en\/#organization","name":"Zemaljski muzej BiH","url":"https:\/\/zemaljskimuzej.ba\/en\/","logo":{"@type":"ImageObject","inLanguage":"en-US","@id":"https:\/\/zemaljskimuzej.ba\/en\/#\/schema\/logo\/image\/","url":"https:\/\/zemaljskimuzej.ba\/app\/uploads\/2025\/08\/zmbih-logo.png","contentUrl":"https:\/\/zemaljskimuzej.ba\/app\/uploads\/2025\/08\/zmbih-logo.png","width":256,"height":256,"caption":"Zemaljski muzej BiH"},"image":{"@id":"https:\/\/zemaljskimuzej.ba\/en\/#\/schema\/logo\/image\/"},"sameAs":["https:\/\/www.facebook.com\/zemaljskimuzej\/","https:\/\/x.com\/Zemaljskimuzej","https:\/\/www.instagram.com\/zemaljskimuzej_bih\/","https:\/\/www.youtube.com\/channel\/UCK-JP1rHT4wJ7MOyVcduoIg","https:\/\/www.tiktok.com\/@zemaljskimuzejbih"]}]}},"_links":{"self":[{"href":"https:\/\/zemaljskimuzej.ba\/en\/wp-json\/wp\/v2\/pages\/28519","targetHints":{"allow":["GET"]}}],"collection":[{"href":"https:\/\/zemaljskimuzej.ba\/en\/wp-json\/wp\/v2\/pages"}],"about":[{"href":"https:\/\/zemaljskimuzej.ba\/en\/wp-json\/wp\/v2\/types\/page"}],"author":[{"embeddable":true,"href":"https:\/\/zemaljskimuzej.ba\/en\/wp-json\/wp\/v2\/users\/5"}],"replies":[{"embeddable":true,"href":"https:\/\/zemaljskimuzej.ba\/en\/wp-json\/wp\/v2\/comments?post=28519"}],"version-history":[{"count":2,"href":"https:\/\/zemaljskimuzej.ba\/en\/wp-json\/wp\/v2\/pages\/28519\/revisions"}],"predecessor-version":[{"id":29025,"href":"https:\/\/zemaljskimuzej.ba\/en\/wp-json\/wp\/v2\/pages\/28519\/revisions\/29025"}],"up":[{"embeddable":true,"href":"https:\/\/zemaljskimuzej.ba\/en\/wp-json\/wp\/v2\/pages\/28523"}],"wp:featuredmedia":[{"embeddable":true,"href":"https:\/\/zemaljskimuzej.ba\/en\/wp-json\/wp\/v2\/media\/28039"}],"wp:attachment":[{"href":"https:\/\/zemaljskimuzej.ba\/en\/wp-json\/wp\/v2\/media?parent=28519"}],"wp:term":[{"taxonomy":"section","embeddable":true,"href":"https:\/\/zemaljskimuzej.ba\/en\/wp-json\/wp\/v2\/section?post=28519"}],"curies":[{"name":"wp","href":"https:\/\/api.w.org\/{rel}","templated":true}]}}