{"id":29149,"date":"2025-10-31T10:36:36","date_gmt":"2025-10-31T09:36:36","guid":{"rendered":"https:\/\/zemaljskimuzej.ba\/?page_id=29149"},"modified":"2025-11-06T17:15:30","modified_gmt":"2025-11-06T16:15:30","slug":"azra-becevic-sarenkapa-m-sc-in-textile-technology-and-engineering","status":"publish","type":"page","link":"https:\/\/zemaljskimuzej.ba\/en\/about-the-national-museum-of-bosnia-and-herzegovina-2\/organisational-structure-of-the-national-museum-of-bosnia-and-herzegovina\/azra-becevic-sarenkapa-m-sc-in-textile-technology-and-engineering\/","title":{"rendered":"Azra Be\u010devi\u0107-\u0160arenkapa, M.Sc. in Textile Technology and Engineering"},"content":{"rendered":"<p>Azra Be\u010devi\u0107-\u0160arenkapa (b. 1975, Mostar, Bosnia and Herzegovina) is a textile conservator and museum advisor specializing in the preservation of textile artifacts. She completed her primary and secondary education in Sarajevo. She holds a Master\u2019s degree in Textile Technology and Engineering from the Faculty of Textile Technology, University of Zagreb, Croatia, and completed postgraduate studies in Conservation of Historical Objects at the Department of Archaeology, University of Durham, United Kingdom, in 2002.<\/p>\n<p>Employed at the National Museum of Bosnia and Herzegovina since 1998, Be\u010devi\u0107-\u0160arenkapa currently serves as Conservator for Textiles with the professional title of Museum Advisor. Her expertise encompasses a wide range of areas, including the conservation of textile artifacts, organization and reorganization of museum storage facilities, and monitoring of microclimatic conditions in exhibition and storage spaces.<\/p>\n<p>She has participated in more than ten permanent and over forty temporary exhibitions, reflecting her long-standing commitment to the preservation and promotion of the cultural and historical heritage of Bosnia and Herzegovina. Be\u010devi\u0107-\u0160arenkapa actively contributes to educational programs and professional conferences on conservation and museum object protection at both national and international levels. She has collaborated on international projects related to the safeguarding of museum collections and is the author of several papers on conservation, preservation, and the promotion of cultural heritage.<\/p>\n<p>She is a member of the Board of the Balkan Museum Network and ICOM SEE. From 2016 to 2023, she served as President of the Association of Information Professionals \u2013 Librarians, Archivists, and Museologists. In October 2025, she was appointed Deputy Director of the National Museum of Bosnia and Herzegovina.<\/p>\n<p>&nbsp;<\/p>\n","protected":false},"excerpt":{"rendered":"<p>Azra Be\u010devi\u0107-\u0160arenkapa (b. 1975, Mostar, Bosnia and Herzegovina) is a textile conservator and museum advisor specializing in the preservation of textile artifacts. She completed her primary and secondary education in Sarajevo. She holds a Master\u2019s degree in Textile Technology and Engineering from the Faculty of Textile Technology, University of Zagreb, Croatia, and completed postgraduate studies &hellip; <a href=\"https:\/\/zemaljskimuzej.ba\/en\/about-the-national-museum-of-bosnia-and-herzegovina-2\/organisational-structure-of-the-national-museum-of-bosnia-and-herzegovina\/azra-becevic-sarenkapa-m-sc-in-textile-technology-and-engineering\/\">Find out more<\/a><\/p>\n","protected":false},"author":5,"featured_media":29148,"parent":27607,"menu_order":2,"comment_status":"closed","ping_status":"closed","template":"template-profile.blade.php","meta":{"footnotes":""},"section":[],"class_list":["post-29149","page","type-page","status-publish","has-post-thumbnail","hentry"],"yoast_head":"<!-- This site is optimized with the Yoast SEO plugin v27.3 - https:\/\/yoast.com\/product\/yoast-seo-wordpress\/ -->\n<title>Azra Be\u010devi\u0107-\u0160arenkapa, M.Sc. in Textile Technology and Engineering - Zemaljski muzej BiH<\/title>\n<meta name=\"robots\" content=\"index, follow, max-snippet:-1, max-image-preview:large, max-video-preview:-1\" \/>\n<link rel=\"canonical\" href=\"https:\/\/zemaljskimuzej.ba\/en\/about-the-national-museum-of-bosnia-and-herzegovina-2\/organisational-structure-of-the-national-museum-of-bosnia-and-herzegovina\/azra-becevic-sarenkapa-m-sc-in-textile-technology-and-engineering\/\" \/>\n<meta property=\"og:locale\" content=\"en_US\" \/>\n<meta property=\"og:type\" content=\"article\" \/>\n<meta property=\"og:title\" content=\"Azra Be\u010devi\u0107-\u0160arenkapa, M.Sc. in Textile Technology and Engineering - Zemaljski muzej BiH\" \/>\n<meta property=\"og:description\" content=\"Azra Be\u010devi\u0107-\u0160arenkapa (b. 1975, Mostar, Bosnia and Herzegovina) is a textile conservator and museum advisor specializing in the preservation of textile artifacts. She completed her primary and secondary education in Sarajevo. She holds a Master\u2019s degree in Textile Technology and Engineering from the Faculty of Textile Technology, University of Zagreb, Croatia, and completed postgraduate studies &hellip; Find out more\" \/>\n<meta property=\"og:url\" content=\"https:\/\/zemaljskimuzej.ba\/en\/about-the-national-museum-of-bosnia-and-herzegovina-2\/organisational-structure-of-the-national-museum-of-bosnia-and-herzegovina\/azra-becevic-sarenkapa-m-sc-in-textile-technology-and-engineering\/\" \/>\n<meta property=\"og:site_name\" content=\"Zemaljski muzej BiH\" \/>\n<meta property=\"article:publisher\" content=\"https:\/\/www.facebook.com\/zemaljskimuzej\/\" \/>\n<meta property=\"article:modified_time\" content=\"2025-11-06T16:15:30+00:00\" \/>\n<meta property=\"og:image\" content=\"https:\/\/zemaljskimuzej.ba\/app\/uploads\/2025\/10\/Azra.jpg\" \/>\n\t<meta property=\"og:image:width\" content=\"864\" \/>\n\t<meta property=\"og:image:height\" content=\"854\" \/>\n\t<meta property=\"og:image:type\" content=\"image\/jpeg\" \/>\n<meta name=\"twitter:card\" content=\"summary_large_image\" \/>\n<meta name=\"twitter:site\" content=\"@Zemaljskimuzej\" \/>\n<meta name=\"twitter:label1\" content=\"Est. reading time\" \/>\n\t<meta name=\"twitter:data1\" content=\"2 minutes\" \/>\n<script type=\"application\/ld+json\" class=\"yoast-schema-graph\">{\"@context\":\"https:\\\/\\\/schema.org\",\"@graph\":[{\"@type\":\"WebPage\",\"@id\":\"https:\\\/\\\/zemaljskimuzej.ba\\\/en\\\/about-the-national-museum-of-bosnia-and-herzegovina-2\\\/organisational-structure-of-the-national-museum-of-bosnia-and-herzegovina\\\/azra-becevic-sarenkapa-m-sc-in-textile-technology-and-engineering\\\/\",\"url\":\"https:\\\/\\\/zemaljskimuzej.ba\\\/en\\\/about-the-national-museum-of-bosnia-and-herzegovina-2\\\/organisational-structure-of-the-national-museum-of-bosnia-and-herzegovina\\\/azra-becevic-sarenkapa-m-sc-in-textile-technology-and-engineering\\\/\",\"name\":\"Azra Be\u010devi\u0107-\u0160arenkapa, M.Sc. in Textile Technology and Engineering - Zemaljski muzej BiH\",\"isPartOf\":{\"@id\":\"https:\\\/\\\/zemaljskimuzej.ba\\\/en\\\/#website\"},\"primaryImageOfPage\":{\"@id\":\"https:\\\/\\\/zemaljskimuzej.ba\\\/en\\\/about-the-national-museum-of-bosnia-and-herzegovina-2\\\/organisational-structure-of-the-national-museum-of-bosnia-and-herzegovina\\\/azra-becevic-sarenkapa-m-sc-in-textile-technology-and-engineering\\\/#primaryimage\"},\"image\":{\"@id\":\"https:\\\/\\\/zemaljskimuzej.ba\\\/en\\\/about-the-national-museum-of-bosnia-and-herzegovina-2\\\/organisational-structure-of-the-national-museum-of-bosnia-and-herzegovina\\\/azra-becevic-sarenkapa-m-sc-in-textile-technology-and-engineering\\\/#primaryimage\"},\"thumbnailUrl\":\"https:\\\/\\\/zemaljskimuzej.ba\\\/app\\\/uploads\\\/2025\\\/10\\\/Azra.jpg\",\"datePublished\":\"2025-10-31T09:36:36+00:00\",\"dateModified\":\"2025-11-06T16:15:30+00:00\",\"breadcrumb\":{\"@id\":\"https:\\\/\\\/zemaljskimuzej.ba\\\/en\\\/about-the-national-museum-of-bosnia-and-herzegovina-2\\\/organisational-structure-of-the-national-museum-of-bosnia-and-herzegovina\\\/azra-becevic-sarenkapa-m-sc-in-textile-technology-and-engineering\\\/#breadcrumb\"},\"inLanguage\":\"en-US\",\"potentialAction\":[{\"@type\":\"ReadAction\",\"target\":[\"https:\\\/\\\/zemaljskimuzej.ba\\\/en\\\/about-the-national-museum-of-bosnia-and-herzegovina-2\\\/organisational-structure-of-the-national-museum-of-bosnia-and-herzegovina\\\/azra-becevic-sarenkapa-m-sc-in-textile-technology-and-engineering\\\/\"]}]},{\"@type\":\"ImageObject\",\"inLanguage\":\"en-US\",\"@id\":\"https:\\\/\\\/zemaljskimuzej.ba\\\/en\\\/about-the-national-museum-of-bosnia-and-herzegovina-2\\\/organisational-structure-of-the-national-museum-of-bosnia-and-herzegovina\\\/azra-becevic-sarenkapa-m-sc-in-textile-technology-and-engineering\\\/#primaryimage\",\"url\":\"https:\\\/\\\/zemaljskimuzej.ba\\\/app\\\/uploads\\\/2025\\\/10\\\/Azra.jpg\",\"contentUrl\":\"https:\\\/\\\/zemaljskimuzej.ba\\\/app\\\/uploads\\\/2025\\\/10\\\/Azra.jpg\",\"width\":864,\"height\":854},{\"@type\":\"BreadcrumbList\",\"@id\":\"https:\\\/\\\/zemaljskimuzej.ba\\\/en\\\/about-the-national-museum-of-bosnia-and-herzegovina-2\\\/organisational-structure-of-the-national-museum-of-bosnia-and-herzegovina\\\/azra-becevic-sarenkapa-m-sc-in-textile-technology-and-engineering\\\/#breadcrumb\",\"itemListElement\":[{\"@type\":\"ListItem\",\"position\":1,\"name\":\"Home\",\"item\":\"https:\\\/\\\/zemaljskimuzej.ba\\\/en\\\/\"},{\"@type\":\"ListItem\",\"position\":2,\"name\":\"About\",\"item\":\"https:\\\/\\\/zemaljskimuzej.ba\\\/en\\\/about-the-national-museum-of-bosnia-and-herzegovina-2\\\/\"},{\"@type\":\"ListItem\",\"position\":3,\"name\":\"Organizational Structure\",\"item\":\"https:\\\/\\\/zemaljskimuzej.ba\\\/en\\\/about-the-national-museum-of-bosnia-and-herzegovina-2\\\/organisational-structure-of-the-national-museum-of-bosnia-and-herzegovina\\\/\"},{\"@type\":\"ListItem\",\"position\":4,\"name\":\"Azra Be\u010devi\u0107-\u0160arenkapa, M.Sc. in Textile Technology and Engineering\"}]},{\"@type\":\"WebSite\",\"@id\":\"https:\\\/\\\/zemaljskimuzej.ba\\\/en\\\/#website\",\"url\":\"https:\\\/\\\/zemaljskimuzej.ba\\\/en\\\/\",\"name\":\"Zemaljski muzej BiH\",\"description\":\"\",\"publisher\":{\"@id\":\"https:\\\/\\\/zemaljskimuzej.ba\\\/en\\\/#organization\"},\"potentialAction\":[{\"@type\":\"SearchAction\",\"target\":{\"@type\":\"EntryPoint\",\"urlTemplate\":\"https:\\\/\\\/zemaljskimuzej.ba\\\/en\\\/?s={search_term_string}\"},\"query-input\":{\"@type\":\"PropertyValueSpecification\",\"valueRequired\":true,\"valueName\":\"search_term_string\"}}],\"inLanguage\":\"en-US\"},{\"@type\":\"Organization\",\"@id\":\"https:\\\/\\\/zemaljskimuzej.ba\\\/en\\\/#organization\",\"name\":\"Zemaljski muzej BiH\",\"url\":\"https:\\\/\\\/zemaljskimuzej.ba\\\/en\\\/\",\"logo\":{\"@type\":\"ImageObject\",\"inLanguage\":\"en-US\",\"@id\":\"https:\\\/\\\/zemaljskimuzej.ba\\\/en\\\/#\\\/schema\\\/logo\\\/image\\\/\",\"url\":\"https:\\\/\\\/zemaljskimuzej.ba\\\/app\\\/uploads\\\/2025\\\/08\\\/zmbih-logo.png\",\"contentUrl\":\"https:\\\/\\\/zemaljskimuzej.ba\\\/app\\\/uploads\\\/2025\\\/08\\\/zmbih-logo.png\",\"width\":256,\"height\":256,\"caption\":\"Zemaljski muzej BiH\"},\"image\":{\"@id\":\"https:\\\/\\\/zemaljskimuzej.ba\\\/en\\\/#\\\/schema\\\/logo\\\/image\\\/\"},\"sameAs\":[\"https:\\\/\\\/www.facebook.com\\\/zemaljskimuzej\\\/\",\"https:\\\/\\\/x.com\\\/Zemaljskimuzej\",\"https:\\\/\\\/www.instagram.com\\\/zemaljskimuzej_bih\\\/\",\"https:\\\/\\\/www.youtube.com\\\/channel\\\/UCK-JP1rHT4wJ7MOyVcduoIg\",\"https:\\\/\\\/www.tiktok.com\\\/@zemaljskimuzejbih\"]}]}<\/script>\n<!-- \/ Yoast SEO plugin. -->","yoast_head_json":{"title":"Azra Be\u010devi\u0107-\u0160arenkapa, M.Sc. in Textile Technology and Engineering - Zemaljski muzej BiH","robots":{"index":"index","follow":"follow","max-snippet":"max-snippet:-1","max-image-preview":"max-image-preview:large","max-video-preview":"max-video-preview:-1"},"canonical":"https:\/\/zemaljskimuzej.ba\/en\/about-the-national-museum-of-bosnia-and-herzegovina-2\/organisational-structure-of-the-national-museum-of-bosnia-and-herzegovina\/azra-becevic-sarenkapa-m-sc-in-textile-technology-and-engineering\/","og_locale":"en_US","og_type":"article","og_title":"Azra Be\u010devi\u0107-\u0160arenkapa, M.Sc. in Textile Technology and Engineering - Zemaljski muzej BiH","og_description":"Azra Be\u010devi\u0107-\u0160arenkapa (b. 1975, Mostar, Bosnia and Herzegovina) is a textile conservator and museum advisor specializing in the preservation of textile artifacts. She completed her primary and secondary education in Sarajevo. She holds a Master\u2019s degree in Textile Technology and Engineering from the Faculty of Textile Technology, University of Zagreb, Croatia, and completed postgraduate studies &hellip; Find out more","og_url":"https:\/\/zemaljskimuzej.ba\/en\/about-the-national-museum-of-bosnia-and-herzegovina-2\/organisational-structure-of-the-national-museum-of-bosnia-and-herzegovina\/azra-becevic-sarenkapa-m-sc-in-textile-technology-and-engineering\/","og_site_name":"Zemaljski muzej BiH","article_publisher":"https:\/\/www.facebook.com\/zemaljskimuzej\/","article_modified_time":"2025-11-06T16:15:30+00:00","og_image":[{"width":864,"height":854,"url":"https:\/\/zemaljskimuzej.ba\/app\/uploads\/2025\/10\/Azra.jpg","type":"image\/jpeg"}],"twitter_card":"summary_large_image","twitter_site":"@Zemaljskimuzej","twitter_misc":{"Est. reading time":"2 minutes"},"schema":{"@context":"https:\/\/schema.org","@graph":[{"@type":"WebPage","@id":"https:\/\/zemaljskimuzej.ba\/en\/about-the-national-museum-of-bosnia-and-herzegovina-2\/organisational-structure-of-the-national-museum-of-bosnia-and-herzegovina\/azra-becevic-sarenkapa-m-sc-in-textile-technology-and-engineering\/","url":"https:\/\/zemaljskimuzej.ba\/en\/about-the-national-museum-of-bosnia-and-herzegovina-2\/organisational-structure-of-the-national-museum-of-bosnia-and-herzegovina\/azra-becevic-sarenkapa-m-sc-in-textile-technology-and-engineering\/","name":"Azra Be\u010devi\u0107-\u0160arenkapa, M.Sc. in Textile Technology and Engineering - Zemaljski muzej BiH","isPartOf":{"@id":"https:\/\/zemaljskimuzej.ba\/en\/#website"},"primaryImageOfPage":{"@id":"https:\/\/zemaljskimuzej.ba\/en\/about-the-national-museum-of-bosnia-and-herzegovina-2\/organisational-structure-of-the-national-museum-of-bosnia-and-herzegovina\/azra-becevic-sarenkapa-m-sc-in-textile-technology-and-engineering\/#primaryimage"},"image":{"@id":"https:\/\/zemaljskimuzej.ba\/en\/about-the-national-museum-of-bosnia-and-herzegovina-2\/organisational-structure-of-the-national-museum-of-bosnia-and-herzegovina\/azra-becevic-sarenkapa-m-sc-in-textile-technology-and-engineering\/#primaryimage"},"thumbnailUrl":"https:\/\/zemaljskimuzej.ba\/app\/uploads\/2025\/10\/Azra.jpg","datePublished":"2025-10-31T09:36:36+00:00","dateModified":"2025-11-06T16:15:30+00:00","breadcrumb":{"@id":"https:\/\/zemaljskimuzej.ba\/en\/about-the-national-museum-of-bosnia-and-herzegovina-2\/organisational-structure-of-the-national-museum-of-bosnia-and-herzegovina\/azra-becevic-sarenkapa-m-sc-in-textile-technology-and-engineering\/#breadcrumb"},"inLanguage":"en-US","potentialAction":[{"@type":"ReadAction","target":["https:\/\/zemaljskimuzej.ba\/en\/about-the-national-museum-of-bosnia-and-herzegovina-2\/organisational-structure-of-the-national-museum-of-bosnia-and-herzegovina\/azra-becevic-sarenkapa-m-sc-in-textile-technology-and-engineering\/"]}]},{"@type":"ImageObject","inLanguage":"en-US","@id":"https:\/\/zemaljskimuzej.ba\/en\/about-the-national-museum-of-bosnia-and-herzegovina-2\/organisational-structure-of-the-national-museum-of-bosnia-and-herzegovina\/azra-becevic-sarenkapa-m-sc-in-textile-technology-and-engineering\/#primaryimage","url":"https:\/\/zemaljskimuzej.ba\/app\/uploads\/2025\/10\/Azra.jpg","contentUrl":"https:\/\/zemaljskimuzej.ba\/app\/uploads\/2025\/10\/Azra.jpg","width":864,"height":854},{"@type":"BreadcrumbList","@id":"https:\/\/zemaljskimuzej.ba\/en\/about-the-national-museum-of-bosnia-and-herzegovina-2\/organisational-structure-of-the-national-museum-of-bosnia-and-herzegovina\/azra-becevic-sarenkapa-m-sc-in-textile-technology-and-engineering\/#breadcrumb","itemListElement":[{"@type":"ListItem","position":1,"name":"Home","item":"https:\/\/zemaljskimuzej.ba\/en\/"},{"@type":"ListItem","position":2,"name":"About","item":"https:\/\/zemaljskimuzej.ba\/en\/about-the-national-museum-of-bosnia-and-herzegovina-2\/"},{"@type":"ListItem","position":3,"name":"Organizational Structure","item":"https:\/\/zemaljskimuzej.ba\/en\/about-the-national-museum-of-bosnia-and-herzegovina-2\/organisational-structure-of-the-national-museum-of-bosnia-and-herzegovina\/"},{"@type":"ListItem","position":4,"name":"Azra Be\u010devi\u0107-\u0160arenkapa, M.Sc. in Textile Technology and Engineering"}]},{"@type":"WebSite","@id":"https:\/\/zemaljskimuzej.ba\/en\/#website","url":"https:\/\/zemaljskimuzej.ba\/en\/","name":"Zemaljski muzej BiH","description":"","publisher":{"@id":"https:\/\/zemaljskimuzej.ba\/en\/#organization"},"potentialAction":[{"@type":"SearchAction","target":{"@type":"EntryPoint","urlTemplate":"https:\/\/zemaljskimuzej.ba\/en\/?s={search_term_string}"},"query-input":{"@type":"PropertyValueSpecification","valueRequired":true,"valueName":"search_term_string"}}],"inLanguage":"en-US"},{"@type":"Organization","@id":"https:\/\/zemaljskimuzej.ba\/en\/#organization","name":"Zemaljski muzej BiH","url":"https:\/\/zemaljskimuzej.ba\/en\/","logo":{"@type":"ImageObject","inLanguage":"en-US","@id":"https:\/\/zemaljskimuzej.ba\/en\/#\/schema\/logo\/image\/","url":"https:\/\/zemaljskimuzej.ba\/app\/uploads\/2025\/08\/zmbih-logo.png","contentUrl":"https:\/\/zemaljskimuzej.ba\/app\/uploads\/2025\/08\/zmbih-logo.png","width":256,"height":256,"caption":"Zemaljski muzej BiH"},"image":{"@id":"https:\/\/zemaljskimuzej.ba\/en\/#\/schema\/logo\/image\/"},"sameAs":["https:\/\/www.facebook.com\/zemaljskimuzej\/","https:\/\/x.com\/Zemaljskimuzej","https:\/\/www.instagram.com\/zemaljskimuzej_bih\/","https:\/\/www.youtube.com\/channel\/UCK-JP1rHT4wJ7MOyVcduoIg","https:\/\/www.tiktok.com\/@zemaljskimuzejbih"]}]}},"_links":{"self":[{"href":"https:\/\/zemaljskimuzej.ba\/en\/wp-json\/wp\/v2\/pages\/29149","targetHints":{"allow":["GET"]}}],"collection":[{"href":"https:\/\/zemaljskimuzej.ba\/en\/wp-json\/wp\/v2\/pages"}],"about":[{"href":"https:\/\/zemaljskimuzej.ba\/en\/wp-json\/wp\/v2\/types\/page"}],"author":[{"embeddable":true,"href":"https:\/\/zemaljskimuzej.ba\/en\/wp-json\/wp\/v2\/users\/5"}],"replies":[{"embeddable":true,"href":"https:\/\/zemaljskimuzej.ba\/en\/wp-json\/wp\/v2\/comments?post=29149"}],"version-history":[{"count":1,"href":"https:\/\/zemaljskimuzej.ba\/en\/wp-json\/wp\/v2\/pages\/29149\/revisions"}],"predecessor-version":[{"id":29152,"href":"https:\/\/zemaljskimuzej.ba\/en\/wp-json\/wp\/v2\/pages\/29149\/revisions\/29152"}],"up":[{"embeddable":true,"href":"https:\/\/zemaljskimuzej.ba\/en\/wp-json\/wp\/v2\/pages\/27607"}],"wp:featuredmedia":[{"embeddable":true,"href":"https:\/\/zemaljskimuzej.ba\/en\/wp-json\/wp\/v2\/media\/29148"}],"wp:attachment":[{"href":"https:\/\/zemaljskimuzej.ba\/en\/wp-json\/wp\/v2\/media?parent=29149"}],"wp:term":[{"taxonomy":"section","embeddable":true,"href":"https:\/\/zemaljskimuzej.ba\/en\/wp-json\/wp\/v2\/section?post=29149"}],"curies":[{"name":"wp","href":"https:\/\/api.w.org\/{rel}","templated":true}]}}