{"id":29389,"date":"2026-03-03T13:52:27","date_gmt":"2026-03-03T12:52:27","guid":{"rendered":"https:\/\/zemaljskimuzej.ba\/?page_id=29389"},"modified":"2026-03-04T13:54:14","modified_gmt":"2026-03-04T12:54:14","slug":"the-fragrance-of-bosnian-courtyards","status":"publish","type":"page","link":"https:\/\/zemaljskimuzej.ba\/en\/departments\/natural-sciences-department\/botany-section\/the-botanical-garden\/the-fragrance-of-bosnian-courtyards\/","title":{"rendered":"The Fragrance of Bosnian Courtyards"},"content":{"rendered":"<p>In Bosnia and Herzegovina, throughout history, different styles of garden and landscape composition have emerged. A special place and significance belong to the home garden (\u0160\u0107itaroci, 1992) created during the period of Ottoman rule &#8211; the Bosnian flower courtyard. A characteristic feature of oriental-Islamic architecture within a residential building is the courtyard, which occupies a central place and, together with the garden, connects the interior and exterior space. The size of the courtyard primarily reflects the owner\u2019s wealth and its location. Most often, the courtyard encompasses the entire open space from the entrance gate to the house. Its shape is always geometrically regular, rectangular, with retaining walls built on sloped terrain. By its position and function, the courtyard represents an extension of the house and serves as a living room, where during the summer a large part of the family\u2019s daily activities takes place. Together with the garden, it represents an original approach to garden design, and its valorization and evaluation are of exceptional importance in the protection of historical green monuments in Bosnia and Herzegovina (Brguljan, 1985). The originality of the style is the result of the adaptation of Oriental-Mediterranean influences to the needs of the local population in the selection of vegetation and spatial views that are integrated and harmonized with the basic elements of nature and landscape. The overall spatial visual values \u200b\u200bare achieved by the balance of plant material and other elements of the courtyard.<\/p>\n<p>A typical Bosnian courtyard is recognizable by the specifics of its plant and architectural elements, and the relationship between house and garden. Flowers appear as a basic element (Drljevi\u0107, 1985), starting from the entrance to the courtyard and the garden all the way to the interior of the house. Decorative plants arrived in courtyards either by spontaneous introduction or by being transferred from the natural environment. Flowers &#8211; usually fragrant and brightly colored species &#8211; occupy the dominant place in the courtyard . They were planted in flower beds and in pots arranged not only throughout the courtyard but also on staircases, in attics, and in specially designated spaces in front of windows. Contrasts in the courtyard, white cobblestones (light) versus trimmed greenery (dark) or colorful sofas full of flowers, are created through color and structure. The planting of flowering species in the beds is free and asymmetrical, allowing harmonious color arrangements, mong which red stands out as the dominant color. The composition of intense flower colors, the height coordination of plants, and the interplay of light and shadow result in spatial balance and a pleasant living environment for the family.<\/p>\n<p>A specific feature of garden architecture throughout Bosnia and Herzegovina is the clear differentiation between plants cultivated in courtyards\u2014primarily decorative in function\u2014and those grown in gardens as useful plants: fruit, vegetables, spices, and medicinal herbs. The courtyard has pronounced hygienic requirements, to which the present plant species were adapted. The planting of fruit trees was generally avoided, except for selected species such as grapevines grown on pergolas, medlars, apricots, and apples. The courtyard is dominated by flowers\u2014seasonal annuals and biennials that often self-propagate by seed\u2014accounting for approximately 23.78%. Flowering perennials make up 15.24%, bringing the total share of flowering plants in the courtyard to 39.02%.<\/p>\n<p>The proportion of species intended for pot cultivation is low (about 6.09%), characterized by beautiful flower color and fragrance. During the warm part of the year, they find their place in the courtyard, but with the first frost they are brought into the house, most often placed in windows. . A characteristic of the indigenous garden style is the use of geraniums such as Pelargonium zonale, Pelargonium peltatum, and Pelargonium radula as potted plants. Climbers are also essential plant elements, particularly the grapevine (Vitis vinifera) grown on pergolas. In addition to grapevine, a distinctive feature of the traditional garden style is the presence of roses (Rosa), characteristically red in color. Other species include Ipomoea purpurea, Hedera helix, as well as members of the Vitaceae family such as Parthenocissus quinquefolia and Parthenocissus tricuspidata. Trimmed greenery appeared in courtyards during later developmental periods. In the earliest stages, ornamental shrubs were not pruned; boxwood and other evergreen shrubs grew freely. This approach is very rare today.<\/p>\n<p>The selection of species represented in the courtyard is also specific. These were mainly plants with beautifully fragrant flowers. Species with both fragrance and vividly colored blooms prevailed, emphasizing the presence of color. Moss rose (Portulaca grandiflora) grew between the cobblestones throughout the courtyard, making it resemble a natural carpet. Flowers were found in beds, scattered among the cobblestones, and in pots, used to decorate both the courtyard and the house.<\/p>\n<p>With the arrival of the Ottomans, a distinctive color palette in clothing (green, red, yellow, and white) was introduced to Bosnia and Herzegovina, influencing other spheres of life, including the selection of flower colors in ornamental plants present in the courtyard. Red was the favorite color, accompanied by yellow and white.<\/p>\n<p>As a result of the influence of the Islamic garden style, the cult of water was especially emphasized in courtyards and gardens. During Ottoman rule, water supply systems were built, enabling water distribution throughout all parts of the city. This facilitated the construction of fountains\u2014initially public, and later also in courtyards\u2014as well as decorative fountains (\u0161adrvani). The cobblestone paving was made of river pebbles of approximately the same size. Regardless of whether laid in patterns or not, cobblestones were always placed on a flat earthen base. The spaces between the stones were regularly maintained; unwanted wild species were removed by weeding, while flowers were preserved. The obligatory presence of tall white walls served to enclose the intimate family life and fulfill religious customs. The wall did not serve solely as a divider; rather, it brought closer those living behind it, providing intimacy and protecting the family both spiritually and ideologically.<\/p>\n<p>Sitting sofas are grassy areas that were located in the courtyard or garden. They represent wall-enclosed spaces covered with grass, usually situated in the shade with a pleasant view, and were used exclusively for rest. Flower sofas are intended for growing flowers in a permanent place and represent the original basic element of the courtyard in our space. They were raised above the level of the courtyard, which functioned as a communication path. Their shape was regular\u2014rectangular, circular, or hexagonal\u2014depending on their position in the courtyard. Rectangular beds were located along the courtyard or house walls, while circular and hexagonal ones occupied central positions.<\/p>\n<p>Due to rapid construction trends, many cultural and historical monuments in Bosnia and Herzegovina today are not under sufficient protection, particularly the Bosnian flower courtyard. The Bosnian flower courtyard consists of specific plant and architectural elements whose spatial interplay creates original ambiences recognizable as the traditional garden style of the Bosnian house.<\/p>\n<h2>LITERATURA<\/h2>\n<ul>\n<li>Brguljan, V. (1985) Me\u0111unarodni sistem za\u0161tite kulturnih i prirodnih dobara, Republi\u010dki zavod za za\u0161titu spomenika kulture, Zagreb \u2013 Beograd<\/li>\n<li>Begi\u0107, S. (2001) Ku\u0107a u mahali \u2013 u : Svrzina ku\u0107a, Muzej Sarajeva, Sarajevo<\/li>\n<li>Bianca, S. (1978) Polivalencija i fleksibilnost u strukturi islamskoga grada, Takvim, Sarajevo<\/li>\n<li>Bojani\u0107, D. (1990) Musale u balkanskom gradu. \u00abIslamska misao\u00bb, Godina XII br. 138, str. 38 \u2013 42.,Sarajevo<\/li>\n<li>Dedijer, J. (1991) Hercegovina: antropogeografske studije. Veselin Masle\u0161a, Sarajevo<\/li>\n<li>Drljevi\u0107, H. (1985) Bosanska cvjetna avlija. Vrtna umjetnost Jugoslavije, Zagreb: Fakultet poljoprivrednih znanosti Sveu\u010dili\u0161ta u Zagrebu \u2013 Centar za povijesne vrtove i razvoj krajine u Dubrovniku.<\/li>\n<li>Hused\u017einovi\u0107, S. (2001) Nastanak i razvoj Svrzine ku\u0107e- u: Svrzina ku\u0107a. Muzej Sarajeva, Sarajevo<\/li>\n<li>Kulenovi\u0107, M. (1976) Zelenilo u sarajevskoj \u010dar\u0161iji. \u00abHortikultura\u00bb, Godina XLIII, br. 4., str. 135-136, Split<\/li>\n<li>Hadrovi\u0107, A. (1993) Gradska ku\u0107a orijentalnog tipa u Bosni i Hercegovini. Biblioteka bosanskohercegova\u010dki korijeni 1, Avicena,\u00a0 Sarajevo<\/li>\n<li>Red\u017ei\u0107, H. (1983) Islamska umjetnost. Prva knji\u017eevna komuna, Mostar<\/li>\n<li>\u0160ami\u0107, M. (1981) Francuski putopisci u Bosni i Hercegovini u XIX stolje\u0107u (1836 \u2013 1878) i njihovi utisci o njoj. Veselin Masle\u0161a, Sarajevo<\/li>\n<li>\u0160\u0107itaroci, O. M. (1992) Hrvatska parkovna ba\u0161tina za\u0161tita i obnova, \u0160kolska knjiga, Zagreb<\/li>\n<li>\u0160ojlevski, D. (1976) Makedonski ku\u0107ni vrt kao jedan od izvora elemenata za suvremeno oblikovanje parkova (doktorska disertacija). Poljoprivredni fakultet Sveu\u010dili\u0161ta u Zagrebu, Zagreb<\/li>\n<\/ul>\n<p>&nbsp;<\/p>\n<p>&nbsp;<\/p>\n","protected":false},"excerpt":{"rendered":"<p>The courtyard is part of the cultural and historical heritage, whose original form has been endangered by the continuous development of the urban area.<\/p>\n","protected":false},"author":1,"featured_media":29423,"parent":29379,"menu_order":0,"comment_status":"closed","ping_status":"closed","template":"","meta":{"footnotes":""},"section":[],"class_list":["post-29389","page","type-page","status-publish","has-post-thumbnail","hentry"],"yoast_head":"<!-- This site is optimized with the Yoast SEO plugin v27.3 - https:\/\/yoast.com\/product\/yoast-seo-wordpress\/ -->\n<title>The Fragrance of Bosnian Courtyards - Zemaljski muzej BiH<\/title>\n<meta name=\"robots\" content=\"index, follow, max-snippet:-1, max-image-preview:large, max-video-preview:-1\" \/>\n<link rel=\"canonical\" href=\"https:\/\/zemaljskimuzej.ba\/en\/departments\/natural-sciences-department\/botany-section\/the-botanical-garden\/the-fragrance-of-bosnian-courtyards\/\" \/>\n<meta property=\"og:locale\" content=\"en_US\" \/>\n<meta property=\"og:type\" content=\"article\" \/>\n<meta property=\"og:title\" content=\"The Fragrance of Bosnian Courtyards - Zemaljski muzej BiH\" \/>\n<meta property=\"og:description\" content=\"The courtyard is part of the cultural and historical heritage, whose original form has been endangered by the continuous development of the urban area.\" \/>\n<meta property=\"og:url\" content=\"https:\/\/zemaljskimuzej.ba\/en\/departments\/natural-sciences-department\/botany-section\/the-botanical-garden\/the-fragrance-of-bosnian-courtyards\/\" \/>\n<meta property=\"og:site_name\" content=\"Zemaljski muzej BiH\" \/>\n<meta property=\"article:publisher\" content=\"https:\/\/www.facebook.com\/zemaljskimuzej\/\" \/>\n<meta property=\"article:modified_time\" content=\"2026-03-04T12:54:14+00:00\" \/>\n<meta property=\"og:image\" content=\"https:\/\/zemaljskimuzej.ba\/app\/uploads\/2025\/02\/zga_0098-hdr-panorama_0-1.jpg\" \/>\n\t<meta property=\"og:image:width\" content=\"1920\" \/>\n\t<meta property=\"og:image:height\" content=\"820\" \/>\n\t<meta property=\"og:image:type\" content=\"image\/jpeg\" \/>\n<meta name=\"twitter:card\" content=\"summary_large_image\" \/>\n<meta name=\"twitter:site\" content=\"@Zemaljskimuzej\" \/>\n<meta name=\"twitter:label1\" content=\"Est. reading time\" \/>\n\t<meta name=\"twitter:data1\" content=\"7 minutes\" \/>\n<script type=\"application\/ld+json\" class=\"yoast-schema-graph\">{\"@context\":\"https:\\\/\\\/schema.org\",\"@graph\":[{\"@type\":\"WebPage\",\"@id\":\"https:\\\/\\\/zemaljskimuzej.ba\\\/en\\\/departments\\\/natural-sciences-department\\\/botany-section\\\/the-botanical-garden\\\/the-fragrance-of-bosnian-courtyards\\\/\",\"url\":\"https:\\\/\\\/zemaljskimuzej.ba\\\/en\\\/departments\\\/natural-sciences-department\\\/botany-section\\\/the-botanical-garden\\\/the-fragrance-of-bosnian-courtyards\\\/\",\"name\":\"The Fragrance of Bosnian Courtyards - Zemaljski muzej BiH\",\"isPartOf\":{\"@id\":\"https:\\\/\\\/zemaljskimuzej.ba\\\/en\\\/#website\"},\"primaryImageOfPage\":{\"@id\":\"https:\\\/\\\/zemaljskimuzej.ba\\\/en\\\/departments\\\/natural-sciences-department\\\/botany-section\\\/the-botanical-garden\\\/the-fragrance-of-bosnian-courtyards\\\/#primaryimage\"},\"image\":{\"@id\":\"https:\\\/\\\/zemaljskimuzej.ba\\\/en\\\/departments\\\/natural-sciences-department\\\/botany-section\\\/the-botanical-garden\\\/the-fragrance-of-bosnian-courtyards\\\/#primaryimage\"},\"thumbnailUrl\":\"https:\\\/\\\/zemaljskimuzej.ba\\\/app\\\/uploads\\\/2026\\\/03\\\/bosanske-avlije.jpg\",\"datePublished\":\"2026-03-03T12:52:27+00:00\",\"dateModified\":\"2026-03-04T12:54:14+00:00\",\"breadcrumb\":{\"@id\":\"https:\\\/\\\/zemaljskimuzej.ba\\\/en\\\/departments\\\/natural-sciences-department\\\/botany-section\\\/the-botanical-garden\\\/the-fragrance-of-bosnian-courtyards\\\/#breadcrumb\"},\"inLanguage\":\"en-US\",\"potentialAction\":[{\"@type\":\"ReadAction\",\"target\":[\"https:\\\/\\\/zemaljskimuzej.ba\\\/en\\\/departments\\\/natural-sciences-department\\\/botany-section\\\/the-botanical-garden\\\/the-fragrance-of-bosnian-courtyards\\\/\"]}]},{\"@type\":\"ImageObject\",\"inLanguage\":\"en-US\",\"@id\":\"https:\\\/\\\/zemaljskimuzej.ba\\\/en\\\/departments\\\/natural-sciences-department\\\/botany-section\\\/the-botanical-garden\\\/the-fragrance-of-bosnian-courtyards\\\/#primaryimage\",\"url\":\"https:\\\/\\\/zemaljskimuzej.ba\\\/app\\\/uploads\\\/2026\\\/03\\\/bosanske-avlije.jpg\",\"contentUrl\":\"https:\\\/\\\/zemaljskimuzej.ba\\\/app\\\/uploads\\\/2026\\\/03\\\/bosanske-avlije.jpg\",\"width\":1600,\"height\":1200},{\"@type\":\"BreadcrumbList\",\"@id\":\"https:\\\/\\\/zemaljskimuzej.ba\\\/en\\\/departments\\\/natural-sciences-department\\\/botany-section\\\/the-botanical-garden\\\/the-fragrance-of-bosnian-courtyards\\\/#breadcrumb\",\"itemListElement\":[{\"@type\":\"ListItem\",\"position\":1,\"name\":\"Home\",\"item\":\"https:\\\/\\\/zemaljskimuzej.ba\\\/en\\\/\"},{\"@type\":\"ListItem\",\"position\":2,\"name\":\"Departments\",\"item\":\"https:\\\/\\\/zemaljskimuzej.ba\\\/en\\\/departments\\\/\"},{\"@type\":\"ListItem\",\"position\":3,\"name\":\"Natural Sciences Department\",\"item\":\"https:\\\/\\\/zemaljskimuzej.ba\\\/en\\\/departments\\\/natural-sciences-department\\\/\"},{\"@type\":\"ListItem\",\"position\":4,\"name\":\"Department of Botany\",\"item\":\"https:\\\/\\\/zemaljskimuzej.ba\\\/en\\\/departments\\\/natural-sciences-department\\\/botany-section\\\/\"},{\"@type\":\"ListItem\",\"position\":5,\"name\":\"The Botanical Garden\",\"item\":\"https:\\\/\\\/zemaljskimuzej.ba\\\/en\\\/departments\\\/natural-sciences-department\\\/botany-section\\\/the-botanical-garden\\\/\"},{\"@type\":\"ListItem\",\"position\":6,\"name\":\"The Fragrance of Bosnian Courtyards\"}]},{\"@type\":\"WebSite\",\"@id\":\"https:\\\/\\\/zemaljskimuzej.ba\\\/en\\\/#website\",\"url\":\"https:\\\/\\\/zemaljskimuzej.ba\\\/en\\\/\",\"name\":\"Zemaljski muzej BiH\",\"description\":\"\",\"publisher\":{\"@id\":\"https:\\\/\\\/zemaljskimuzej.ba\\\/en\\\/#organization\"},\"potentialAction\":[{\"@type\":\"SearchAction\",\"target\":{\"@type\":\"EntryPoint\",\"urlTemplate\":\"https:\\\/\\\/zemaljskimuzej.ba\\\/en\\\/?s={search_term_string}\"},\"query-input\":{\"@type\":\"PropertyValueSpecification\",\"valueRequired\":true,\"valueName\":\"search_term_string\"}}],\"inLanguage\":\"en-US\"},{\"@type\":\"Organization\",\"@id\":\"https:\\\/\\\/zemaljskimuzej.ba\\\/en\\\/#organization\",\"name\":\"Zemaljski muzej BiH\",\"url\":\"https:\\\/\\\/zemaljskimuzej.ba\\\/en\\\/\",\"logo\":{\"@type\":\"ImageObject\",\"inLanguage\":\"en-US\",\"@id\":\"https:\\\/\\\/zemaljskimuzej.ba\\\/en\\\/#\\\/schema\\\/logo\\\/image\\\/\",\"url\":\"https:\\\/\\\/zemaljskimuzej.ba\\\/app\\\/uploads\\\/2025\\\/08\\\/zmbih-logo.png\",\"contentUrl\":\"https:\\\/\\\/zemaljskimuzej.ba\\\/app\\\/uploads\\\/2025\\\/08\\\/zmbih-logo.png\",\"width\":256,\"height\":256,\"caption\":\"Zemaljski muzej BiH\"},\"image\":{\"@id\":\"https:\\\/\\\/zemaljskimuzej.ba\\\/en\\\/#\\\/schema\\\/logo\\\/image\\\/\"},\"sameAs\":[\"https:\\\/\\\/www.facebook.com\\\/zemaljskimuzej\\\/\",\"https:\\\/\\\/x.com\\\/Zemaljskimuzej\",\"https:\\\/\\\/www.instagram.com\\\/zemaljskimuzej_bih\\\/\",\"https:\\\/\\\/www.youtube.com\\\/channel\\\/UCK-JP1rHT4wJ7MOyVcduoIg\",\"https:\\\/\\\/www.tiktok.com\\\/@zemaljskimuzejbih\"]}]}<\/script>\n<!-- \/ Yoast SEO plugin. -->","yoast_head_json":{"title":"The Fragrance of Bosnian Courtyards - Zemaljski muzej BiH","robots":{"index":"index","follow":"follow","max-snippet":"max-snippet:-1","max-image-preview":"max-image-preview:large","max-video-preview":"max-video-preview:-1"},"canonical":"https:\/\/zemaljskimuzej.ba\/en\/departments\/natural-sciences-department\/botany-section\/the-botanical-garden\/the-fragrance-of-bosnian-courtyards\/","og_locale":"en_US","og_type":"article","og_title":"The Fragrance of Bosnian Courtyards - Zemaljski muzej BiH","og_description":"The courtyard is part of the cultural and historical heritage, whose original form has been endangered by the continuous development of the urban area.","og_url":"https:\/\/zemaljskimuzej.ba\/en\/departments\/natural-sciences-department\/botany-section\/the-botanical-garden\/the-fragrance-of-bosnian-courtyards\/","og_site_name":"Zemaljski muzej BiH","article_publisher":"https:\/\/www.facebook.com\/zemaljskimuzej\/","article_modified_time":"2026-03-04T12:54:14+00:00","og_image":[{"width":1920,"height":820,"url":"https:\/\/zemaljskimuzej.ba\/app\/uploads\/2025\/02\/zga_0098-hdr-panorama_0-1.jpg","type":"image\/jpeg"}],"twitter_card":"summary_large_image","twitter_site":"@Zemaljskimuzej","twitter_misc":{"Est. reading time":"7 minutes"},"schema":{"@context":"https:\/\/schema.org","@graph":[{"@type":"WebPage","@id":"https:\/\/zemaljskimuzej.ba\/en\/departments\/natural-sciences-department\/botany-section\/the-botanical-garden\/the-fragrance-of-bosnian-courtyards\/","url":"https:\/\/zemaljskimuzej.ba\/en\/departments\/natural-sciences-department\/botany-section\/the-botanical-garden\/the-fragrance-of-bosnian-courtyards\/","name":"The Fragrance of Bosnian Courtyards - Zemaljski muzej BiH","isPartOf":{"@id":"https:\/\/zemaljskimuzej.ba\/en\/#website"},"primaryImageOfPage":{"@id":"https:\/\/zemaljskimuzej.ba\/en\/departments\/natural-sciences-department\/botany-section\/the-botanical-garden\/the-fragrance-of-bosnian-courtyards\/#primaryimage"},"image":{"@id":"https:\/\/zemaljskimuzej.ba\/en\/departments\/natural-sciences-department\/botany-section\/the-botanical-garden\/the-fragrance-of-bosnian-courtyards\/#primaryimage"},"thumbnailUrl":"https:\/\/zemaljskimuzej.ba\/app\/uploads\/2026\/03\/bosanske-avlije.jpg","datePublished":"2026-03-03T12:52:27+00:00","dateModified":"2026-03-04T12:54:14+00:00","breadcrumb":{"@id":"https:\/\/zemaljskimuzej.ba\/en\/departments\/natural-sciences-department\/botany-section\/the-botanical-garden\/the-fragrance-of-bosnian-courtyards\/#breadcrumb"},"inLanguage":"en-US","potentialAction":[{"@type":"ReadAction","target":["https:\/\/zemaljskimuzej.ba\/en\/departments\/natural-sciences-department\/botany-section\/the-botanical-garden\/the-fragrance-of-bosnian-courtyards\/"]}]},{"@type":"ImageObject","inLanguage":"en-US","@id":"https:\/\/zemaljskimuzej.ba\/en\/departments\/natural-sciences-department\/botany-section\/the-botanical-garden\/the-fragrance-of-bosnian-courtyards\/#primaryimage","url":"https:\/\/zemaljskimuzej.ba\/app\/uploads\/2026\/03\/bosanske-avlije.jpg","contentUrl":"https:\/\/zemaljskimuzej.ba\/app\/uploads\/2026\/03\/bosanske-avlije.jpg","width":1600,"height":1200},{"@type":"BreadcrumbList","@id":"https:\/\/zemaljskimuzej.ba\/en\/departments\/natural-sciences-department\/botany-section\/the-botanical-garden\/the-fragrance-of-bosnian-courtyards\/#breadcrumb","itemListElement":[{"@type":"ListItem","position":1,"name":"Home","item":"https:\/\/zemaljskimuzej.ba\/en\/"},{"@type":"ListItem","position":2,"name":"Departments","item":"https:\/\/zemaljskimuzej.ba\/en\/departments\/"},{"@type":"ListItem","position":3,"name":"Natural Sciences Department","item":"https:\/\/zemaljskimuzej.ba\/en\/departments\/natural-sciences-department\/"},{"@type":"ListItem","position":4,"name":"Department of Botany","item":"https:\/\/zemaljskimuzej.ba\/en\/departments\/natural-sciences-department\/botany-section\/"},{"@type":"ListItem","position":5,"name":"The Botanical Garden","item":"https:\/\/zemaljskimuzej.ba\/en\/departments\/natural-sciences-department\/botany-section\/the-botanical-garden\/"},{"@type":"ListItem","position":6,"name":"The Fragrance of Bosnian Courtyards"}]},{"@type":"WebSite","@id":"https:\/\/zemaljskimuzej.ba\/en\/#website","url":"https:\/\/zemaljskimuzej.ba\/en\/","name":"Zemaljski muzej BiH","description":"","publisher":{"@id":"https:\/\/zemaljskimuzej.ba\/en\/#organization"},"potentialAction":[{"@type":"SearchAction","target":{"@type":"EntryPoint","urlTemplate":"https:\/\/zemaljskimuzej.ba\/en\/?s={search_term_string}"},"query-input":{"@type":"PropertyValueSpecification","valueRequired":true,"valueName":"search_term_string"}}],"inLanguage":"en-US"},{"@type":"Organization","@id":"https:\/\/zemaljskimuzej.ba\/en\/#organization","name":"Zemaljski muzej BiH","url":"https:\/\/zemaljskimuzej.ba\/en\/","logo":{"@type":"ImageObject","inLanguage":"en-US","@id":"https:\/\/zemaljskimuzej.ba\/en\/#\/schema\/logo\/image\/","url":"https:\/\/zemaljskimuzej.ba\/app\/uploads\/2025\/08\/zmbih-logo.png","contentUrl":"https:\/\/zemaljskimuzej.ba\/app\/uploads\/2025\/08\/zmbih-logo.png","width":256,"height":256,"caption":"Zemaljski muzej BiH"},"image":{"@id":"https:\/\/zemaljskimuzej.ba\/en\/#\/schema\/logo\/image\/"},"sameAs":["https:\/\/www.facebook.com\/zemaljskimuzej\/","https:\/\/x.com\/Zemaljskimuzej","https:\/\/www.instagram.com\/zemaljskimuzej_bih\/","https:\/\/www.youtube.com\/channel\/UCK-JP1rHT4wJ7MOyVcduoIg","https:\/\/www.tiktok.com\/@zemaljskimuzejbih"]}]}},"_links":{"self":[{"href":"https:\/\/zemaljskimuzej.ba\/en\/wp-json\/wp\/v2\/pages\/29389","targetHints":{"allow":["GET"]}}],"collection":[{"href":"https:\/\/zemaljskimuzej.ba\/en\/wp-json\/wp\/v2\/pages"}],"about":[{"href":"https:\/\/zemaljskimuzej.ba\/en\/wp-json\/wp\/v2\/types\/page"}],"author":[{"embeddable":true,"href":"https:\/\/zemaljskimuzej.ba\/en\/wp-json\/wp\/v2\/users\/1"}],"replies":[{"embeddable":true,"href":"https:\/\/zemaljskimuzej.ba\/en\/wp-json\/wp\/v2\/comments?post=29389"}],"version-history":[{"count":2,"href":"https:\/\/zemaljskimuzej.ba\/en\/wp-json\/wp\/v2\/pages\/29389\/revisions"}],"predecessor-version":[{"id":29418,"href":"https:\/\/zemaljskimuzej.ba\/en\/wp-json\/wp\/v2\/pages\/29389\/revisions\/29418"}],"up":[{"embeddable":true,"href":"https:\/\/zemaljskimuzej.ba\/en\/wp-json\/wp\/v2\/pages\/29379"}],"wp:featuredmedia":[{"embeddable":true,"href":"https:\/\/zemaljskimuzej.ba\/en\/wp-json\/wp\/v2\/media\/29423"}],"wp:attachment":[{"href":"https:\/\/zemaljskimuzej.ba\/en\/wp-json\/wp\/v2\/media?parent=29389"}],"wp:term":[{"taxonomy":"section","embeddable":true,"href":"https:\/\/zemaljskimuzej.ba\/en\/wp-json\/wp\/v2\/section?post=29389"}],"curies":[{"name":"wp","href":"https:\/\/api.w.org\/{rel}","templated":true}]}}